{"id":20375,"date":"2021-10-08T18:41:07","date_gmt":"2021-10-08T16:41:07","guid":{"rendered":"https:\/\/mgvpublications.com\/produkt\/riyazus-salihin-salihler-bahcesi-ithal-kagit-karton-kapak\/"},"modified":"2022-03-29T16:01:33","modified_gmt":"2022-03-29T14:01:33","slug":"riyazus-salihin-salihler-bahcesi-ithal-kagit-karton-kapak","status":"publish","type":"product","link":"https:\/\/mgvpublications.com\/de\/riyazus-salihin-salihler-bahcesi-ithal-kagit-karton-kapak\/","title":{"rendered":"Riyaz\u00fc&#8217;s Salihin &#8211; Salihler Bah\u00e7esi (\u0130thal Ka\u011f\u0131t-Karton Kapak)"},"content":{"rendered":"<p>Yay\u0131n Tarihi: 13.01.2014<br \/>ISBN: 9786055094423<br \/>Dil: T\u00dcRK\u00c7E<br \/>Sayfa Say\u0131s\u0131: 552<br \/>Cilt Tipi: Karton Kapak<br \/>Ka\u011f\u0131t Cinsi: Kitap Ka\u011f\u0131d\u0131<br \/>Boyut: 15 x 22 cm<\/p>","protected":false},"excerpt":{"rendered":"<p>Buhranl\u0131 bir \u00e7a\u011fda ya\u015f\u0131yoruz. Problemlerimizi \u00e7\u00f6zebilmek i\u00e7in en do\u011fru yolun \u0130sl\u00e2m oldu\u011funda hemfikiriz. \u0130sl\u00e2m&#8217;\u0131 en do\u011fru \u015fekilde anlaman\u0131n yolu ise okumaktan ge\u00e7er. \u0130nsana en do\u011fru yolu g\u00f6sterecek birinci kayna\u011f\u0131n Kur&#8217;an, ikinci kayna\u011f\u0131n ise Hadis oldu\u011funun bilincine vararak okumak. \u0130nsanlar\u0131n en b\u00fcy\u00fck felaketlere s\u00fcr\u00fcklendi\u011fi asr\u0131m\u0131zda cehaletin her t\u00fcrl\u00fcs\u00fcnden kurtulmak \u0130sl\u00e2m K\u00fclt\u00fcr\u00fcn\u00fcn bu ana kaynaklar\u0131na sar\u0131lmakla ancak m\u00fcmk\u00fcnd\u00fcr.<\/p>","protected":false},"featured_media":22617,"template":"","meta":{"spay_email":""},"product_cat":[174],"product_tag":[],"item":[404],"acf":[],"_links":{"self":[{"href":"https:\/\/mgvpublications.com\/de\/wp-json\/wp\/v2\/product\/20375"}],"collection":[{"href":"https:\/\/mgvpublications.com\/de\/wp-json\/wp\/v2\/product"}],"about":[{"href":"https:\/\/mgvpublications.com\/de\/wp-json\/wp\/v2\/types\/product"}],"wp:featuredmedia":[{"embeddable":true,"href":"https:\/\/mgvpublications.com\/de\/wp-json\/wp\/v2\/media\/22617"}],"wp:attachment":[{"href":"https:\/\/mgvpublications.com\/de\/wp-json\/wp\/v2\/media?parent=20375"}],"wp:term":[{"taxonomy":"product_cat","embeddable":true,"href":"https:\/\/mgvpublications.com\/de\/wp-json\/wp\/v2\/product_cat?post=20375"},{"taxonomy":"product_tag","embeddable":true,"href":"https:\/\/mgvpublications.com\/de\/wp-json\/wp\/v2\/product_tag?post=20375"},{"taxonomy":"item","embeddable":true,"href":"https:\/\/mgvpublications.com\/de\/wp-json\/wp\/v2\/item?post=20375"}],"curies":[{"name":"wp","href":"https:\/\/api.w.org\/{rel}","templated":true}]}}