{"id":20373,"date":"2021-10-08T18:41:06","date_gmt":"2021-10-08T16:41:06","guid":{"rendered":"https:\/\/mgvpublications.com\/produkt\/islam-toplumlari-tarihi-cilt-2-19-yuzyildan-gunumuze\/"},"modified":"2022-03-08T22:55:17","modified_gmt":"2022-03-08T21:55:17","slug":"islam-toplumlari-tarihi-cilt-2-19-yuzyildan-gunumuze","status":"publish","type":"product","link":"https:\/\/mgvpublications.com\/de\/islam-toplumlari-tarihi-cilt-2-19-yuzyildan-gunumuze\/","title":{"rendered":"\u0130slam Toplumlar\u0131 Tarihi Cilt: 2 19. Y\u00fczy\u0131ldan G\u00fcn\u00fcm\u00fcze"},"content":{"rendered":"<p>\u00c7evirmen: Tayfun Atay<br \/>Yay\u0131n Tarihi: 14.01.2010<br \/>ISBN: 9789750507274<br \/>Dil: T\u00dcRK\u00c7E<br \/>Sayfa Say\u0131s\u0131: 685<br \/>Cilt Tipi: Karton Kapak<br \/>Ka\u011f\u0131t Cinsi: Kitap Ka\u011f\u0131d\u0131<br \/>Boyut: 13 x 19.5 cm<\/p>","protected":false},"excerpt":{"rendered":"<p>\u0130sl\u00e2m Toplumlar\u0131 Tarihi\u2019nin ikinci cildi, 19. y\u00fczy\u0131ldan ba\u015flayarak g\u00fcn\u00fcm\u00fcze de\u011fin M\u00fcsl\u00fcmanl\u0131\u011f\u0131n farkl\u0131 \u00fclke ve b\u00f6lgelerdeki geli\u015fimini anlat\u0131yor. Lapidus, 19. y\u00fczy\u0131ldaki global \u00f6l\u00e7ekli kapitalist deveranlar\u0131n \u0130sl\u00e2m\u2019\u0131n geleneksel yap\u0131s\u0131n\u0131 geri d\u00f6n\u00fclmez bi\u00e7imde ba\u015fkala\u015ft\u0131rd\u0131\u011f\u0131n\u0131 d\u00fc\u015f\u00fcn\u00fcyor. Ulusal kimliklerin ve milliyet\u00e7ili\u011fin etkisiyle farkl\u0131la\u015fan dinin, g\u00fcn\u00fcm\u00fczde, y\u00fckselen yeni \u0130sl\u00e2m\u00ee s\u00f6ylemlerle bir kez daha bi\u00e7imlendi\u011fini de ekliyor. Lapidus, titiz ve mesafeli anlat\u0131m\u0131yla tarih ve sosyoloji ba\u011flam\u0131nda \u0130sl\u00e2m\u2019\u0131n siyas\u00ee, k\u00fclt\u00fcrel ve ekonomik olarak nas\u0131l d\u00f6n\u00fc\u015ft\u00fc\u011f\u00fcn\u00fc irdeliyor. Farkl\u0131 kimlik ve k\u00fclt\u00fcrlerin hangi g\u00fcd\u00fclerle dinle ba\u011f kurduklar\u0131n\u0131 g\u00f6sterirken, benzer ve farkl\u0131 ya\u015fanan karakteristikleri de i\u015faretliyor. Kapsaml\u0131 bir ansiklopedik d\u00f6k\u00fcm sunmakla kalm\u0131yor, din ve siyaset ili\u015fkisine dair zihin a\u00e7\u0131c\u0131 tasvirler de yap\u0131yor. \u0130sl\u00e2m Toplumlar\u0131 Tarihi, t\u00fcm d\u00fcnyada oldu\u011fu gibi dilimizde de referans kitaplardan biri olacak\u2026<\/p>","protected":false},"featured_media":20683,"template":"","meta":{"spay_email":""},"product_cat":[174],"product_tag":[],"item":[365],"acf":[],"_links":{"self":[{"href":"https:\/\/mgvpublications.com\/de\/wp-json\/wp\/v2\/product\/20373"}],"collection":[{"href":"https:\/\/mgvpublications.com\/de\/wp-json\/wp\/v2\/product"}],"about":[{"href":"https:\/\/mgvpublications.com\/de\/wp-json\/wp\/v2\/types\/product"}],"wp:featuredmedia":[{"embeddable":true,"href":"https:\/\/mgvpublications.com\/de\/wp-json\/wp\/v2\/media\/20683"}],"wp:attachment":[{"href":"https:\/\/mgvpublications.com\/de\/wp-json\/wp\/v2\/media?parent=20373"}],"wp:term":[{"taxonomy":"product_cat","embeddable":true,"href":"https:\/\/mgvpublications.com\/de\/wp-json\/wp\/v2\/product_cat?post=20373"},{"taxonomy":"product_tag","embeddable":true,"href":"https:\/\/mgvpublications.com\/de\/wp-json\/wp\/v2\/product_tag?post=20373"},{"taxonomy":"item","embeddable":true,"href":"https:\/\/mgvpublications.com\/de\/wp-json\/wp\/v2\/item?post=20373"}],"curies":[{"name":"wp","href":"https:\/\/api.w.org\/{rel}","templated":true}]}}