{"id":20371,"date":"2021-10-08T18:41:06","date_gmt":"2021-10-08T16:41:06","guid":{"rendered":"https:\/\/mgvpublications.com\/produkt\/islam-toplumlari-tarihi-cilt-1-hazreti-muhammedden-19-yuzyila\/"},"modified":"2022-03-08T22:55:17","modified_gmt":"2022-03-08T21:55:17","slug":"islam-toplumlari-tarihi-cilt-1-hazreti-muhammedden-19-yuzyila","status":"publish","type":"product","link":"https:\/\/mgvpublications.com\/de\/islam-toplumlari-tarihi-cilt-1-hazreti-muhammedden-19-yuzyila\/","title":{"rendered":"\u0130slam Toplumlar\u0131 Tarihi Cilt: 1 Hazreti Muhammed&#8217;den 19. Y\u00fczy\u0131la"},"content":{"rendered":"<p>\u00c7evirmen: Yasin Aktay<br \/>Yay\u0131n Tarihi: 27.11.2020<br \/>ISBN: 9789754709575<br \/>Dil: T\u00dcRK\u00c7E<br \/>Sayfa Say\u0131s\u0131: 783<br \/>Cilt Tipi: Karton Kapak<br \/>Ka\u011f\u0131t Cinsi: 3. Hm. Ka\u011f\u0131t<br \/>Boyut: 13.5 x 19.5 cm<\/p>","protected":false},"excerpt":{"rendered":"<p>Lapidus&#8217;un \u0130slam Toplumlar\u0131 Tarihi, \u0130slam&#8217;\u0131n ortaya \u00e7\u0131k\u0131\u015f\u0131ndan 1990&#8217;lara kadarki d\u00f6nemi, \u0130slam&#8217;\u0131n yay\u0131ld\u0131\u011f\u0131 b\u00fct\u00fcn toplumlar \u00fczerinde ve bu toplumlar\u0131n ya\u015fad\u0131klar\u0131 tarihsel, toplumsal, siyasi ve ekonomik d\u00f6n\u00fc\u015f\u00fcmlerle ele alan hacimli bir eserdir. Cambridge University Press taraf\u0131ndan iki cilt halinde haz\u0131rlanm\u0131\u015f daha kapsaml\u0131 bir aka\u015ft\u0131rman\u0131n Ira M. Lapidus taraf\u0131ndan \u00f6zenle elden ge\u00e7irilmesi sonucu yine ayn\u0131 yay\u0131nevi taraf\u0131ndan tek cilt olarak yay\u0131mlanm\u0131\u015ft\u0131r. Kitaba as\u0131l de\u011ferini veren nokta, sadece siyasi ya da ekonomik tarihi ele almamas\u0131, \u0130slam toplumlar\u0131n\u0131n toplumsal, k\u00fclt\u00fcrel, felsefi \u00fcretimlerine ve tart\u0131\u015fmalar\u0131na siyaset ya da ekonomi kadar yer vermesidir.<\/p>","protected":false},"featured_media":20682,"template":"","meta":{"spay_email":""},"product_cat":[174],"product_tag":[],"item":[365],"acf":[],"_links":{"self":[{"href":"https:\/\/mgvpublications.com\/de\/wp-json\/wp\/v2\/product\/20371"}],"collection":[{"href":"https:\/\/mgvpublications.com\/de\/wp-json\/wp\/v2\/product"}],"about":[{"href":"https:\/\/mgvpublications.com\/de\/wp-json\/wp\/v2\/types\/product"}],"wp:featuredmedia":[{"embeddable":true,"href":"https:\/\/mgvpublications.com\/de\/wp-json\/wp\/v2\/media\/20682"}],"wp:attachment":[{"href":"https:\/\/mgvpublications.com\/de\/wp-json\/wp\/v2\/media?parent=20371"}],"wp:term":[{"taxonomy":"product_cat","embeddable":true,"href":"https:\/\/mgvpublications.com\/de\/wp-json\/wp\/v2\/product_cat?post=20371"},{"taxonomy":"product_tag","embeddable":true,"href":"https:\/\/mgvpublications.com\/de\/wp-json\/wp\/v2\/product_tag?post=20371"},{"taxonomy":"item","embeddable":true,"href":"https:\/\/mgvpublications.com\/de\/wp-json\/wp\/v2\/item?post=20371"}],"curies":[{"name":"wp","href":"https:\/\/api.w.org\/{rel}","templated":true}]}}