{"id":20302,"date":"2021-07-14T17:26:59","date_gmt":"2021-07-14T15:26:59","guid":{"rendered":"https:\/\/mgvpublications.com\/?post_type=product&#038;p=20302"},"modified":"2022-03-08T22:55:17","modified_gmt":"2022-03-08T21:55:17","slug":"muslumanlarin-tarihi","status":"publish","type":"product","link":"https:\/\/mgvpublications.com\/de\/muslumanlarin-tarihi\/","title":{"rendered":"M\u00fcsl\u00fcmanlar\u0131n Tarihi"},"content":{"rendered":"<div class=\"attributes\">\n<table>\n<tbody>\n<tr>\n<td>Yay\u0131n Tarihi:<\/td>\n<td>12.11.2014<\/td>\n<\/tr>\n<tr>\n<td>ISBN:<\/td>\n<td>9789754735895<\/td>\n<\/tr>\n<tr>\n<td>Dil:<\/td>\n<td>T\u00dcRK\u00c7E<\/td>\n<\/tr>\n<tr>\n<td>Cilt Tipi:<\/td>\n<td>Karton Kapak<\/td>\n<\/tr>\n<tr>\n<td>Ka\u011f\u0131t Cinsi:<\/td>\n<td>Kitap Ka\u011f\u0131d\u0131<\/td>\n<\/tr>\n<tr>\n<td>Boyut:<\/td>\n<td>13.5 x 21 cm<\/td>\n<\/tr>\n<\/tbody>\n<\/table>\n<\/div>","protected":false},"excerpt":{"rendered":"<p>\u0130slam Tarihi \u00fczerine \u00e7al\u0131\u015fmalar\u0131yla bilinen ve 40 y\u0131l\u0131 a\u015fk\u0131nd\u0131r hem yeti\u015ftirdi\u011fi \u00f6\u011frenciler hem de yay\u0131nlad\u0131\u011f\u0131 kitaplarla onbinlerce ki\u015fi \u00fczerinde \u00f6nemli etkileri olan \u0130hsan S\u00fcreyya S\u0131rma Hoca, \u2018hayat\u0131n\u0131n eseri\u2019 mesabesinde olan \u00e7al\u0131\u015fmas\u0131n\u0131 tamamlad\u0131 ve bu de\u011ferli eser Beyan Yay\u0131nlar\u0131 taraf\u0131ndan yay\u0131na haz\u0131rlanarak okuyucular\u0131n\u0131n istifadesine sunuldu.<\/p>","protected":false},"featured_media":20303,"template":"","meta":{"spay_email":""},"product_cat":[174,170],"product_tag":[],"item":[389],"acf":[],"_links":{"self":[{"href":"https:\/\/mgvpublications.com\/de\/wp-json\/wp\/v2\/product\/20302"}],"collection":[{"href":"https:\/\/mgvpublications.com\/de\/wp-json\/wp\/v2\/product"}],"about":[{"href":"https:\/\/mgvpublications.com\/de\/wp-json\/wp\/v2\/types\/product"}],"wp:featuredmedia":[{"embeddable":true,"href":"https:\/\/mgvpublications.com\/de\/wp-json\/wp\/v2\/media\/20303"}],"wp:attachment":[{"href":"https:\/\/mgvpublications.com\/de\/wp-json\/wp\/v2\/media?parent=20302"}],"wp:term":[{"taxonomy":"product_cat","embeddable":true,"href":"https:\/\/mgvpublications.com\/de\/wp-json\/wp\/v2\/product_cat?post=20302"},{"taxonomy":"product_tag","embeddable":true,"href":"https:\/\/mgvpublications.com\/de\/wp-json\/wp\/v2\/product_tag?post=20302"},{"taxonomy":"item","embeddable":true,"href":"https:\/\/mgvpublications.com\/de\/wp-json\/wp\/v2\/item?post=20302"}],"curies":[{"name":"wp","href":"https:\/\/api.w.org\/{rel}","templated":true}]}}