{"id":20300,"date":"2021-07-14T17:13:32","date_gmt":"2021-07-14T15:13:32","guid":{"rendered":"https:\/\/mgvpublications.com\/?post_type=product&#038;p=20300"},"modified":"2022-03-08T22:55:15","modified_gmt":"2022-03-08T21:55:15","slug":"en-guzel-ornegin-en-guzel-ornekleri-sahabe-iklimi-4-cilt-sempatik-boy","status":"publish","type":"product","link":"https:\/\/mgvpublications.com\/de\/en-guzel-ornegin-en-guzel-ornekleri-sahabe-iklimi-4-cilt-sempatik-boy\/","title":{"rendered":"En G\u00fczel \u00d6rne\u011fin En G\u00fczel \u00d6rnekleri Sahabe \u0130klimi (4 Cilt) (Sempatik Boy)"},"content":{"rendered":"<table>\n<tbody>\n<tr>\n<td>Yay\u0131n Tarihi:<\/td>\n<td>05.05.2021<\/td>\n<\/tr>\n<tr>\n<td>ISBN:<\/td>\n<td>9786257274531<\/td>\n<\/tr>\n<tr>\n<td>Dil:<\/td>\n<td>T\u00dcRK\u00c7E<\/td>\n<\/tr>\n<tr>\n<td>Sayfa Say\u0131s\u0131:<\/td>\n<td>2424<\/td>\n<\/tr>\n<tr>\n<td>Cilt Tipi:<\/td>\n<td>Karton Kapak<\/td>\n<\/tr>\n<tr>\n<td>Ka\u011f\u0131t Cinsi:<\/td>\n<td>Kitap Ka\u011f\u0131d\u0131<\/td>\n<\/tr>\n<tr>\n<td>Boyut:<\/td>\n<td>11.5 x 16.5 cm<\/td>\n<\/tr>\n<\/tbody>\n<\/table>","protected":false},"excerpt":{"rendered":"<p>Muhammed Emin Y\u0131ld\u0131r\u0131m hocam\u0131z\u0131n En G\u00fczel \u00d6rne\u011fin En G\u00fczel \u00d6rnekleri serlevhas\u0131 ad\u0131 alt\u0131nda T\u00fcrkiye&#8217;deki t\u00fcm iller ve K\u0131br\u0131s ili de dahil olmak \u00fczere 82 sah\u00e2b\u00ee efendilerimizin hayat\u0131n\u0131 anlatt\u0131\u011f\u0131 bir eserden meydana gelmektedir.<\/p>\n<p>&#8211; Eserde her bir sah\u00e2b\u00ee efendilerimiz her bir il ile ili\u015fkilendirilerek hayatlar\u0131 anlat\u0131lm\u0131\u015f ve ard\u0131ndan bu proje matbu bir eser olarak yay\u0131n d\u00fcnyas\u0131na kazand\u0131r\u0131lm\u0131\u015ft\u0131r. Bu \u00e7al\u0131\u015fma toplamda 4 ciltten olu\u015fmaktad\u0131r.<\/p>","protected":false},"featured_media":20301,"template":"","meta":{"spay_email":""},"product_cat":[174],"product_tag":[],"item":[426],"acf":[],"_links":{"self":[{"href":"https:\/\/mgvpublications.com\/de\/wp-json\/wp\/v2\/product\/20300"}],"collection":[{"href":"https:\/\/mgvpublications.com\/de\/wp-json\/wp\/v2\/product"}],"about":[{"href":"https:\/\/mgvpublications.com\/de\/wp-json\/wp\/v2\/types\/product"}],"wp:featuredmedia":[{"embeddable":true,"href":"https:\/\/mgvpublications.com\/de\/wp-json\/wp\/v2\/media\/20301"}],"wp:attachment":[{"href":"https:\/\/mgvpublications.com\/de\/wp-json\/wp\/v2\/media?parent=20300"}],"wp:term":[{"taxonomy":"product_cat","embeddable":true,"href":"https:\/\/mgvpublications.com\/de\/wp-json\/wp\/v2\/product_cat?post=20300"},{"taxonomy":"product_tag","embeddable":true,"href":"https:\/\/mgvpublications.com\/de\/wp-json\/wp\/v2\/product_tag?post=20300"},{"taxonomy":"item","embeddable":true,"href":"https:\/\/mgvpublications.com\/de\/wp-json\/wp\/v2\/item?post=20300"}],"curies":[{"name":"wp","href":"https:\/\/api.w.org\/{rel}","templated":true}]}}