{"id":20129,"date":"2021-07-03T23:37:44","date_gmt":"2021-07-03T21:37:44","guid":{"rendered":"https:\/\/mgvpublications.com\/produkt\/hanimlara-ozel-gun-defteri\/"},"modified":"2022-03-08T22:55:15","modified_gmt":"2022-03-08T21:55:15","slug":"hanimlara-ozel-gun-defteri","status":"publish","type":"product","link":"https:\/\/mgvpublications.com\/de\/hanimlara-ozel-gun-defteri\/","title":{"rendered":"Han\u0131mlara \u00d6zel G\u00fcn Defteri"},"content":{"rendered":"<p>Yay\u0131n Tarihi: 15.04.2019<br \/>ISBN: 9786055271497<br \/>Dil: T\u00dcRK\u00c7E<br \/>Sayfa Say\u0131s\u0131: 265<br \/>Cilt Tipi: Karton Kapak<br \/>Ka\u011f\u0131t Cinsi: 1. Hm. Ka\u011f\u0131t<br \/>Boyut: 28 x 21 cm<\/p>","protected":false},"excerpt":{"rendered":"<p>Elinizdeki bu \u00e7al\u0131\u015fma, bir kad\u0131n\u0131n do\u011fumundan \u00f6l\u00fcm\u00fcne kadar kendisini ilgilendiren f\u0131khi mevzulardan ziyade kad\u0131nlar\u0131n mahrem konular\u0131ndan biri olan \u00f6zel hallerine dair haz\u0131rlanm\u0131\u015f bir eserdir. Bir f\u0131k\u0131h kitab\u0131 niteli\u011finde olmay\u0131p tek bir mesele \u00fczerinde \u00e7al\u0131\u015f\u0131lm\u0131\u015ft\u0131r. Hedefimiz bu \u00e7al\u0131\u015fman\u0131n; \u00dcmm\u00fc Hanifelere haz\u0131rlanan \u00dcmmetimiz&#8217;in Ebu Hanife&#8217;ye uzanan k\u00f6pr\u00fcs\u00fcnde bir bo\u015fluk doldurmas\u0131d\u0131r.<\/p>","protected":false},"featured_media":20128,"template":"","meta":{"spay_email":""},"product_cat":[174],"product_tag":[],"item":[786],"acf":[],"_links":{"self":[{"href":"https:\/\/mgvpublications.com\/de\/wp-json\/wp\/v2\/product\/20129"}],"collection":[{"href":"https:\/\/mgvpublications.com\/de\/wp-json\/wp\/v2\/product"}],"about":[{"href":"https:\/\/mgvpublications.com\/de\/wp-json\/wp\/v2\/types\/product"}],"wp:featuredmedia":[{"embeddable":true,"href":"https:\/\/mgvpublications.com\/de\/wp-json\/wp\/v2\/media\/20128"}],"wp:attachment":[{"href":"https:\/\/mgvpublications.com\/de\/wp-json\/wp\/v2\/media?parent=20129"}],"wp:term":[{"taxonomy":"product_cat","embeddable":true,"href":"https:\/\/mgvpublications.com\/de\/wp-json\/wp\/v2\/product_cat?post=20129"},{"taxonomy":"product_tag","embeddable":true,"href":"https:\/\/mgvpublications.com\/de\/wp-json\/wp\/v2\/product_tag?post=20129"},{"taxonomy":"item","embeddable":true,"href":"https:\/\/mgvpublications.com\/de\/wp-json\/wp\/v2\/item?post=20129"}],"curies":[{"name":"wp","href":"https:\/\/api.w.org\/{rel}","templated":true}]}}