{"id":20127,"date":"2021-07-03T23:37:41","date_gmt":"2021-07-03T21:37:41","guid":{"rendered":"https:\/\/mgvpublications.com\/produkt\/hanefi-hadis-usulune-giris\/"},"modified":"2022-03-08T22:55:15","modified_gmt":"2022-03-08T21:55:15","slug":"hanefi-hadis-usulune-giris","status":"publish","type":"product","link":"https:\/\/mgvpublications.com\/de\/hanefi-hadis-usulune-giris\/","title":{"rendered":"Hanefi Hadis Usul\u00fcne Giri\u015f"},"content":{"rendered":"<p>Yay\u0131n Tarihi: 19.03.2020<br \/>ISBN: 9786057850157<br \/>Dil: T\u00dcRK\u00c7E<br \/>Sayfa Say\u0131s\u0131: 384<br \/>Cilt Tipi: Karton Kapak<br \/>Ka\u011f\u0131t Cinsi: Kitap Ka\u011f\u0131d\u0131<br \/>Boyut: 13.5 x 21 cm<\/p>","protected":false},"excerpt":{"rendered":"<p>Hadis us\u00fbl\u00fc her ne kadar f\u0131k\u0131h us\u00fbl\u00fcn\u00fcn bir konusu olsa da konumu ve \u00f6nemine binaen bin y\u0131l\u0131 a\u015fk\u0131n s\u00fcredir bu dalda m\u00fcstakil eserler kaleme al\u0131nm\u0131\u015ft\u0131r. Ancak bu eserlerin \u00e7o\u011fu \u015e\u00e2fi\u00ee mezhebi esas al\u0131narak yaz\u0131lm\u0131\u015f kitaplard\u0131r. Hanef\u00ee hadis us\u00fbl\u00fc ise son d\u00f6neme kadar f\u0131k\u0131h us\u00fbl\u00fcnden ayr\u0131 ele al\u0131nmam\u0131\u015ft\u0131r. Dolay\u0131s\u0131yla bu hususta erken d\u00f6neme ait Hanef\u00ee hadis us\u00fbl\u00fc eseri bulmak m\u00fcmk\u00fcn de\u011fildir. Hatta bu konuda en derli toplu \u00e7al\u0131\u015fman\u0131n, Abd\u00fclmec\u00eed T\u00fcrkm\u00e2n\u00ee\u2019nin 170\u2019ten fazla kaynaktan istifade ederek kaleme ald\u0131\u011f\u0131 elinizdeki bu eser oldu\u011funu s\u00f6ylemek m\u00fcmk\u00fcnd\u00fcr.Yazar bu kitapta konular\u0131 Hanef\u00ee mezhebi ekseninde i\u015flese de muhaddislerin g\u00f6r\u00fc\u015flerine de b\u00fcy\u00fck oranda yer vermi\u015f ve b\u00f6ylece okuyucuya iki farkl\u0131 ak\u0131m\u0131 kar\u015f\u0131la\u015ft\u0131rabilme imk\u00e2n\u0131n\u0131 sa\u011flam\u0131\u015ft\u0131r.<\/p>","protected":false},"featured_media":20126,"template":"","meta":{"spay_email":""},"product_cat":[174],"product_tag":[],"item":[363],"acf":[],"_links":{"self":[{"href":"https:\/\/mgvpublications.com\/de\/wp-json\/wp\/v2\/product\/20127"}],"collection":[{"href":"https:\/\/mgvpublications.com\/de\/wp-json\/wp\/v2\/product"}],"about":[{"href":"https:\/\/mgvpublications.com\/de\/wp-json\/wp\/v2\/types\/product"}],"wp:featuredmedia":[{"embeddable":true,"href":"https:\/\/mgvpublications.com\/de\/wp-json\/wp\/v2\/media\/20126"}],"wp:attachment":[{"href":"https:\/\/mgvpublications.com\/de\/wp-json\/wp\/v2\/media?parent=20127"}],"wp:term":[{"taxonomy":"product_cat","embeddable":true,"href":"https:\/\/mgvpublications.com\/de\/wp-json\/wp\/v2\/product_cat?post=20127"},{"taxonomy":"product_tag","embeddable":true,"href":"https:\/\/mgvpublications.com\/de\/wp-json\/wp\/v2\/product_tag?post=20127"},{"taxonomy":"item","embeddable":true,"href":"https:\/\/mgvpublications.com\/de\/wp-json\/wp\/v2\/item?post=20127"}],"curies":[{"name":"wp","href":"https:\/\/api.w.org\/{rel}","templated":true}]}}