{"id":20119,"date":"2021-07-03T23:37:39","date_gmt":"2021-07-03T21:37:39","guid":{"rendered":"https:\/\/mgvpublications.com\/produkt\/sahabeyi-nasil-anlamaliyiz-2\/"},"modified":"2022-04-23T18:07:37","modified_gmt":"2022-04-23T16:07:37","slug":"sahabeyi-nasil-anlamaliyiz-2","status":"publish","type":"product","link":"https:\/\/mgvpublications.com\/de\/sahabeyi-nasil-anlamaliyiz-2\/","title":{"rendered":"Sahabeyi Nas\u0131l Anlamal\u0131y\u0131z?"},"content":{"rendered":"<p>Yay\u0131n Tarihi: 01.04.2010<br \/>ISBN: 9786054620050<br \/>Dil: T\u00dcRK\u00c7E<br \/>Sayfa Say\u0131s\u0131: 232<br \/>Cilt Tipi: Karton Kapak<br \/>Ka\u011f\u0131t Cinsi: Kitap Ka\u011f\u0131d\u0131<br \/>Boyut: 13.5 x 21 cm<\/p>","protected":false},"excerpt":{"rendered":"<p>Onlar,M\u00fcsl\u00fcmanl\u0131\u011f\u0131m\u0131z\u0131n aynalar\u0131d\u0131r.Vahyin olu\u015fturmak istedi\u011fi ideal insan modelinin hayal ve \u00fctopya olmayan ya\u015fanm\u0131\u015f ger\u00e7ekleridir.Allah Resul\u00fc&#8217;n\u00fcn m\u00fcbarek ellerinde yeti\u015fmi\u015f yery\u00fcz\u00fcn\u00fcn en nasipli insanlar\u0131d\u0131r.Bir insan sarraf\u0131 olan Peygamberimiz&#8217;in olu\u015fturdu\u011fu n\u00fcb\u00fcvet potas\u0131nda i\u015flenmi\u015f, madenleri ortaya \u00e7\u0131kar\u0131lm\u0131\u015f, her biri hayat\u0131n farkl\u0131 bir alan\u0131nda zirvele\u015ftirilerek abide bir \u015fahsiyet halinde getirilmi\u015f yi\u011fitlerdir.Onlar tarihin belli bir zaman diliminde ya\u015fam\u0131\u015f, belli bir mekanda varl\u0131k g\u00f6stermi\u015f, ama zaman ve mekana hapsolunmadan her \u00e7a\u011fa ve zamana seslenme kudretinde olan se\u00e7kin insanlard\u0131r.Onlar hakiki m\u00fcminler, Allah&#8217;tan raz\u0131 olmu\u015f ve O&#8217;nu raz\u0131 etmi\u015f, takvay\u0131 hayatlar\u0131n\u0131n eksenine yerle\u015ftirmi\u015f \u00f6rnek bir nesildirler.Onlar akli olgunlu\u011fu yani r\u00fc\u015fd\u00fc en g\u00fczel bir \u015fekilde elde etmi\u015f, birbirlerine kar\u015f\u0131 merhametli; inkarc\u0131lara kar\u015f\u0131 ise \u015fiddetli, ibadete ve kullu\u011fa ise sevdal\u0131 hay\u0131rl\u0131 bir toplulukturlar.Hepsinden \u00f6te, onlar; sars\u0131nt\u0131 i\u00e7erisinde olanlara sabit da\u011flar, yolunu kaybedenlere yol olan nehirler, y\u00f6nlerini yitirenlere y\u00f6n g\u00f6steren y\u0131ld\u0131zlard\u0131r.<\/p>","protected":false},"featured_media":20118,"template":"","meta":{"spay_email":""},"product_cat":[174],"product_tag":[],"item":[426],"acf":[],"_links":{"self":[{"href":"https:\/\/mgvpublications.com\/de\/wp-json\/wp\/v2\/product\/20119"}],"collection":[{"href":"https:\/\/mgvpublications.com\/de\/wp-json\/wp\/v2\/product"}],"about":[{"href":"https:\/\/mgvpublications.com\/de\/wp-json\/wp\/v2\/types\/product"}],"wp:featuredmedia":[{"embeddable":true,"href":"https:\/\/mgvpublications.com\/de\/wp-json\/wp\/v2\/media\/20118"}],"wp:attachment":[{"href":"https:\/\/mgvpublications.com\/de\/wp-json\/wp\/v2\/media?parent=20119"}],"wp:term":[{"taxonomy":"product_cat","embeddable":true,"href":"https:\/\/mgvpublications.com\/de\/wp-json\/wp\/v2\/product_cat?post=20119"},{"taxonomy":"product_tag","embeddable":true,"href":"https:\/\/mgvpublications.com\/de\/wp-json\/wp\/v2\/product_tag?post=20119"},{"taxonomy":"item","embeddable":true,"href":"https:\/\/mgvpublications.com\/de\/wp-json\/wp\/v2\/item?post=20119"}],"curies":[{"name":"wp","href":"https:\/\/api.w.org\/{rel}","templated":true}]}}