{"id":20115,"date":"2021-07-03T23:37:38","date_gmt":"2021-07-03T21:37:38","guid":{"rendered":"https:\/\/mgvpublications.com\/produkt\/efendimizi-sahabe-gibi-sevmek\/"},"modified":"2022-03-08T22:55:12","modified_gmt":"2022-03-08T21:55:12","slug":"efendimizi-sahabe-gibi-sevmek","status":"publish","type":"product","link":"https:\/\/mgvpublications.com\/de\/efendimizi-sahabe-gibi-sevmek\/","title":{"rendered":"Efendimiz&#8217;i Sahabe Gibi Sevmek"},"content":{"rendered":"<p>Yay\u0131n Tarihi: 28.02.2011<br \/>ISBN: 9786058711044<br \/>Dil: T\u00dcRK\u00c7E<br \/>Sayfa Say\u0131s\u0131: 198<br \/>Cilt Tipi: Karton Kapak<br \/>Ka\u011f\u0131t Cinsi: Kitap Ka\u011f\u0131d\u0131<br \/>Boyut: 13 x 20 cm<\/p>","protected":false},"excerpt":{"rendered":"<p>Siyer yay\u0131nlar\u0131ndan \u00f6nemli bir eser. Muhammed Emin YILDIRIM hocam\u0131z\u0131n EFEND\u0130M\u0130Z\u0130 SAHABE G\u0130B\u0130 SEVMEK eseriyle sizlerle bulu\u015fman\u0131n sevincini ya\u015f\u0131yoruz. Kitap d\u00f6rt b\u00f6l\u00fcmden olu\u015fuyor: 1. B\u00f6l\u00fcm: Efendimizi neden ve nas\u0131l sevmeliyiz? 2. B\u00f6l\u00fcm: Efendimizi Sahabe gibi sevmek 3. B\u00f6l\u00fcm: Efendimiz Sahabeyi nas\u0131l sevdi? 4. B\u00f6l\u00fcm: efendimiz \u00fcmmetini nas\u0131l sevdi? Hz. Peygamberin kendisi i\u00e7in nas\u0131l bir de\u011ferde oldu\u011funu \u00e7ok iyi bilen bir M\u00fcsl\u00fcman, Onu sevmek i\u00e7in b\u00fcy\u00fck bir gayret ortaya koyar ve sevgi iddias\u0131n\u0131 ispatlayacak i\u015fler yapman\u0131n \u0131zd\u0131rab\u0131n\u0131 \u00e7eker. B\u00f6yle bir M\u00fcsl\u00fcman i\u00e7in en b\u00fcy\u00fck ideal, g\u00f6rmeden sevdi\u011fi, \u00e2\u015f\u0131k oldu\u011fu ve sevdas\u0131 ile yand\u0131\u011f\u0131 peygamberini birg\u00fcn g\u00f6rebilmek ve Onun bizzat kendisine: Ya Resulullah! Seni \u00e7ok seviyorum diyebil\u00acmektir. Diyen yazar\u0131m\u0131z ger\u00e7ek sevgi sahibinin sevgisini isbat etmesi gerekti\u011fini vurguluyor. Sevgi kurtulu\u015ftur, seven kurtulur, ger\u00e7ek sevgi kurtar\u0131r. Kurtulma derdi olanlar ger\u00e7ek sevgi ile kurtulur. \u0130\u015fte bu eserde ger\u00e7ek sevgi nas\u0131l olur, nas\u0131l elde edilir onu \u00f6\u011freneceksiniz. Efendimize \u00fcmmet \u015ferefine nail olan bizler bu \u015ferefin g\u00f6stergesi olarak neden efendimizi sevmeliyiz? Efendimizin m\u00fcbarek ellerinde yeti\u015fen, g\u00f6\u011f\u00fcn y\u0131ld\u0131zlar\u0131 olan Sahabi efendilerimiz Efendimizi nas\u0131l sevdi? Efendimiz onlara sevgiyi, sevmeyi \u00f6\u011fretmek ad\u0131na sahabelerini nas\u0131l sevdi? Yine Efendimiz \u00fcmmetine sevgiyi ve sevmeyi \u00f6\u011fretmek ad\u0131na \u00fcmmetini nas\u0131l sevdi? Bu ve buna benzer bir \u00e7ok konuyu Asr-\u0131 Saadetten g\u00fczel tablolar\u0131 Muhammed Emin YILDIRIM hocan\u0131n g\u00fczel uslubuyla okuma f\u0131rsat\u0131n\u0131 yakalayacaks\u0131n\u0131z.<\/p>","protected":false},"featured_media":21447,"template":"","meta":{"spay_email":""},"product_cat":[174],"product_tag":[],"item":[426],"acf":[],"_links":{"self":[{"href":"https:\/\/mgvpublications.com\/de\/wp-json\/wp\/v2\/product\/20115"}],"collection":[{"href":"https:\/\/mgvpublications.com\/de\/wp-json\/wp\/v2\/product"}],"about":[{"href":"https:\/\/mgvpublications.com\/de\/wp-json\/wp\/v2\/types\/product"}],"wp:featuredmedia":[{"embeddable":true,"href":"https:\/\/mgvpublications.com\/de\/wp-json\/wp\/v2\/media\/21447"}],"wp:attachment":[{"href":"https:\/\/mgvpublications.com\/de\/wp-json\/wp\/v2\/media?parent=20115"}],"wp:term":[{"taxonomy":"product_cat","embeddable":true,"href":"https:\/\/mgvpublications.com\/de\/wp-json\/wp\/v2\/product_cat?post=20115"},{"taxonomy":"product_tag","embeddable":true,"href":"https:\/\/mgvpublications.com\/de\/wp-json\/wp\/v2\/product_tag?post=20115"},{"taxonomy":"item","embeddable":true,"href":"https:\/\/mgvpublications.com\/de\/wp-json\/wp\/v2\/item?post=20115"}],"curies":[{"name":"wp","href":"https:\/\/api.w.org\/{rel}","templated":true}]}}