{"id":20113,"date":"2021-07-03T23:37:34","date_gmt":"2021-07-03T21:37:34","guid":{"rendered":"https:\/\/mgvpublications.com\/produkt\/sair-zaman-guncesi\/"},"modified":"2022-04-03T21:40:52","modified_gmt":"2022-04-03T19:40:52","slug":"sair-zaman-guncesi","status":"publish","type":"product","link":"https:\/\/mgvpublications.com\/de\/sair-zaman-guncesi\/","title":{"rendered":"Sair Zaman G\u00fcncesi"},"content":{"rendered":"<p>Yay\u0131n Tarihi: 25.11.2020<br \/>ISBN: 9786050681055<br \/>Dil: T\u00dcRK\u00c7E<br \/>Sayfa Say\u0131s\u0131: 176<br \/>Cilt Tipi: Karton Kapak<br \/>Ka\u011f\u0131t Cinsi: Kitap Ka\u011f\u0131d\u0131<br \/>Boyut: 13.5 x 19.5 cm<\/p>","protected":false},"excerpt":{"rendered":"<p>Kelimeler bir v\u00fccudun beyni ise kavramlarda kalbidir. D\u00fc\u015f\u00fcnmek i\u00e7in, hayat\u0131 anlamland\u0131rmak i\u00e7in kelimelere ihtiya\u00e7 duyar\u0131z. Peki kulland\u0131\u011f\u0131m\u0131z kelimelerin manas\u0131na sen kadar hakimiz? E\u011fer hayat\u0131m\u0131zda yanl\u0131\u015flar b\u00fcy\u00fcyorsa, kalabal\u0131klar bir s\u00f6z\u00fcn asl\u0131ndan \u00e7ok \u015fekline hayran olmaya ba\u015flam\u0131\u015fsa, ger\u00e7ekler g\u00fcc\u00fcn\u00fc kaybediyor, yalan olan ge\u00e7er ak\u00e7e olmaya devam ediyorsa; durmak gerekmez mi? Bir karar hareket halinde al\u0131namaz der eskiler. Durmal\u0131s\u0131n. Nerede oldu\u011funa dikkat etmeli, etraf\u0131n\u0131 izlemelisin. H\u0131z ve haz \u00e7a\u011f\u0131 diyorlar bu \u00e7a\u011f i\u00e7in. H\u0131zl\u0131 olman\u0131n iyi oldu\u011funu s\u00f6yl\u00fcyorlar ya. Yalan s\u00f6yl\u00fcyorlar? \u0130htiyac\u0131m\u0131z olan \u015fey yava\u015flamak asl\u0131nda. Hamasetten uzak, ger\u00e7eklerin yak\u0131c\u0131 etkisiyle tan\u0131\u015fmak, kim oldu\u011funuzu hat\u0131rlamak, durdu\u011funuz yerin konumunu g\u00fcncellemek i\u00e7in bir f\u0131rsat bu. \u0130\u00e7ine hapsoldu\u011fumuz zindanlardan ka\u00e7man\u0131n en anlaml\u0131 yolu d\u00fc\u015f\u00fcnmektir. D\u00fc\u015f\u00fcnmeyi b\u0131rakt\u0131\u011f\u0131n\u0131zda gardiyanlar\u0131n sultan olabileceklerine ikna olman\u0131z kolayla\u015f\u0131r. Ger\u00e7eklere g\u00fcvenin. Ger\u00e7eklerin ortaya \u00e7\u0131kmaya huyunu sevin, bar\u0131\u015f\u0131n onunla. \u0130nsanca ya\u015famak o zaman m\u00fcmk\u00fcn olabilir\u2026 Bilali Y\u0131ld\u0131r\u0131m\u2019\u0131n Habe\u015fli Bilal mahlas\u0131yla yazd\u0131\u011f\u0131 denemelerden olu\u015fuyor bu kitap. Yava\u015flaman\u0131n cazibesine, kelimelerin g\u00fcc\u00fcne, kavramlar\u0131n h\u00fck\u00fcmranl\u0131\u011f\u0131na davet ediyor okuyucusunu. Sizde e\u011fer yorulduysan\u0131z, nefes almak istiyorsan\u0131z bu kitap tam size g\u00f6re\u2026<\/p>","protected":false},"featured_media":22598,"template":"","meta":{"spay_email":""},"product_cat":[168],"product_tag":[],"item":[1090],"acf":[],"_links":{"self":[{"href":"https:\/\/mgvpublications.com\/de\/wp-json\/wp\/v2\/product\/20113"}],"collection":[{"href":"https:\/\/mgvpublications.com\/de\/wp-json\/wp\/v2\/product"}],"about":[{"href":"https:\/\/mgvpublications.com\/de\/wp-json\/wp\/v2\/types\/product"}],"wp:featuredmedia":[{"embeddable":true,"href":"https:\/\/mgvpublications.com\/de\/wp-json\/wp\/v2\/media\/22598"}],"wp:attachment":[{"href":"https:\/\/mgvpublications.com\/de\/wp-json\/wp\/v2\/media?parent=20113"}],"wp:term":[{"taxonomy":"product_cat","embeddable":true,"href":"https:\/\/mgvpublications.com\/de\/wp-json\/wp\/v2\/product_cat?post=20113"},{"taxonomy":"product_tag","embeddable":true,"href":"https:\/\/mgvpublications.com\/de\/wp-json\/wp\/v2\/product_tag?post=20113"},{"taxonomy":"item","embeddable":true,"href":"https:\/\/mgvpublications.com\/de\/wp-json\/wp\/v2\/item?post=20113"}],"curies":[{"name":"wp","href":"https:\/\/api.w.org\/{rel}","templated":true}]}}