{"id":20109,"date":"2021-07-03T23:37:33","date_gmt":"2021-07-03T21:37:33","guid":{"rendered":"https:\/\/mgvpublications.com\/produkt\/uzaklarin-sarkisi\/"},"modified":"2022-03-08T22:55:12","modified_gmt":"2022-03-08T21:55:12","slug":"uzaklarin-sarkisi","status":"publish","type":"product","link":"https:\/\/mgvpublications.com\/de\/uzaklarin-sarkisi\/","title":{"rendered":"Uzaklar\u0131n \u015eark\u0131s\u0131"},"content":{"rendered":"<p>Yay\u0131n Tarihi: 15.12.2017<br \/>ISBN: 9786051418179<br \/>Dil: T\u00dcRK\u00c7E<br \/>Sayfa Say\u0131s\u0131: 400<br \/>Cilt Tipi: Karton Kapak<br \/>Ka\u011f\u0131t Cinsi: Kitap Ka\u011f\u0131d\u0131<br \/>Boyut: 13.5 x 19.5 cm<\/p>","protected":false},"excerpt":{"rendered":"<p>Papa\u011fanlar konu\u015fur, bunu biliyoruz. Ama \u201chaber\u201d verirler mi? Yahut ge\u00e7mi\u015ften konu\u015fma yetenekleri var m\u0131d\u0131r? Kars\u2019a yolculuk, B\u00fcnyamin, Besti Nine, Eyl\u00fcl, g\u00fcn\u00fcm\u00fcz\u00fcn yozla\u015fm\u0131\u015f ili\u015fkileri, psikolojik arka planlar, G\u00fclbadem, Zencefil, Hindistan, Osmanl\u0131 \u0130stanbul\u2019u, ezanlar, silahlar, Sunullah Efendi, Mevleviler, Galata, k\u0131raathaneler, F\u00fclf\u00fcl, \u015fiirler, h\u00fcz\u00fcn ve tebess\u00fcm&#8230; Gen\u00e7 bir yazar\u0131n kaleminden, epey olgun bir roman Uzaklar\u0131n \u015eark\u0131s\u0131. \u201cT\u00fbt\u00ee-i mu\u2019cize-g\u00fbyem ne desem l\u00e2f de\u011fil\/ \u00c7erh ile s\u00f6yle\u015femem \u00e2yinesi s\u00e2f de\u011fil\u201d diyen \u015fairin kadim izi ile, Kars\u2019ta kendini bulmaya \u00e7al\u0131\u015fan B\u00fcnyamin\u2019in g\u00fcndelik yolu kesi\u015firse ortaya ne \u00e7\u0131kar? Uzaklar\u0131n \u015eark\u0131s\u0131 bu sorunun yan\u0131t\u0131 olmaya talip. Roman biterken, turuncu bir ya\u011fmur ya\u011facak. Sak\u0131n \u015fa\u015f\u0131rma! \u201cHakl\u0131s\u0131n. Ruhumun i\u00e7inde usulca b\u00fcy\u00fcyen ba\u015fka bir ruh var; ben ona mukavemet g\u00f6sterdik\u00e7e etraf\u0131nda d\u00f6nmeye ba\u015fl\u0131yorum, t\u0131pk\u0131 senin gibi. Bir olmal\u0131y\u0131z. Belki birbirimize \u00e7arparak durabiliriz.\u201d<\/p>","protected":false},"featured_media":20108,"template":"","meta":{"spay_email":""},"product_cat":[168],"product_tag":[],"item":[416],"acf":[],"_links":{"self":[{"href":"https:\/\/mgvpublications.com\/de\/wp-json\/wp\/v2\/product\/20109"}],"collection":[{"href":"https:\/\/mgvpublications.com\/de\/wp-json\/wp\/v2\/product"}],"about":[{"href":"https:\/\/mgvpublications.com\/de\/wp-json\/wp\/v2\/types\/product"}],"wp:featuredmedia":[{"embeddable":true,"href":"https:\/\/mgvpublications.com\/de\/wp-json\/wp\/v2\/media\/20108"}],"wp:attachment":[{"href":"https:\/\/mgvpublications.com\/de\/wp-json\/wp\/v2\/media?parent=20109"}],"wp:term":[{"taxonomy":"product_cat","embeddable":true,"href":"https:\/\/mgvpublications.com\/de\/wp-json\/wp\/v2\/product_cat?post=20109"},{"taxonomy":"product_tag","embeddable":true,"href":"https:\/\/mgvpublications.com\/de\/wp-json\/wp\/v2\/product_tag?post=20109"},{"taxonomy":"item","embeddable":true,"href":"https:\/\/mgvpublications.com\/de\/wp-json\/wp\/v2\/item?post=20109"}],"curies":[{"name":"wp","href":"https:\/\/api.w.org\/{rel}","templated":true}]}}