{"id":20103,"date":"2021-07-03T23:37:32","date_gmt":"2021-07-03T21:37:32","guid":{"rendered":"https:\/\/mgvpublications.com\/produkt\/leyla-ile-mecnun\/"},"modified":"2022-03-08T22:55:11","modified_gmt":"2022-03-08T21:55:11","slug":"leyla-ile-mecnun","status":"publish","type":"product","link":"https:\/\/mgvpublications.com\/de\/leyla-ile-mecnun\/","title":{"rendered":"Leyla ile Mecnun"},"content":{"rendered":"<p>\u00c7evirmen: Prof. Dr. Mehmet Kanar<br \/>Yay\u0131n Tarihi: 09.04.2018<br \/>ISBN: 9786050200829<br \/>Dil: T\u00dcRK\u00c7E<br \/>Sayfa Say\u0131s\u0131: 80<br \/>Cilt Tipi: Karton Kapak<br \/>Ka\u011f\u0131t Cinsi: Kitap Ka\u011f\u0131d\u0131<br \/>Boyut: 13.5 x 19.5 cm<\/p>","protected":false},"excerpt":{"rendered":"<p>A\u015fk denilince akla ilk gelen, t\u00fcrl\u00fc kitaplara, filmlere konu olan Leyla ile Mecnun mesnevisi, edebiyat\u0131m\u0131z\u0131n en lirik \u015fairi Fuzul\u00ee\u2019nin \u015faheseri olmas\u0131n\u0131n yan\u0131 s\u0131ra en b\u00fcy\u00fck a\u015fk mesnevilerinden de birisidir. Sevgiliye kavu\u015famamakla in\u015fa olan bu a\u015fk, d\u00fcnyevi a\u015fk\u0131 tarif eder gibi g\u00f6r\u00fcnse de tasavvufi \u00f6\u011felerden beslenerek sonunda Tanr\u0131 a\u015fk\u0131na ula\u015fmaya var\u0131r ve vahdet-i v\u00fccud inanc\u0131n\u0131 (varl\u0131\u011f\u0131n birli\u011fi) ortaya koyar. Di\u011fer a\u015fk mesnevilerinin \u00e7o\u011funun aksine sevgililer kavu\u015famazlar ve \u00f6l\u00fcm bu a\u015fk\u0131n tamam\u0131na erdi\u011fi yer olur.<\/p>","protected":false},"featured_media":20102,"template":"","meta":{"spay_email":""},"product_cat":[168],"product_tag":[],"item":[726],"acf":[],"_links":{"self":[{"href":"https:\/\/mgvpublications.com\/de\/wp-json\/wp\/v2\/product\/20103"}],"collection":[{"href":"https:\/\/mgvpublications.com\/de\/wp-json\/wp\/v2\/product"}],"about":[{"href":"https:\/\/mgvpublications.com\/de\/wp-json\/wp\/v2\/types\/product"}],"wp:featuredmedia":[{"embeddable":true,"href":"https:\/\/mgvpublications.com\/de\/wp-json\/wp\/v2\/media\/20102"}],"wp:attachment":[{"href":"https:\/\/mgvpublications.com\/de\/wp-json\/wp\/v2\/media?parent=20103"}],"wp:term":[{"taxonomy":"product_cat","embeddable":true,"href":"https:\/\/mgvpublications.com\/de\/wp-json\/wp\/v2\/product_cat?post=20103"},{"taxonomy":"product_tag","embeddable":true,"href":"https:\/\/mgvpublications.com\/de\/wp-json\/wp\/v2\/product_tag?post=20103"},{"taxonomy":"item","embeddable":true,"href":"https:\/\/mgvpublications.com\/de\/wp-json\/wp\/v2\/item?post=20103"}],"curies":[{"name":"wp","href":"https:\/\/api.w.org\/{rel}","templated":true}]}}