{"id":20101,"date":"2021-07-03T23:37:32","date_gmt":"2021-07-03T21:37:32","guid":{"rendered":"https:\/\/mgvpublications.com\/produkt\/modern-ortadogu-tarihi\/"},"modified":"2022-10-30T10:29:28","modified_gmt":"2022-10-30T09:29:28","slug":"modern-ortadogu-tarihi","status":"publish","type":"product","link":"https:\/\/mgvpublications.com\/de\/modern-ortadogu-tarihi\/","title":{"rendered":"Modern Ortado\u011fu Tarihi"},"content":{"rendered":"<p>\u00c7evirmen: Mehmet Harmanc\u0131<br \/>\nYay\u0131n Tarihi: 02.06.2008<br \/>\nISBN: 9786051030043<br \/>\nDil: T\u00dcRK\u00c7E<br \/>\nSayfa Say\u0131s\u0131: 656<br \/>\nCilt Tipi: Karton Kapak<br \/>\nKa\u011f\u0131t Cinsi: Kitap Ka\u011f\u0131d\u0131<br \/>\nBoyut: 15 x 23 cm<\/p>","protected":false},"excerpt":{"rendered":"<p>Alan\u0131n\u0131n ba\u015fl\u0131ca referans \u00e7al\u0131\u015fmalar\u0131ndan biri olan \u201cModern Ortado\u011fu Tarihi\u201d, yazar\u0131n\u0131n \u00f6ncelikle \u00f6\u011frencileri ve bu konuda daha \u00f6nce ayr\u0131nt\u0131l\u0131 bilgi sahibi olmayan genel okurlar\u0131 g\u00f6zeterek hat\u0131rlad\u0131\u011f\u0131 yetkin bir tarih \u00e7al\u0131\u015fmas\u0131d\u0131r. Cleveland bu do\u011frultuda, okuru 7. y\u00fczy\u0131lda \u0130slamiyet\u2019in do\u011fu\u015fuyla geli\u015fen ser\u00fcveniyle tan\u0131\u015ft\u0131rd\u0131ktan sonra, son iki y\u00fczy\u0131l\u0131n derin ve genellikle dramatik nitelikteki d\u00f6n\u00fc\u015f\u00fcmlerine odaklan\u0131r. Siyasal tarih ekseninde bir \u00e7er\u00e7eve olu\u015fturduktan sonra da, geni\u015f bir yelpazede ortaya koydu\u011fu toplumsal, k\u00fclt\u00fcrel ve ekonomik geli\u015fmeleri, b\u00fct\u00fcn Ortado\u011fu hik\u00e2yesinde birle\u015ftiren tek bir anlat\u0131da yo\u011funla\u015ft\u0131r\u0131r. (Ayr\u0131ca bu \u00e7eviriye esas al\u0131nan \u00f6zg\u00fcn kitab\u0131n \u00fc\u00e7\u00fcnc\u00fc bas\u0131m\u0131na, 11 Eyl\u00fcl\u2019deki El-Kaide sald\u0131r\u0131lar\u0131yla ABD\u2019nin Irak i\u015fgalinin ilk a\u015famalar\u0131n\u0131n -uzman bir tarih\u00e7i perspektifiyle- ele\u015ftirel g\u00f6zle de\u011ferlendirilmesinin yer ald\u0131\u011f\u0131 bir sons\u00f6z b\u00f6l\u00fcm\u00fc eklenmi\u015ftir.) Dolay\u0131s\u0131yla William L. Cleveland\u2019\u0131n tarih disiplininin k\u00f6\u015fe ta\u015flar\u0131ndan birini olu\u015fturan bu devasa \u00e7al\u0131\u015fmas\u0131, Osmanl\u0131 \u0130mparatorlu\u011fu\u2019nda ve M\u0131s\u0131r\u2019da ger\u00e7ekle\u015ftirilen reformlardan Bat\u0131 emperyalizminin egemenli\u011fine, \u0130ran Devrimi\u2019ne ve K\u00f6rfez Sava\u015f\u0131\u2019na uzanan Ortado\u011fu\u2019nun modern tarihine kapsaml\u0131 bir bak\u0131\u015ft\u0131r.<\/p>","protected":false},"featured_media":20814,"template":"","meta":{"spay_email":""},"product_cat":[170],"product_tag":[],"item":[1788],"acf":[],"_links":{"self":[{"href":"https:\/\/mgvpublications.com\/de\/wp-json\/wp\/v2\/product\/20101"}],"collection":[{"href":"https:\/\/mgvpublications.com\/de\/wp-json\/wp\/v2\/product"}],"about":[{"href":"https:\/\/mgvpublications.com\/de\/wp-json\/wp\/v2\/types\/product"}],"wp:featuredmedia":[{"embeddable":true,"href":"https:\/\/mgvpublications.com\/de\/wp-json\/wp\/v2\/media\/20814"}],"wp:attachment":[{"href":"https:\/\/mgvpublications.com\/de\/wp-json\/wp\/v2\/media?parent=20101"}],"wp:term":[{"taxonomy":"product_cat","embeddable":true,"href":"https:\/\/mgvpublications.com\/de\/wp-json\/wp\/v2\/product_cat?post=20101"},{"taxonomy":"product_tag","embeddable":true,"href":"https:\/\/mgvpublications.com\/de\/wp-json\/wp\/v2\/product_tag?post=20101"},{"taxonomy":"item","embeddable":true,"href":"https:\/\/mgvpublications.com\/de\/wp-json\/wp\/v2\/item?post=20101"}],"curies":[{"name":"wp","href":"https:\/\/api.w.org\/{rel}","templated":true}]}}