{"id":20097,"date":"2021-07-03T23:37:31","date_gmt":"2021-07-03T21:37:31","guid":{"rendered":"https:\/\/mgvpublications.com\/produkt\/kudusun-tarihi-bir-sehir-uc-semavi-din\/"},"modified":"2022-03-08T22:55:11","modified_gmt":"2022-03-08T21:55:11","slug":"kudusun-tarihi-bir-sehir-uc-semavi-din","status":"publish","type":"product","link":"https:\/\/mgvpublications.com\/de\/kudusun-tarihi-bir-sehir-uc-semavi-din\/","title":{"rendered":"Kud\u00fcs&#8217;\u00fcn Tarihi: Bir \u015eehir \u00dc\u00e7 Semavi Din"},"content":{"rendered":"<p>\u00c7evirmen: \u0130rem Sa\u011flamer<br \/>Yay\u0131n Tarihi: 03.06.2021<br \/>Orijinal Ad\u0131: Jerusalem: One City<br \/>ISBN: 9786254100314<br \/>Dil: T\u00dcRK\u00c7E<br \/>Sayfa Say\u0131s\u0131: 608<br \/>Cilt Tipi: Karton Kapak<br \/>Ka\u011f\u0131t Cinsi: Kitap Ka\u011f\u0131d\u0131<br \/>Boyut: 13.5 x 21 cm<\/p>","protected":false},"excerpt":{"rendered":"<p>\u00dc\u00e7 din taraf\u0131ndan da binlerce y\u0131ld\u0131r kutsal olarak g\u00f6r\u00fclen, \u00e7at\u0131\u015fmalarla b\u00f6l\u00fcnen, fethedilen, yeniden in\u015fa edilen ve defalarca yas\u0131 tutulan Kud\u00fcs, kendi kutsall\u0131\u011f\u0131n\u0131n trajedisiyle sars\u0131lm\u0131\u015ft\u0131r. Bu ufuk a\u00e7\u0131c\u0131 kitapta, Tanr\u0131\u2019n\u0131n Tarihi\u2019nin yazar\u0131 Karen Armstrong M\u00fcsl\u00fcmanlar, Hristiyanlar ve Yahudilerin bu \u015fehri nas\u0131l benimsedi\u011fini ve bu \u00fc\u00e7 farkl\u0131 kutsall\u0131k anlay\u0131\u015f\u0131n\u0131n bu \u015fehri binlerce y\u0131ld\u0131r nas\u0131l yaralad\u0131\u011f\u0131n\u0131 anlat\u0131yor. Armstrong, ruhani ve siyasi geli\u015fmeleri \u015fa\u015f\u0131rt\u0131c\u0131 ayr\u0131nt\u0131lar\u0131yla a\u00e7\u0131kl\u0131yor: Hz. Davut\u2019un ba\u015fkentinden Roma \u0130mparatorlu\u011fu\u2019nun bir eyaletine, Hz. \u0130sa\u2019n\u0131n kutsad\u0131\u011f\u0131 kozmopolit \u015fehirden M\u00fcsl\u00fcmanlar\u0131n fethedip taltif etti\u011fi kente, Avrupal\u0131 ha\u00e7l\u0131lar\u0131n \u00f6d\u00fcl\u00fcnden g\u00fcn\u00fcm\u00fczdeki Arap-\u0130srail \u00e7at\u0131\u015fmas\u0131n\u0131n mermi delikleriyle bezenmi\u015f sembol\u00fcne. M\u00fcthi\u015f bir ak\u0131c\u0131l\u0131k ve berrakl\u0131kla yaz\u0131lm\u0131\u015f bu anlat\u0131, y\u0131llarca s\u00fcren hummal\u0131 bir ara\u015ft\u0131rman\u0131n \u00fcr\u00fcn\u00fc. Kud\u00fcs, sadece tarihi de\u011fil inan\u00e7lar\u0131 ve tinselli\u011fi de anlatarak y\u0131llara meydan okuyan bir kitap. \u201c\u00c7ok zengin bir bilgi kayna\u011f\u0131\u2026 Armstrong\u2019un y\u0131llar i\u00e7indeki ad\u0131m ad\u0131m gezintisi bize dinsel kararlar\u0131n ve siyasal ko\u015fullar\u0131n kenti bir dinden di\u011ferinin h\u00e2kimiyetine nas\u0131l ge\u00e7irdi\u011fini g\u00f6steriyor.\u201d Time \u201c\u00dc\u00e7 bin y\u0131ld\u0131r M\u00fcsl\u00fcmanlar\u0131n, Hristiyanlar\u0131n ve Yahudilerin g\u00f6z\u00fcnde kutsal bir kent olan Kud\u00fcs\u2019\u00fcn kapsaml\u0131, etkileyici ve kolay okunur tarihi.\u201d The Denver Post \u201cArmstrong\u2019un y\u00fcksek, g\u00fcvenilir sesi ilgimizi \u00e7ekiyor \u00e7\u00fcnk\u00fc y\u00fczy\u0131llar boyunca sakinlerinin, fatihlerinin ve propagandac\u0131lar\u0131n kente y\u00fckledi\u011fi tinsel deneyimi ciddiye al\u0131yor.\u201d San Francisco Chronicle \u201cArmstrong\u2019un geni\u015f kapsaml\u0131, bol resimli anlat\u0131s\u0131 ba\u015fka kitaplarda \u00e7ok az bulunan toplumsal ve siyasal ko\u015fullarla ilgili bilgiler i\u00e7eriyor.\u201d Publishers Weekly \u201cMuhte\u015fem\u2026 Ayaklar\u0131 yere basan ve sab\u0131rl\u0131 bir anlat\u0131\u2026 B\u00fct\u00fcn M\u00fcsl\u00fcmanlar\u0131n, Hristiyanlar\u0131n ve Yahudilerin okumas\u0131 laz\u0131m.\u201d The Washington Post \u201cD\u00fcnya \u00fczerindeki dinsel anlamda en \u00f6nemli \u015fehrin yaz\u0131lm\u0131\u015f en ciddi ve okunakl\u0131 tarihi.\u201d The Baltimore Sun<\/p>","protected":false},"featured_media":20096,"template":"","meta":{"spay_email":""},"product_cat":[174],"product_tag":[],"item":[813],"acf":[],"_links":{"self":[{"href":"https:\/\/mgvpublications.com\/de\/wp-json\/wp\/v2\/product\/20097"}],"collection":[{"href":"https:\/\/mgvpublications.com\/de\/wp-json\/wp\/v2\/product"}],"about":[{"href":"https:\/\/mgvpublications.com\/de\/wp-json\/wp\/v2\/types\/product"}],"wp:featuredmedia":[{"embeddable":true,"href":"https:\/\/mgvpublications.com\/de\/wp-json\/wp\/v2\/media\/20096"}],"wp:attachment":[{"href":"https:\/\/mgvpublications.com\/de\/wp-json\/wp\/v2\/media?parent=20097"}],"wp:term":[{"taxonomy":"product_cat","embeddable":true,"href":"https:\/\/mgvpublications.com\/de\/wp-json\/wp\/v2\/product_cat?post=20097"},{"taxonomy":"product_tag","embeddable":true,"href":"https:\/\/mgvpublications.com\/de\/wp-json\/wp\/v2\/product_tag?post=20097"},{"taxonomy":"item","embeddable":true,"href":"https:\/\/mgvpublications.com\/de\/wp-json\/wp\/v2\/item?post=20097"}],"curies":[{"name":"wp","href":"https:\/\/api.w.org\/{rel}","templated":true}]}}