{"id":20091,"date":"2021-07-03T23:37:27","date_gmt":"2021-07-03T21:37:27","guid":{"rendered":"https:\/\/mgvpublications.com\/produkt\/sahabe-ve-deger-sahabenin-faziletine-mutedil-bir-yaklasim\/"},"modified":"2022-03-08T22:55:09","modified_gmt":"2022-03-08T21:55:09","slug":"sahabe-ve-deger-sahabenin-faziletine-mutedil-bir-yaklasim","status":"publish","type":"product","link":"https:\/\/mgvpublications.com\/de\/sahabe-ve-deger-sahabenin-faziletine-mutedil-bir-yaklasim\/","title":{"rendered":"Sahabe ve De\u011fer Sahabenin Faziletine Mutedil Bir Yakla\u015f\u0131m"},"content":{"rendered":"<p>Yay\u0131n Tarihi: 01.06.2021<br \/>ISBN: 9786257274661<br \/>Dil: T\u00dcRK\u00c7E<br \/>Sayfa Say\u0131s\u0131: 408<br \/>Cilt Tipi: Karton Kapak<br \/>Ka\u011f\u0131t Cinsi: Kitap Ka\u011f\u0131d\u0131<br \/>Boyut: 13.5 x 21 cm<\/p>","protected":false},"excerpt":{"rendered":"<p>Sah\u00e2be Res\u00fblullah\u2019\u0131n (sas) yak\u0131n arkada\u015flar\u0131 olma, vahyin sebeb-i n\u00fcz\u00fbl\u00fcne, hadislerin sebeb-i v\u00fcruduna \u015fahitlik etmeleri, Arap diline vak\u0131f olmalar\u0131 ve dini sonraki nesillere aktarmalar\u0131 gibi m\u00fcmtaz hasletleri ta\u015f\u0131d\u0131klar\u0131 i\u00e7in M\u00fcsl\u00fcmanlar nazar\u0131nda erken d\u00f6nemden itibaren ilginin merkezinde bulunmakta ve bunun k\u0131yamete kadar devam edece\u011fi de anla\u015f\u0131lmaktad\u0131r. Tarih\u00ee s\u00fcre\u00e7te siyas\u00ee rekabet ve itikad\u00ee tart\u0131\u015fmalara ba\u011fl\u0131 olarak olu\u015fan farkl\u0131 anlay\u0131\u015flar, ash\u00e2ba g\u00f6sterilen bu ra\u011fbet sebebiyle onlar hakk\u0131nda yapt\u0131klar\u0131 yorum ve de\u011ferlendirmelerde baz\u0131 ifrata ve tefrite ka\u00e7t\u0131klar\u0131 g\u00f6r\u00fclmektedir. Sah\u00e2be hakk\u0131nda olumlu veya olumsuz yakla\u015f\u0131m sergileme etki ve tepki sonucuna ba\u011fl\u0131 olarak yap\u0131ld\u0131\u011f\u0131nda baz\u0131 a\u015f\u0131r\u0131l\u0131klar\u0131n g\u00f6r\u00fclmesi m\u00fcmk\u00fcnd\u00fcr. Bundan dolay\u0131 ash\u00e2ba dair \u00e2yet ve hadislerin incelenmesi, Hz. Peygamber-sah\u00e2be ili\u015fkisinin ara\u015ft\u0131r\u0131lmas\u0131, sah\u00e2be-t\u00e2bi\u00een aras\u0131ndaki m\u00fcnasebetin boyutu tespit edildi\u011finde; ash\u00e2b\u0131n de\u011feri ve fazileti hakk\u0131nda daha isabetli bir tahlil yapma imk\u00e2n\u0131 yakalanacakt\u0131r. Bu y\u00fczden sah\u00e2benin de\u011feri ve fazileti hakk\u0131nda \u00e7ok farkl\u0131 g\u00f6r\u00fc\u015f ve iddialar g\u00f6z \u00f6n\u00fcnde bulunduruldu\u011funda; elinizdeki bu \u00e7al\u0131\u015fman\u0131n mutedil yakla\u015f\u0131m\u0131 yans\u0131tan bir eser niteli\u011fi ta\u015f\u0131d\u0131\u011f\u0131 g\u00f6r\u00fclecektir.<\/p>","protected":false},"featured_media":22475,"template":"","meta":{"spay_email":""},"product_cat":[174],"product_tag":[],"item":[426],"acf":[],"_links":{"self":[{"href":"https:\/\/mgvpublications.com\/de\/wp-json\/wp\/v2\/product\/20091"}],"collection":[{"href":"https:\/\/mgvpublications.com\/de\/wp-json\/wp\/v2\/product"}],"about":[{"href":"https:\/\/mgvpublications.com\/de\/wp-json\/wp\/v2\/types\/product"}],"wp:featuredmedia":[{"embeddable":true,"href":"https:\/\/mgvpublications.com\/de\/wp-json\/wp\/v2\/media\/22475"}],"wp:attachment":[{"href":"https:\/\/mgvpublications.com\/de\/wp-json\/wp\/v2\/media?parent=20091"}],"wp:term":[{"taxonomy":"product_cat","embeddable":true,"href":"https:\/\/mgvpublications.com\/de\/wp-json\/wp\/v2\/product_cat?post=20091"},{"taxonomy":"product_tag","embeddable":true,"href":"https:\/\/mgvpublications.com\/de\/wp-json\/wp\/v2\/product_tag?post=20091"},{"taxonomy":"item","embeddable":true,"href":"https:\/\/mgvpublications.com\/de\/wp-json\/wp\/v2\/item?post=20091"}],"curies":[{"name":"wp","href":"https:\/\/api.w.org\/{rel}","templated":true}]}}