{"id":20089,"date":"2021-07-03T23:37:26","date_gmt":"2021-07-03T21:37:26","guid":{"rendered":"https:\/\/mgvpublications.com\/produkt\/peygamberimizin-bir-gunu\/"},"modified":"2022-03-08T22:55:09","modified_gmt":"2022-03-08T21:55:09","slug":"peygamberimizin-bir-gunu","status":"publish","type":"product","link":"https:\/\/mgvpublications.com\/de\/peygamberimizin-bir-gunu\/","title":{"rendered":"Peygamberimizin Bir G\u00fcn\u00fc"},"content":{"rendered":"<p>\u00c7evirmen: \u0130rfan \u0130lhan<br \/>Yay\u0131n Tarihi: 29.04.2021<br \/>ISBN: 9786057047106<br \/>Dil: T\u00dcRK\u00c7E<br \/>Sayfa Say\u0131s\u0131: 188<br \/>Cilt Tipi: Karton Kapak<br \/>Ka\u011f\u0131t Cinsi: Kitap Ka\u011f\u0131d\u0131<br \/>Boyut: 13.5 x 21 cm<\/p>","protected":false},"excerpt":{"rendered":"<p>Vahyin indi\u011fi g\u00fcnlerin Medine&#8217;sinde, Allah Res\u00fbl\u00fc&#8217;n\u00fcn yak\u0131n\u0131nda hatta ki\u015fisel ve \u00f6zel hayat\u0131n\u0131n ayr\u0131nt\u0131lar\u0131na \u015fahit olacak kadar yan\u0131 ba\u015f\u0131nda bulunabilsek neler g\u00f6r\u00fcrd\u00fck? Peygamberimizin Bir G\u00fcn\u00fc, okuru Allah Res\u00fbl\u00fc&#8217;n\u00fcn sosyal ili\u015fkilerinden kendi evindeki al\u0131\u015fkanl\u0131klar\u0131na, anl\u0131k tepkilerinden ibadet rutinlerine ve daha bir\u00e7ok ba\u015fl\u0131kta hem insan\u00ee hem nebev\u00ee kimli\u011finin pratiklerine uzanan bir yolculu\u011fa \u00e7\u0131kar\u0131yor. Yazar sundu\u011fu bilgileri g\u00fc\u00e7l\u00fc bir arkaplan ve k\u00fct\u00fcphaneyle destekleyerek 24 saatin her dakikas\u0131na mercek tutuyor. S\u00fcnnet-i seniyye ve hadis ilimleri \u00fczerine eserleriyle bilinen Abd\u00fclvehh\u00e2b et-Tar\u00eer\u00ee&#8217;den i\u00e7inizi \u0131s\u0131tacak anlat\u0131m\u0131 ve i\u00e7ten \u00fcslubuyla farkl\u0131 bir siyer \u00e7al\u0131\u015fmas\u0131.<\/p>","protected":false},"featured_media":20088,"template":"","meta":{"spay_email":""},"product_cat":[174],"product_tag":[],"item":[1751],"acf":[],"_links":{"self":[{"href":"https:\/\/mgvpublications.com\/de\/wp-json\/wp\/v2\/product\/20089"}],"collection":[{"href":"https:\/\/mgvpublications.com\/de\/wp-json\/wp\/v2\/product"}],"about":[{"href":"https:\/\/mgvpublications.com\/de\/wp-json\/wp\/v2\/types\/product"}],"wp:featuredmedia":[{"embeddable":true,"href":"https:\/\/mgvpublications.com\/de\/wp-json\/wp\/v2\/media\/20088"}],"wp:attachment":[{"href":"https:\/\/mgvpublications.com\/de\/wp-json\/wp\/v2\/media?parent=20089"}],"wp:term":[{"taxonomy":"product_cat","embeddable":true,"href":"https:\/\/mgvpublications.com\/de\/wp-json\/wp\/v2\/product_cat?post=20089"},{"taxonomy":"product_tag","embeddable":true,"href":"https:\/\/mgvpublications.com\/de\/wp-json\/wp\/v2\/product_tag?post=20089"},{"taxonomy":"item","embeddable":true,"href":"https:\/\/mgvpublications.com\/de\/wp-json\/wp\/v2\/item?post=20089"}],"curies":[{"name":"wp","href":"https:\/\/api.w.org\/{rel}","templated":true}]}}