{"id":20083,"date":"2021-07-03T23:37:25","date_gmt":"2021-07-03T21:37:25","guid":{"rendered":"https:\/\/mgvpublications.com\/produkt\/kara-panter\/"},"modified":"2022-03-08T22:55:08","modified_gmt":"2022-03-08T21:55:08","slug":"kara-panter","status":"publish","type":"product","link":"https:\/\/mgvpublications.com\/de\/kara-panter\/","title":{"rendered":"Kara Panter"},"content":{"rendered":"<p>Yay\u0131n Tarihi: 09.09.2020<br \/>ISBN: 9786050834352<br \/>Dil: T\u00dcRK\u00c7E<br \/>Sayfa Say\u0131s\u0131: 160<br \/>Cilt Tipi: Karton Kapak<br \/>Ka\u011f\u0131t Cinsi: Kitap Ka\u011f\u0131d\u0131<br \/>Boyut: 13.5 x 20.5 cm<\/p>","protected":false},"excerpt":{"rendered":"<p>Kondo ailesiyle birlikte bir Gine kabilesinde ya\u015fayan k\u00fc\u00e7\u00fck bir \u00e7ocuktur. Hayat\u0131na mutlu mesut devam ederken bir g\u00fcn kutsal sayd\u0131klar\u0131 &#8220;Cennet \u00c7ay\u0131r\u0131&#8221;nda bir aslan\u0131n belirmesiyle i\u015fler kar\u0131\u015f\u0131r. B\u00fct\u00fcn Gine kabilelerinin ulu lideri, Kondo&#8217;nun dedesi, Dakarai bunu gelecek felaketin ayak sesleri olarak yorumlar. Nitekim Dakarai yan\u0131lmaz ve bir grup Avrupal\u0131 kabilelerine sald\u0131rmaya ba\u015flar. Sald\u0131rganlar Frans\u0131zlard\u0131r ve Gine&#8217;yi i\u015fgalleri, halk\u0131 k\u00f6lele\u015ftirmeleri ba\u015flam\u0131\u015ft\u0131r. Tesad\u00fcf eseri i\u015fgalci askerlerden ka\u00e7abilen Kondo, abisi ve dedesi Dakarai ne yapacakt\u0131r? Peki yakalan\u0131rlarsa ne olacakt\u0131r? Ulak serisinden tan\u0131d\u0131\u011f\u0131m\u0131z Okay Tiryakio\u011flu&#8217;nun kaleminden k\u00f6lecili\u011fi, s\u00f6m\u00fcr\u00fcy\u00fc ve i\u015fgali b\u00fct\u00fcn ger\u00e7ekli\u011fiyle anlatan muhte\u015fem bir roman dizisinin ilk kitab\u0131. S\u00fcr\u00fckleyici ve kalbe dokunan kurgusuyla Okay Tiryakio\u011flu&#8217;nun \u00f6d\u00fcll\u00fc kaleminin harika birle\u015fimi.<\/p>","protected":false},"featured_media":20082,"template":"","meta":{"spay_email":""},"product_cat":[168],"product_tag":[],"item":[360],"acf":[],"_links":{"self":[{"href":"https:\/\/mgvpublications.com\/de\/wp-json\/wp\/v2\/product\/20083"}],"collection":[{"href":"https:\/\/mgvpublications.com\/de\/wp-json\/wp\/v2\/product"}],"about":[{"href":"https:\/\/mgvpublications.com\/de\/wp-json\/wp\/v2\/types\/product"}],"wp:featuredmedia":[{"embeddable":true,"href":"https:\/\/mgvpublications.com\/de\/wp-json\/wp\/v2\/media\/20082"}],"wp:attachment":[{"href":"https:\/\/mgvpublications.com\/de\/wp-json\/wp\/v2\/media?parent=20083"}],"wp:term":[{"taxonomy":"product_cat","embeddable":true,"href":"https:\/\/mgvpublications.com\/de\/wp-json\/wp\/v2\/product_cat?post=20083"},{"taxonomy":"product_tag","embeddable":true,"href":"https:\/\/mgvpublications.com\/de\/wp-json\/wp\/v2\/product_tag?post=20083"},{"taxonomy":"item","embeddable":true,"href":"https:\/\/mgvpublications.com\/de\/wp-json\/wp\/v2\/item?post=20083"}],"curies":[{"name":"wp","href":"https:\/\/api.w.org\/{rel}","templated":true}]}}