{"id":20079,"date":"2021-07-03T23:37:24","date_gmt":"2021-07-03T21:37:24","guid":{"rendered":"https:\/\/mgvpublications.com\/produkt\/bazen-olur-boyle-biraz-uzuldum-sanki\/"},"modified":"2022-06-18T16:53:20","modified_gmt":"2022-06-18T14:53:20","slug":"bazen-olur-boyle-biraz-uzuldum-sanki","status":"publish","type":"product","link":"https:\/\/mgvpublications.com\/de\/bazen-olur-boyle-biraz-uzuldum-sanki\/","title":{"rendered":"Bazen Olur B\u00f6yle Biraz \u00dcz\u00fcld\u00fcm Sanki"},"content":{"rendered":"<p>Yay\u0131n Tarihi: 05.05.2021<br \/>ISBN: 9786057018489<br \/>Dil: T\u00dcRK\u00c7E<br \/>Sayfa Say\u0131s\u0131: 24<br \/>Cilt Tipi: Karton Kapak<br \/>Ka\u011f\u0131t Cinsi: 1. Hm. Ka\u011f\u0131t<br \/>Boyut: 24 x 22 cm<br \/>\u00c7izer: Burcu G\u00fcd\u00fcc\u00fc<\/p>","protected":false},"excerpt":{"rendered":"<p>KALB\u0130NDEK\u0130 SARI BALONLA TANI\u015eMAYA HAZIR MISIN? Klinik Psikolog Mehmet Teber\u2019in kaleminden \u201csar\u0131 balon\u201d metaforu ile \u00fcz\u00fcnt\u00fc duygusuyla ilgili fark\u0131ndal\u0131k ve y\u00f6n verme hik\u00e2yesi. \u201cK\u00fc\u00e7\u00fckler \u00fcz\u00fcl\u00fcr oyuncak k\u0131r\u0131l\u0131nca, anne-babas\u0131 k\u0131z\u0131nca. B\u00fcy\u00fckler \u00fcz\u00fcl\u00fcr k\u00f6t\u00fc haber al\u0131nca, bazen tart\u0131\u015f\u0131nca. \u00dcz\u00fcl\u00fcnce a\u011fla hemen, \u00fcz\u00fcnt\u00fcn aks\u0131n g\u00f6zlerinden. Duygular\u0131n\u0131 saklama s\u00f6yle, balonun s\u00f6ner hemen b\u00f6yle.\u201d Duygular\u0131 fark etmek, kabul etmek, y\u00f6netmek zordur. Bazen olur b\u00f6yle ama bir yolu var kalbinde!<\/p>","protected":false},"featured_media":23138,"template":"","meta":{"spay_email":""},"product_cat":[172],"product_tag":[],"item":[1789],"acf":[],"_links":{"self":[{"href":"https:\/\/mgvpublications.com\/de\/wp-json\/wp\/v2\/product\/20079"}],"collection":[{"href":"https:\/\/mgvpublications.com\/de\/wp-json\/wp\/v2\/product"}],"about":[{"href":"https:\/\/mgvpublications.com\/de\/wp-json\/wp\/v2\/types\/product"}],"wp:featuredmedia":[{"embeddable":true,"href":"https:\/\/mgvpublications.com\/de\/wp-json\/wp\/v2\/media\/23138"}],"wp:attachment":[{"href":"https:\/\/mgvpublications.com\/de\/wp-json\/wp\/v2\/media?parent=20079"}],"wp:term":[{"taxonomy":"product_cat","embeddable":true,"href":"https:\/\/mgvpublications.com\/de\/wp-json\/wp\/v2\/product_cat?post=20079"},{"taxonomy":"product_tag","embeddable":true,"href":"https:\/\/mgvpublications.com\/de\/wp-json\/wp\/v2\/product_tag?post=20079"},{"taxonomy":"item","embeddable":true,"href":"https:\/\/mgvpublications.com\/de\/wp-json\/wp\/v2\/item?post=20079"}],"curies":[{"name":"wp","href":"https:\/\/api.w.org\/{rel}","templated":true}]}}