{"id":20075,"date":"2021-07-03T23:37:23","date_gmt":"2021-07-03T21:37:23","guid":{"rendered":"https:\/\/mgvpublications.com\/produkt\/bazen-olur-boyle-biraz-korktum-sanki\/"},"modified":"2022-05-31T11:29:49","modified_gmt":"2022-05-31T09:29:49","slug":"bazen-olur-boyle-biraz-korktum-sanki","status":"publish","type":"product","link":"https:\/\/mgvpublications.com\/de\/bazen-olur-boyle-biraz-korktum-sanki\/","title":{"rendered":"Bazen Olur B\u00f6yle Biraz Korktum Sanki"},"content":{"rendered":"<p>Yay\u0131n Tarihi: 05.03.2021<br \/>ISBN: 9786057018441<br \/>Dil: T\u00dcRK\u00c7E<br \/>Sayfa Say\u0131s\u0131: 24<br \/>Cilt Tipi: Karton Kapak<br \/>Ka\u011f\u0131t Cinsi: 1. Hm. Ka\u011f\u0131t<br \/>Boyut: 20 x 20.5 cm<br \/>\u00c7izer: Burcu G\u00fcd\u00fcc\u00fc<br \/>Di\u011fer \u00d6zellik: 6 Ay-5 Ya\u015f<\/p>","protected":false},"excerpt":{"rendered":"<p>KALB\u0130NDEK\u0130 MAV\u0130 BALONLA TANI\u015eMAYA HAZIR MISIN? Klinik Psikolog Mehmet Teber\u2019in kaleminden \u201cmavi balon\u201d metaforu ile korku duygusuyla ilgili fark\u0131ndal\u0131k ve y\u00f6n verme hik\u00e2yesi. B\u00fcy\u00fck k\u00fc\u00e7\u00fck herkes korkar bazen bir \u015feylerden Korkunca g\u00fcvenli bir yere gitmek ister. Korku \u00e7ok do\u011fal bir duygu, kalbimizde var mavi balonu. Fark edince duygunu, anlat\u0131nca birine, ge\u00e7er hemen korku. Duygular\u0131 fark etmek, kabul etmek, y\u00f6netmek zordur. Bazen olur b\u00f6yle ama bir yolu var kalbinde!<\/p>","protected":false},"featured_media":23137,"template":"","meta":{"spay_email":""},"product_cat":[172],"product_tag":[],"item":[1789],"acf":[],"_links":{"self":[{"href":"https:\/\/mgvpublications.com\/de\/wp-json\/wp\/v2\/product\/20075"}],"collection":[{"href":"https:\/\/mgvpublications.com\/de\/wp-json\/wp\/v2\/product"}],"about":[{"href":"https:\/\/mgvpublications.com\/de\/wp-json\/wp\/v2\/types\/product"}],"wp:featuredmedia":[{"embeddable":true,"href":"https:\/\/mgvpublications.com\/de\/wp-json\/wp\/v2\/media\/23137"}],"wp:attachment":[{"href":"https:\/\/mgvpublications.com\/de\/wp-json\/wp\/v2\/media?parent=20075"}],"wp:term":[{"taxonomy":"product_cat","embeddable":true,"href":"https:\/\/mgvpublications.com\/de\/wp-json\/wp\/v2\/product_cat?post=20075"},{"taxonomy":"product_tag","embeddable":true,"href":"https:\/\/mgvpublications.com\/de\/wp-json\/wp\/v2\/product_tag?post=20075"},{"taxonomy":"item","embeddable":true,"href":"https:\/\/mgvpublications.com\/de\/wp-json\/wp\/v2\/item?post=20075"}],"curies":[{"name":"wp","href":"https:\/\/api.w.org\/{rel}","templated":true}]}}