{"id":20073,"date":"2021-07-03T23:37:19","date_gmt":"2021-07-03T21:37:19","guid":{"rendered":"https:\/\/mgvpublications.com\/produkt\/kalbimin-susu-oruc-nicin-oruc-tutariz\/"},"modified":"2022-06-18T16:50:46","modified_gmt":"2022-06-18T14:50:46","slug":"kalbimin-susu-oruc-nicin-oruc-tutariz","status":"publish","type":"product","link":"https:\/\/mgvpublications.com\/de\/kalbimin-susu-oruc-nicin-oruc-tutariz\/","title":{"rendered":"Kalbimin S\u00fcs\u00fc Oru\u00e7 &#8211; Ni\u00e7in Oru\u00e7 Tutar\u0131z?"},"content":{"rendered":"<p>Yay\u0131n Tarihi: 30.03.2022<br \/>ISBN: 9786050825763<br \/>Dil: T\u00dcRK\u00c7E<br \/>Sayfa Say\u0131s\u0131: 36<br \/>Cilt Tipi: Karton Kapak<br \/>Ka\u011f\u0131t Cinsi: Kitap Ka\u011f\u0131d\u0131<br \/>Boyut: 23 x 22.5 cm<br \/>Di\u011fer \u00d6zellik: 5+ Ya\u015f<\/p>","protected":false},"excerpt":{"rendered":"<p>Oru\u00e7 tutmak, \u00e7ocuklar\u0131m\u0131z i\u00e7in, do\u011fas\u0131nda otokontrol, iradeli davranabilme, vicdan, empati ve \u015f\u00fck\u00fcr gibi bir \u00e7ok arma\u011fan\u0131 ta\u015f\u0131r. Ve \u00e7ocuklar\u0131m\u0131z Ramazan ay\u0131n\u0131n \u00f6zel manevi ikliminde oru\u00e7 konusu \u00fczerine d\u00fc\u015f\u00fcnd\u00fck\u00e7e, bu \u00f6zel arma\u011fanlar bir bir tohumlar olarak d\u00fc\u015fer yavrular\u0131m\u0131z\u0131n y\u00fcre\u011fine&#8230; Anne babalar olarak, \u00e7ocuklar\u0131n\u0131zla birlikte okudu\u011funuz, d\u00fc\u015f\u00fcnd\u00fc\u011f\u00fcn\u00fcz Merve Han\u0131m\u2019\u0131n bu \u00f6zel kitab\u0131n\u0131n yavrular\u0131n\u0131z\u0131n ya\u015famlar\u0131n\u0131n inan\u00e7 boyutuna dair duygu, d\u00fc\u015f\u00fcnce ve olumlu davran\u0131\u015flar geli\u015ftirmelerinde g\u00fczel bir vesile olaca\u011f\u0131na g\u00f6n\u00fclden inan\u0131yorum. Kudret Eren Yavuz (\u00c7ocuk ve Aile Terapisti\/Psikoterapist) Merve Han\u0131m, iki harika o\u011flunun yan\u0131nda, tan\u0131d\u0131\u011f\u0131 tan\u0131mad\u0131\u011f\u0131 ama bir \u015fekilde ula\u015fman\u0131n yollar\u0131n\u0131 buldu\u011fu b\u00fct\u00fcn \u00e7ocuklar\u0131n ge\u00e7 kal\u0131nmam\u0131\u015f bir zamanda manev\u00ee e\u011fitimlerini kendine ger\u00e7ek anlamda dert edinmi\u015f bir anne, bir aktivist, kendisini resm\u00ee e\u011fitim \u00f6\u011fretim kal\u0131plar\u0131 i\u00e7ine hapsetmemi\u015f bir e\u011fitim fenomeni! Merve G\u00fclcemal\u2019in, onca yo\u011funlu\u011fun aras\u0131nda, tecr\u00fcbe ve birikimlerini, kitap olarak da annelerin hizmetine sunmas\u0131, son derece faydal\u0131 ve takdir edilesi bir \u201cfaaliyet\u201d oldu. \u00d6ZKAN \u00d6ZE (\u00c7ocuk kitaplar\u0131 yazar\u0131) Sevgili Merve\u2019nin yazd\u0131\u011f\u0131 bu kitap, \u00e7ocuklara irade g\u00fcc\u00fc kazand\u0131rma temrinlerini en g\u00fczel yolla, yani soru sorarak yap\u0131yor. \u00c7ocuklar \u201c ni\u00e7in oru\u00e7 tuttuklar\u0131n\u0131\u201d sormaya ba\u015flad\u0131klar\u0131nda asl\u0131nda bir yandan g\u00fc\u00e7l\u00fc bir iradenin de temellerini at\u0131yorlar. Bunun yan\u0131nda, bir \u00f6m\u00fcr hat\u0131rlanacak tatl\u0131 hat\u0131ralar\u0131n kumunu da kar\u0131yorlar tabi. Sonras\u0131nda in\u015fa edilen insan \u00f6mr\u00fcnde, \u00e7ocukluk y\u0131llar\u0131n\u0131n i\u00e7ine serpi\u015ftirilmi\u015f mutlu Ramazanlar\u2019\u0131n, heyecanl\u0131 bekleyi\u015flerin, g\u00fcler y\u00fczl\u00fc namazlar\u0131n ka\u00e7 ku\u015fa\u011fa emanet edilece\u011fini bilmek; bu kitab\u0131n s\u0131cac\u0131k hislerle okunmas\u0131na sebep oluyor. Tu\u011fba Akbey \u0130nan (\u0130leti\u015fimci \u2013 Yazar)<\/p>","protected":false},"featured_media":23287,"template":"","meta":{"spay_email":""},"product_cat":[172],"product_tag":[],"item":[360],"acf":[],"_links":{"self":[{"href":"https:\/\/mgvpublications.com\/de\/wp-json\/wp\/v2\/product\/20073"}],"collection":[{"href":"https:\/\/mgvpublications.com\/de\/wp-json\/wp\/v2\/product"}],"about":[{"href":"https:\/\/mgvpublications.com\/de\/wp-json\/wp\/v2\/types\/product"}],"wp:featuredmedia":[{"embeddable":true,"href":"https:\/\/mgvpublications.com\/de\/wp-json\/wp\/v2\/media\/23287"}],"wp:attachment":[{"href":"https:\/\/mgvpublications.com\/de\/wp-json\/wp\/v2\/media?parent=20073"}],"wp:term":[{"taxonomy":"product_cat","embeddable":true,"href":"https:\/\/mgvpublications.com\/de\/wp-json\/wp\/v2\/product_cat?post=20073"},{"taxonomy":"product_tag","embeddable":true,"href":"https:\/\/mgvpublications.com\/de\/wp-json\/wp\/v2\/product_tag?post=20073"},{"taxonomy":"item","embeddable":true,"href":"https:\/\/mgvpublications.com\/de\/wp-json\/wp\/v2\/item?post=20073"}],"curies":[{"name":"wp","href":"https:\/\/api.w.org\/{rel}","templated":true}]}}