{"id":20071,"date":"2021-07-03T23:37:18","date_gmt":"2021-07-03T21:37:18","guid":{"rendered":"https:\/\/mgvpublications.com\/produkt\/sarilalim\/"},"modified":"2022-03-08T22:55:05","modified_gmt":"2022-03-08T21:55:05","slug":"sarilalim","status":"publish","type":"product","link":"https:\/\/mgvpublications.com\/de\/sarilalim\/","title":{"rendered":"Sar\u0131lal\u0131m"},"content":{"rendered":"<p>\u00c7evirmen: \u015eafak Arat<br \/>Yay\u0131n Tarihi: 03.09.2021<br \/>ISBN: 9786050830149<br \/>Dil: T\u00dcRK\u00c7E<br \/>Sayfa Say\u0131s\u0131: 60<br \/>Cilt Tipi: Karton Kapak<br \/>Ka\u011f\u0131t Cinsi: Kitap Ka\u011f\u0131d\u0131<br \/>Boyut: 26 x 26 cm<br \/>\u00c7izer: Polly Dunbar<\/p>","protected":false},"excerpt":{"rendered":"<p>&#8220;Kirpi \u00e7ok mutsuzdu. Bir kirpi ne kadar mutsuz olabilirse o kadar mutsuzdu. O kadar mutsuzdu ki sadece tek bir \u015fey onu mutlu edebilirdi.&#8221; &#8220;Kaplumba\u011fa \u00e7ok mutsuzdu. Bir kaplumba\u011fa ne kadar mutsuz olabilirse o kadar mutsuzdu. O kadar mutsuzdu ki sadece tek bir \u015fey onu mutlu edebilirdi.&#8221; Bir kirpi ve bir kaplumba\u011fa sar\u0131lacaklar\u0131 birilerini ar\u0131yordur. Birbirlerinden habersiz, kar\u015f\u0131la\u015ft\u0131klar\u0131 di\u011fer hayvanlardan kendilerine sar\u0131lmalar\u0131n\u0131 isterler; fakat hepsinin \u00e7e\u015fitli bahaneleri vard\u0131r&#8230; Sar\u0131lal\u0131m, hassas ve duygular\u0131 harekete ge\u00e7iren hik\u00e2yesi ve \u00e7izimleriyle benzersiz ve etkileyici bir kitap.<\/p>","protected":false},"featured_media":20740,"template":"","meta":{"spay_email":""},"product_cat":[172],"product_tag":[],"item":[360],"acf":[],"_links":{"self":[{"href":"https:\/\/mgvpublications.com\/de\/wp-json\/wp\/v2\/product\/20071"}],"collection":[{"href":"https:\/\/mgvpublications.com\/de\/wp-json\/wp\/v2\/product"}],"about":[{"href":"https:\/\/mgvpublications.com\/de\/wp-json\/wp\/v2\/types\/product"}],"wp:featuredmedia":[{"embeddable":true,"href":"https:\/\/mgvpublications.com\/de\/wp-json\/wp\/v2\/media\/20740"}],"wp:attachment":[{"href":"https:\/\/mgvpublications.com\/de\/wp-json\/wp\/v2\/media?parent=20071"}],"wp:term":[{"taxonomy":"product_cat","embeddable":true,"href":"https:\/\/mgvpublications.com\/de\/wp-json\/wp\/v2\/product_cat?post=20071"},{"taxonomy":"product_tag","embeddable":true,"href":"https:\/\/mgvpublications.com\/de\/wp-json\/wp\/v2\/product_tag?post=20071"},{"taxonomy":"item","embeddable":true,"href":"https:\/\/mgvpublications.com\/de\/wp-json\/wp\/v2\/item?post=20071"}],"curies":[{"name":"wp","href":"https:\/\/api.w.org\/{rel}","templated":true}]}}