{"id":20069,"date":"2021-07-03T23:37:18","date_gmt":"2021-07-03T21:37:18","guid":{"rendered":"https:\/\/mgvpublications.com\/produkt\/kayip-haritanin-pesinde-istanbul-dedektifleri\/"},"modified":"2022-03-08T22:55:05","modified_gmt":"2022-03-08T21:55:05","slug":"kayip-haritanin-pesinde-istanbul-dedektifleri","status":"publish","type":"product","link":"https:\/\/mgvpublications.com\/de\/kayip-haritanin-pesinde-istanbul-dedektifleri\/","title":{"rendered":"Kay\u0131p Haritan\u0131n Pe\u015finde \/ \u0130stanbul Dedektifleri"},"content":{"rendered":"<p>Yay\u0131n Tarihi: 22.08.2019<br \/>ISBN: 9786050808278<br \/>Dil: T\u00dcRK\u00c7E<br \/>Sayfa Say\u0131s\u0131: 144<br \/>Cilt Tipi: Karton Kapak<br \/>Ka\u011f\u0131t Cinsi: Kitap Ka\u011f\u0131d\u0131<br \/>Boyut: 12.5 x 19.5 cm<\/p>","protected":false},"excerpt":{"rendered":"<p>Bilgin, Bilge ve Bora\u2026 \u00dc\u00e7 karde\u015f, \u0130stanbul\u2019un tarih\u00ee g\u00fczelliklerini g\u00f6rmek i\u00e7in gittikleri istanbul\u2019da kendilerini, heyecanl\u0131 ve bir o kadar da tehlikeli bir maceran\u0131n i\u00e7inde bulurlar. Y\u0131ld\u0131z ad\u0131nda birinden Bilgin\u2019e gelen bir mail, onlar\u0131 ne oldu\u011funu bilmedikleri bir haritan\u0131n pe\u015fine d\u00fc\u015f\u00fcrecek ve sonras\u0131nda olaylar hi\u00e7 beklemedikleri \u015fekilde geli\u015fecektir. Tabii, \u0130stanbul\u2019un e\u015fsiz g\u00fczelli\u011fi e\u015fli\u011finde!..<\/p>","protected":false},"featured_media":20068,"template":"","meta":{"spay_email":""},"product_cat":[172],"product_tag":[],"item":[360],"acf":[],"_links":{"self":[{"href":"https:\/\/mgvpublications.com\/de\/wp-json\/wp\/v2\/product\/20069"}],"collection":[{"href":"https:\/\/mgvpublications.com\/de\/wp-json\/wp\/v2\/product"}],"about":[{"href":"https:\/\/mgvpublications.com\/de\/wp-json\/wp\/v2\/types\/product"}],"wp:featuredmedia":[{"embeddable":true,"href":"https:\/\/mgvpublications.com\/de\/wp-json\/wp\/v2\/media\/20068"}],"wp:attachment":[{"href":"https:\/\/mgvpublications.com\/de\/wp-json\/wp\/v2\/media?parent=20069"}],"wp:term":[{"taxonomy":"product_cat","embeddable":true,"href":"https:\/\/mgvpublications.com\/de\/wp-json\/wp\/v2\/product_cat?post=20069"},{"taxonomy":"product_tag","embeddable":true,"href":"https:\/\/mgvpublications.com\/de\/wp-json\/wp\/v2\/product_tag?post=20069"},{"taxonomy":"item","embeddable":true,"href":"https:\/\/mgvpublications.com\/de\/wp-json\/wp\/v2\/item?post=20069"}],"curies":[{"name":"wp","href":"https:\/\/api.w.org\/{rel}","templated":true}]}}