{"id":20067,"date":"2021-07-03T23:37:17","date_gmt":"2021-07-03T21:37:17","guid":{"rendered":"https:\/\/mgvpublications.com\/produkt\/tehlike-pesimizde-istanbul-dedektifleri-4\/"},"modified":"2022-03-08T22:55:04","modified_gmt":"2022-03-08T21:55:04","slug":"tehlike-pesimizde-istanbul-dedektifleri-4","status":"publish","type":"product","link":"https:\/\/mgvpublications.com\/de\/tehlike-pesimizde-istanbul-dedektifleri-4\/","title":{"rendered":"Tehlike Pe\u015fimizde \/ \u0130stanbul Dedektifleri 4"},"content":{"rendered":"<p>Yay\u0131n Tarihi: 05.04.2019<br \/>ISBN: 9786050830507<br \/>Dil: T\u00dcRK\u00c7E<br \/>Sayfa Say\u0131s\u0131: 144<br \/>Cilt Tipi: Karton Kapak<br \/>Ka\u011f\u0131t Cinsi: Kitap Ka\u011f\u0131d\u0131<br \/>Boyut: 12.5 x 19.5 cm<br \/>\u00c7izer: Alp T\u00fcrkbiner<br \/>Di\u011fer \u00d6zellik: 10  Ya\u015f<\/p>","protected":false},"excerpt":{"rendered":"<p>Profes\u00f6r amcalar\u0131 tan\u0131\u015fan Bilgin, Bilge ve Bora \u00e7ok mutlular\u2026 Amcalar\u0131n\u0131 ziyarete \u0130stanbul\u2019a geliyorlar. Fakat bir sorun var. Havaliman\u0131nda onlar\u0131 kar\u015f\u0131layacak olan amcalar\u0131 ortal\u0131kta yok. Tek bildikleri, son roman\u0131n\u0131 yazmaya \u00e7al\u0131\u015fan amcalar\u0131n\u0131n bir gazeteye verdi\u011fi r\u00f6portaj\u2026 Profes\u00f6r nerede? Onu kimler ka\u00e7\u0131rd\u0131? Bu i\u015fin arkas\u0131nda hapse t\u0131kt\u0131klar\u0131 Karalt\u0131 \u00c7etesi\u2019nin \u00fcyeleri olabilir mi? Kahramanlar\u0131m\u0131z, profes\u00f6r amcalar\u0131n\u0131n b\u0131rakt\u0131\u011f\u0131 izleri takip ederek hem onu hem de \u0130stanbul\u2019u kurtarabilecekler mi? \u0130\u015fte b\u00fct\u00fcn gizem bu kitapta \u00e7\u00f6z\u00fcl\u00fcyor!<\/p>","protected":false},"featured_media":20066,"template":"","meta":{"spay_email":""},"product_cat":[172],"product_tag":[],"item":[360],"acf":[],"_links":{"self":[{"href":"https:\/\/mgvpublications.com\/de\/wp-json\/wp\/v2\/product\/20067"}],"collection":[{"href":"https:\/\/mgvpublications.com\/de\/wp-json\/wp\/v2\/product"}],"about":[{"href":"https:\/\/mgvpublications.com\/de\/wp-json\/wp\/v2\/types\/product"}],"wp:featuredmedia":[{"embeddable":true,"href":"https:\/\/mgvpublications.com\/de\/wp-json\/wp\/v2\/media\/20066"}],"wp:attachment":[{"href":"https:\/\/mgvpublications.com\/de\/wp-json\/wp\/v2\/media?parent=20067"}],"wp:term":[{"taxonomy":"product_cat","embeddable":true,"href":"https:\/\/mgvpublications.com\/de\/wp-json\/wp\/v2\/product_cat?post=20067"},{"taxonomy":"product_tag","embeddable":true,"href":"https:\/\/mgvpublications.com\/de\/wp-json\/wp\/v2\/product_tag?post=20067"},{"taxonomy":"item","embeddable":true,"href":"https:\/\/mgvpublications.com\/de\/wp-json\/wp\/v2\/item?post=20067"}],"curies":[{"name":"wp","href":"https:\/\/api.w.org\/{rel}","templated":true}]}}