{"id":20065,"date":"2021-07-03T23:37:17","date_gmt":"2021-07-03T21:37:17","guid":{"rendered":"https:\/\/mgvpublications.com\/produkt\/sistem-dunyayi-ele-geciren-internet-aslinda-kimin-elinde\/"},"modified":"2022-03-08T22:55:04","modified_gmt":"2022-03-08T21:55:04","slug":"sistem-dunyayi-ele-geciren-internet-aslinda-kimin-elinde","status":"publish","type":"product","link":"https:\/\/mgvpublications.com\/de\/sistem-dunyayi-ele-geciren-internet-aslinda-kimin-elinde\/","title":{"rendered":"Sistem \/ D\u00fcnyay\u0131 Ele Ge\u00e7iren \u0130nternet Asl\u0131nda Kimin Elinde"},"content":{"rendered":"<p>\u00c7evirmen: Yasin Konyal\u0131<br \/>Yay\u0131n Tarihi: 10.05.2021<br \/>Orijinal Ad\u0131: The System<br \/>ISBN: 9786050834598<br \/>Dil: T\u00dcRK\u00c7E<br \/>Sayfa Say\u0131s\u0131: 352<br \/>Cilt Tipi: Karton Kapak<br \/>Ka\u011f\u0131t Cinsi: Kitap Ka\u011f\u0131d\u0131<br \/>Boyut: 13.5 x 21 cm<\/p>","protected":false},"excerpt":{"rendered":"<p>\u0130nternet, temelde kablolar ve ba\u011flant\u0131lardan olu\u015fan bir a\u011fd\u0131r; d\u00fcnyay\u0131 sar\u0131p sarmalayan, veri merkezlerini birbirine ve nihayetinde bize ba\u011flayan teller a\u011f\u0131d\u0131r. Peki t\u00fcm bu a\u011flar\u0131n sahibi, finans\u00f6r\u00fc, denetleyicisi kim? Bu devasa sistem nas\u0131l geli\u015fti? Ekonomi ve politikay\u0131 kullanarak toplumu nas\u0131l \u015fekillendirdi? James Ball, bilgisayar bilimcilerden kablolu yay\u0131nc\u0131lara, milyarder yat\u0131r\u0131mc\u0131lardan reklamc\u0131lara, aktivistlerden istihbarat kurumlar\u0131na kadar pek \u00e7ok ki\u015fiyle r\u00f6portaj yaparak internetin ke\u015ffedildi\u011fi ilk g\u00fcnden g\u00fcn\u00fcm\u00fcze kadarki d\u00f6n\u00fc\u015f\u00fcm\u00fcn\u00fcn k\u0131sa tarihini yaz\u0131yor. Facebook, Google, Amazon, Apple gibi \u015firketlerin i\u00e7 i\u015fleyi\u015fini \u00e7\u00f6z\u00fcmleyerek buzda\u011f\u0131n\u0131n g\u00f6r\u00fcnmeyen y\u00fcz\u00fcne dikkat \u00e7ekiyor. Silikon Vadisi&#8217;nin karizmatik CEO&#8217;lar\u0131 Mark Zuckerberg, Jeff Bezos, Larry Page gibi isimleri masaya yat\u0131rarak internetin \u00f6zg\u00fcr, karma\u015f\u0131k, tehlikeli ve rahats\u0131z edici t\u00fcm y\u00f6nlerini ortaya koyuyor. Pulitzer \u00f6d\u00fcll\u00fc gazeteci-yazar, bir zamanlar demokrasinin yenilik\u00e7i bir uzant\u0131s\u0131 olarak co\u015fkuyla kar\u015f\u0131lanan internetin insan hayat\u0131na, toplumlara ve sisteme etkisinin portresini titizlikle \u00e7iziyor. &#8220;James Ball, Sistem&#8217;de interneti y\u00f6netenlere dair ele\u015ftirel bir bak\u0131\u015f sunuyor. Mucitlerin, yat\u0131r\u0131mc\u0131lar\u0131n, vasilerin, kural koyucular\u0131n, isyank\u00e2rlar\u0131n g\u00f6z\u00fcnden bak\u0131ld\u0131\u011f\u0131nda bu kitap internetin ne\u015fe dolu bir tarihinden ibaret. [\u2026] Ball, internetin i\u015fleyi\u015fine daha da dikkat etmemizi tavsiye ediyor; 2008&#8217;deki ekonomik krizden \u00f6nce finans end\u00fcstrisinde oldu\u011fu gibi &#8216;eylemsizlik oyununa&#8217; gelmememiz gerekti\u011fini belirtiyor.&#8221; \u2015Financial Times &#8220;Bulundu\u011fumuz yere nas\u0131l geldi\u011fimizin ve daha iyi bir internet kurmak i\u00e7in nas\u0131l ilerleyebilece\u011fimizin m\u00fckemmel bir \u00f6zeti.&#8221; \u2015Jimmy Wales, Wikipedia&#8217;n\u0131n kurucusu &#8220;Bizi Zuckerberg, Bezos ve di\u011ferlerinin \u00f6tesine; \u00e7evrimi\u00e7i her \u015feyin nas\u0131l \u00e7al\u0131\u015ft\u0131\u011f\u0131n\u0131, bundan kimin yararland\u0131\u011f\u0131n\u0131 ke\u015ffetti\u011fimiz daha karanl\u0131k bir d\u00fcnyaya g\u00f6t\u00fcr\u00fcyor. B\u00fcy\u00fcleyici, ilgi \u00e7ekici ve \u00f6nemli.&#8221; \u2015Observer &#8220;Tam da bu zamanda okunmas\u0131 gereken bir kitap.&#8221; \u2015Spectator<\/p>","protected":false},"featured_media":20064,"template":"","meta":{"spay_email":""},"product_cat":[1588],"product_tag":[],"item":[360],"acf":[],"_links":{"self":[{"href":"https:\/\/mgvpublications.com\/de\/wp-json\/wp\/v2\/product\/20065"}],"collection":[{"href":"https:\/\/mgvpublications.com\/de\/wp-json\/wp\/v2\/product"}],"about":[{"href":"https:\/\/mgvpublications.com\/de\/wp-json\/wp\/v2\/types\/product"}],"wp:featuredmedia":[{"embeddable":true,"href":"https:\/\/mgvpublications.com\/de\/wp-json\/wp\/v2\/media\/20064"}],"wp:attachment":[{"href":"https:\/\/mgvpublications.com\/de\/wp-json\/wp\/v2\/media?parent=20065"}],"wp:term":[{"taxonomy":"product_cat","embeddable":true,"href":"https:\/\/mgvpublications.com\/de\/wp-json\/wp\/v2\/product_cat?post=20065"},{"taxonomy":"product_tag","embeddable":true,"href":"https:\/\/mgvpublications.com\/de\/wp-json\/wp\/v2\/product_tag?post=20065"},{"taxonomy":"item","embeddable":true,"href":"https:\/\/mgvpublications.com\/de\/wp-json\/wp\/v2\/item?post=20065"}],"curies":[{"name":"wp","href":"https:\/\/api.w.org\/{rel}","templated":true}]}}