{"id":20059,"date":"2021-07-03T23:37:15","date_gmt":"2021-07-03T21:37:15","guid":{"rendered":"https:\/\/mgvpublications.com\/produkt\/peygamber-dusmanlari-ne-demek-istiyor\/"},"modified":"2022-03-08T22:55:04","modified_gmt":"2022-03-08T21:55:04","slug":"peygamber-dusmanlari-ne-demek-istiyor","status":"publish","type":"product","link":"https:\/\/mgvpublications.com\/de\/peygamber-dusmanlari-ne-demek-istiyor\/","title":{"rendered":"Peygamber D\u00fc\u015fmanlar\u0131 Ne Demek \u0130stiyor?"},"content":{"rendered":"<p>Yay\u0131n Tarihi: 03.05.2021<br \/>ISBN: 9786057850263<br \/>Dil: T\u00dcRK\u00c7E<br \/>Sayfa Say\u0131s\u0131: 568<br \/>Cilt Tipi: Karton Kapak<br \/>Ka\u011f\u0131t Cinsi: Kitap Ka\u011f\u0131d\u0131<br \/>Boyut: 13.5 x 21 cm<\/p>","protected":false},"excerpt":{"rendered":"<p>Tarihte hi\u00e7bir insan Peygamber Efendimiz kadar iftiraya u\u011framad\u0131. Elbette di\u011fer peygamberlerin de d\u00fc\u015fmanlar\u0131 oldu ancak onlar\u0131n vefat\u0131yla birlikte d\u00fc\u015fmanlar\u0131 da yok olup gitti. Peygamber-i \u00e2l-i \u015f\u00e2n Efendimiz&#8217;in Eb\u00fb Cehil&#8217;leri hi\u00e7 eksilmedi. Belli ki bu din ayakta durdu\u011fu s\u00fcrece onlar da M\u00fcsl\u00fcmanlar&#8217;\u0131n ba\u015f\u0131n\u0131 a\u011fr\u0131tmaya devam edecek. Ancak Peygamber muhabbeti, M\u00fcsl\u00fcmanlar&#8217;\u0131n g\u00f6nl\u00fcnde \u00f6ylesine k\u00f6k sald\u0131 ki Fahr-i \u00c2lem Efendimiz hakk\u0131nda \u00fcretilen hi\u00e7bir iftira bu muhabbeti zay\u0131flatmaya yetmeyecek.<\/p>","protected":false},"featured_media":20058,"template":"","meta":{"spay_email":""},"product_cat":[174],"product_tag":[],"item":[363],"acf":[],"_links":{"self":[{"href":"https:\/\/mgvpublications.com\/de\/wp-json\/wp\/v2\/product\/20059"}],"collection":[{"href":"https:\/\/mgvpublications.com\/de\/wp-json\/wp\/v2\/product"}],"about":[{"href":"https:\/\/mgvpublications.com\/de\/wp-json\/wp\/v2\/types\/product"}],"wp:featuredmedia":[{"embeddable":true,"href":"https:\/\/mgvpublications.com\/de\/wp-json\/wp\/v2\/media\/20058"}],"wp:attachment":[{"href":"https:\/\/mgvpublications.com\/de\/wp-json\/wp\/v2\/media?parent=20059"}],"wp:term":[{"taxonomy":"product_cat","embeddable":true,"href":"https:\/\/mgvpublications.com\/de\/wp-json\/wp\/v2\/product_cat?post=20059"},{"taxonomy":"product_tag","embeddable":true,"href":"https:\/\/mgvpublications.com\/de\/wp-json\/wp\/v2\/product_tag?post=20059"},{"taxonomy":"item","embeddable":true,"href":"https:\/\/mgvpublications.com\/de\/wp-json\/wp\/v2\/item?post=20059"}],"curies":[{"name":"wp","href":"https:\/\/api.w.org\/{rel}","templated":true}]}}