{"id":20051,"date":"2021-07-03T23:37:10","date_gmt":"2021-07-03T21:37:10","guid":{"rendered":"https:\/\/mgvpublications.com\/produkt\/evlilik-kader-mutluluk-tercihtir\/"},"modified":"2022-03-08T22:55:03","modified_gmt":"2022-03-08T21:55:03","slug":"evlilik-kader-mutluluk-tercihtir","status":"publish","type":"product","link":"https:\/\/mgvpublications.com\/de\/evlilik-kader-mutluluk-tercihtir\/","title":{"rendered":"Evlilik Kader, Mutluluk Tercihtir"},"content":{"rendered":"<p>Yay\u0131n Tarihi: 17.05.2021<br \/>ISBN: 9786057660305<br \/>Dil: T\u00dcRK\u00c7E<br \/>Sayfa Say\u0131s\u0131: 184<br \/>Cilt Tipi: Karton Kapak<br \/>Ka\u011f\u0131t Cinsi: Kitap Ka\u011f\u0131d\u0131<br \/>Boyut: 13.5 x 21 cm<\/p>","protected":false},"excerpt":{"rendered":"<p>G\u00fcn\u00fcm\u00fczde bir\u00e7ok evlilik, yeti\u015fkin g\u00f6r\u00fcn\u00fcml\u00fc \u00e7ocuklar\u0131n oynad\u0131\u011f\u0131 bir evcilik oyunu\u2019nu and\u0131r\u0131yor. Bu evcilik oyunu, e\u015fleri e\u015flik vazifesinden uzakla\u015ft\u0131rm\u0131\u015f vaziyette s\u00fcrd\u00fcr\u00fclmeye \u00e7al\u0131\u015f\u0131l\u0131yor belki de. \u00d6yle ki ikili ili\u015fkilerde sorunlar\u0131n ortaya \u00e7\u0131kmas\u0131na neden olan bu \u00e7ocuksu tutumlar, ne yaz\u0131k ki e\u015fler aras\u0131nda bir \u00e7\u00f6z\u00fcm de olu\u015fturam\u0131yor. Bu nedenle de pek \u00e7ok evlilik \u00e7\u00f6z\u00fclebilir sorunlardan dolay\u0131 y\u0131k\u0131l\u0131p gidiyor. Olan iki arada bir derede kalan \u00e7ocuklara oluyor \u00e7o\u011fu kez\u2026 Pekala, neden b\u00f6yle oluyor? Evlilik, ger\u00e7ekten bir evcilik oyunu mu? B\u00fcy\u00fcmenin ve bir yeti\u015fkin gibi davran\u0131p evlili\u011fin \u00f6m\u00fcrl\u00fck bir yolculuk oldu\u011funun idrakine eri\u015fmenin vakti gelmedi mi hala? Sizce de hayat\u0131n, evlili\u011fin, e\u015f olman\u0131n ve \u00e7ocuk sahibi olman\u0131n getirdi\u011fi sorumluluklar\u0131 alman\u0131n zaman\u0131 gelip de ge\u00e7miyor mu art\u0131k? \u0130\u015fte elinizdeki kitap, bu gibi pek \u00e7ok sorunun cevab\u0131n\u0131 veriyor. Yal\u0131n ve rahat anla\u015f\u0131l\u0131r diliyle, evli \u00e7iftlerin ve e\u015f adaylar\u0131n\u0131n evlilik denildi\u011finde ak\u0131llar\u0131na tak\u0131lan t\u00fcm sorular\u0131n\u0131 yan\u0131tlayarak, onlara \u00f6nemli ipu\u00e7lar\u0131 da aktar\u0131yor her bir sat\u0131r\u0131nda. Yeti\u015fkin olma yoluna girmeye ve evlilik m\u00fcessesesinin mahiyetini anlay\u0131p \u00f6nemli bir ad\u0131m atmaya niyet edenler i\u00e7in \u00e7ok \u015feyler s\u00f6yl\u00fcyor kitap\u2026<\/p>","protected":false},"featured_media":20050,"template":"","meta":{"spay_email":""},"product_cat":[171],"product_tag":[],"item":[1731],"acf":[],"_links":{"self":[{"href":"https:\/\/mgvpublications.com\/de\/wp-json\/wp\/v2\/product\/20051"}],"collection":[{"href":"https:\/\/mgvpublications.com\/de\/wp-json\/wp\/v2\/product"}],"about":[{"href":"https:\/\/mgvpublications.com\/de\/wp-json\/wp\/v2\/types\/product"}],"wp:featuredmedia":[{"embeddable":true,"href":"https:\/\/mgvpublications.com\/de\/wp-json\/wp\/v2\/media\/20050"}],"wp:attachment":[{"href":"https:\/\/mgvpublications.com\/de\/wp-json\/wp\/v2\/media?parent=20051"}],"wp:term":[{"taxonomy":"product_cat","embeddable":true,"href":"https:\/\/mgvpublications.com\/de\/wp-json\/wp\/v2\/product_cat?post=20051"},{"taxonomy":"product_tag","embeddable":true,"href":"https:\/\/mgvpublications.com\/de\/wp-json\/wp\/v2\/product_tag?post=20051"},{"taxonomy":"item","embeddable":true,"href":"https:\/\/mgvpublications.com\/de\/wp-json\/wp\/v2\/item?post=20051"}],"curies":[{"name":"wp","href":"https:\/\/api.w.org\/{rel}","templated":true}]}}