{"id":20047,"date":"2021-07-03T23:37:09","date_gmt":"2021-07-03T21:37:09","guid":{"rendered":"https:\/\/mgvpublications.com\/produkt\/kuyucakli-yusuf-2\/"},"modified":"2022-03-08T22:55:02","modified_gmt":"2022-03-08T21:55:02","slug":"kuyucakli-yusuf-2","status":"publish","type":"product","link":"https:\/\/mgvpublications.com\/de\/kuyucakli-yusuf-2\/","title":{"rendered":"Kuyucakl\u0131 Yusuf"},"content":{"rendered":"<p>Yay\u0131n Tarihi: 06.01.2020<br \/>ISBN: 9786257999281<br \/>Dil: T\u00dcRK\u00c7E<br \/>Sayfa Say\u0131s\u0131: 236<br \/>Cilt Tipi: Karton Kapak<br \/>Ka\u011f\u0131t Cinsi: Kitap Ka\u011f\u0131d\u0131<br \/>Boyut: 12.5 x 20.5 cm<\/p>","protected":false},"excerpt":{"rendered":"<p>\u201cSabahattin Ali Kuyucakl\u0131 Yusuf \u2019ta bir Anadolu kasabas\u0131n\u0131, b\u00fct\u00fcn insani ve sosyal ger\u00e7ekli\u011fiyle verir: Soylu insanlar\u0131yla, baya\u011f\u0131 insanlar\u0131yla; sevgilerle, nefretlerle; umutla umutsuzlukla\u2026 (\u2026) Okudu\u011fum T\u00fcrk romanlar\u0131 i\u00e7inde ayr\u0131nt\u0131lar\u0131n en m\u00fckemmel, en ustaca kullan\u0131ld\u0131\u011f\u0131 romanlardan biri. O pek \u00f6nemsizmi\u015f gibi g\u00f6r\u00fcnen k\u00fc\u00e7\u00fck k\u00fc\u00e7\u00fck ayr\u0131nt\u0131lar romana tam bir somutluk kazand\u0131r\u0131yor; romandaki d\u00fcnya, \u00e7er\u00e7evesini k\u0131r\u0131p d\u0131\u015far\u0131ya f\u0131rl\u0131yor, sizin d\u00fcnyan\u0131za kar\u0131\u015f\u0131yor.\u201d \u2013Fethi Naci Nazilli\u2019de ba\u015flayan ve Edremit\u2019e ta\u015f\u0131nan bu h\u00fcz\u00fcnl\u00fc roman, bir \u201ctabiat insan\u0131\u201d olarak Yusuf\u2019un kasaba e\u015fraf\u0131 ve halk aras\u0131nda giderek sertle\u015fen g\u00fc\u00e7 g\u00f6sterileri i\u00e7inde temiz kalma, a\u015fk\u0131n\u0131 koruma, asl\u0131nda var olma sava\u015f\u0131n\u0131 anlat\u0131yor.<\/p>","protected":false},"featured_media":20046,"template":"","meta":{"spay_email":""},"product_cat":[168],"product_tag":[],"item":[336],"acf":[],"_links":{"self":[{"href":"https:\/\/mgvpublications.com\/de\/wp-json\/wp\/v2\/product\/20047"}],"collection":[{"href":"https:\/\/mgvpublications.com\/de\/wp-json\/wp\/v2\/product"}],"about":[{"href":"https:\/\/mgvpublications.com\/de\/wp-json\/wp\/v2\/types\/product"}],"wp:featuredmedia":[{"embeddable":true,"href":"https:\/\/mgvpublications.com\/de\/wp-json\/wp\/v2\/media\/20046"}],"wp:attachment":[{"href":"https:\/\/mgvpublications.com\/de\/wp-json\/wp\/v2\/media?parent=20047"}],"wp:term":[{"taxonomy":"product_cat","embeddable":true,"href":"https:\/\/mgvpublications.com\/de\/wp-json\/wp\/v2\/product_cat?post=20047"},{"taxonomy":"product_tag","embeddable":true,"href":"https:\/\/mgvpublications.com\/de\/wp-json\/wp\/v2\/product_tag?post=20047"},{"taxonomy":"item","embeddable":true,"href":"https:\/\/mgvpublications.com\/de\/wp-json\/wp\/v2\/item?post=20047"}],"curies":[{"name":"wp","href":"https:\/\/api.w.org\/{rel}","templated":true}]}}