{"id":20045,"date":"2021-07-03T23:37:08","date_gmt":"2021-07-03T21:37:08","guid":{"rendered":"https:\/\/mgvpublications.com\/produkt\/medeniyet-meselesi-islam-ve-bati-iliskileri-cercevesinde\/"},"modified":"2022-03-08T22:55:02","modified_gmt":"2022-03-08T21:55:02","slug":"medeniyet-meselesi-islam-ve-bati-iliskileri-cercevesinde","status":"publish","type":"product","link":"https:\/\/mgvpublications.com\/de\/medeniyet-meselesi-islam-ve-bati-iliskileri-cercevesinde\/","title":{"rendered":"Medeniyet Meselesi \u0130slam ve Bat\u0131 \u0130li\u015fkileri \u00c7er\u00e7evesinde"},"content":{"rendered":"<p>Yay\u0131n Tarihi: 19.09.2020<br \/>ISBN: 9786052105368<br \/>Dil: T\u00dcRK\u00c7E<br \/>Sayfa Say\u0131s\u0131: 112<br \/>Cilt Tipi: Karton Kapak<br \/>Ka\u011f\u0131t Cinsi: Kitap Ka\u011f\u0131d\u0131<br \/>Boyut: 13.5 x 21 cm<\/p>","protected":false},"excerpt":{"rendered":"<p>Avrupa merkezcili\u011finin ortaya \u00e7\u0131kard\u0131\u011f\u0131 ve bizi ilgilendiren en \u00f6nemli netice , M\u00fcsl\u00fcmanlar\u0131 ve islam medeniyetini tarih yazarl\u0131\u011f\u0131 marifetiyle yok etmek olmu\u015ftur. Medeniyet hem her y\u00f6n\u00fcyle hayat , hem de bu hayat\u0131 kendisine konu edinen d\u00fc\u015f\u00fcnce oldu\u011fundan dolay\u0131 , \u0130slam medeniyetinin tarih yazarl\u0131\u011f\u0131 marifetiyle ihmali ve inkar\u0131 , \u0130slam D\u00fc\u015f\u00fcncesinin de ihmal ve inkar\u0131n\u0131 inta\u00e7 etmi\u015ftir. Bulundu\u011fumuz noktada bir taraftan \u0130slam d\u00fc\u015f\u00fcncesi tarihi , medeniyet tarihinin m\u00fctemmim c\u00fcz\u00fc olarak , eksiksiz bir \u015fekilde yaz\u0131l\u0131rken; di\u011fer taraftan bu d\u00fc\u015f\u00fcnce ile irtibatl\u0131 olan di\u011fer d\u00fc\u015f\u00fcnceler de , bu arada bat\u0131 d\u00fc\u015f\u00fcncesi de , birlikte yaz\u0131lmal\u0131d\u0131r\/yaz\u0131lacakt\u0131r. Bug\u00fcn \u015funu daha iyi biliyoruz ki , b\u00fct\u00fcn bir insanl\u0131k tarihini dikkate almadan , bir medeniyetin veya bir b\u00f6lgenin tarihini yazmak m\u00fcmk\u00fcn olmuyor. Mesela 17.yy Osmanl\u0131 d\u00fc\u015f\u00fcncesini , siyasetini , sanat\u0131n\u0131 , ilmini , dini hayat\u0131n\u0131 vs. yazmak istiyorsak , bunu \u00c7in , Hint , Rus ve Bat\u0131 Avrupa ile irtibat\u0131 i\u00e7inde yazmazsak , eksik yazm\u0131\u015f olaca\u011f\u0131z. Elinizdeki bu eserde , bunun sadece bir mesele ve iki b\u00f6lge aras\u0131ndaki ili\u015fki \u00fczerinden m\u00fczakeresini yapmaya \u00e7al\u0131\u015ft\u0131k.<\/p>","protected":false},"featured_media":20044,"template":"","meta":{"spay_email":""},"product_cat":[174],"product_tag":[],"item":[1790],"acf":[],"_links":{"self":[{"href":"https:\/\/mgvpublications.com\/de\/wp-json\/wp\/v2\/product\/20045"}],"collection":[{"href":"https:\/\/mgvpublications.com\/de\/wp-json\/wp\/v2\/product"}],"about":[{"href":"https:\/\/mgvpublications.com\/de\/wp-json\/wp\/v2\/types\/product"}],"wp:featuredmedia":[{"embeddable":true,"href":"https:\/\/mgvpublications.com\/de\/wp-json\/wp\/v2\/media\/20044"}],"wp:attachment":[{"href":"https:\/\/mgvpublications.com\/de\/wp-json\/wp\/v2\/media?parent=20045"}],"wp:term":[{"taxonomy":"product_cat","embeddable":true,"href":"https:\/\/mgvpublications.com\/de\/wp-json\/wp\/v2\/product_cat?post=20045"},{"taxonomy":"product_tag","embeddable":true,"href":"https:\/\/mgvpublications.com\/de\/wp-json\/wp\/v2\/product_tag?post=20045"},{"taxonomy":"item","embeddable":true,"href":"https:\/\/mgvpublications.com\/de\/wp-json\/wp\/v2\/item?post=20045"}],"curies":[{"name":"wp","href":"https:\/\/api.w.org\/{rel}","templated":true}]}}