{"id":20043,"date":"2021-07-03T23:37:08","date_gmt":"2021-07-03T21:37:08","guid":{"rendered":"https:\/\/mgvpublications.com\/produkt\/acaba-neden\/"},"modified":"2022-03-08T22:55:01","modified_gmt":"2022-03-08T21:55:01","slug":"acaba-neden","status":"publish","type":"product","link":"https:\/\/mgvpublications.com\/de\/acaba-neden\/","title":{"rendered":"Acaba Neden?"},"content":{"rendered":"<p>Yay\u0131n Tarihi: 21.05.2021<br \/>ISBN: 9789750849459<br \/>Dil: T\u00dcRK\u00c7E<br \/>Sayfa Say\u0131s\u0131: 28<br \/>Cilt Tipi: Ciltli<br \/>Ka\u011f\u0131t Cinsi: Ku\u015fe Ka\u011f\u0131t<br \/>Boyut: 29 x 24 cm<br \/>\u00c7izer: Feridun Oral<br \/>Di\u011fer \u00d6zellik: 3-8 Ya\u015f<\/p>","protected":false},"excerpt":{"rendered":"<p>Suna Han\u0131m\u2019\u0131n yaramaz kedisi \u00e7at\u0131daki ser\u00e7eleri kovalarken dengesini kaybedip d\u00fc\u015f\u00fcverir. Suna Han\u0131m f\u0131rlad\u0131\u011f\u0131 gibi kedisini kucaklay\u0131p veterinere g\u00f6t\u00fcr\u00fcr. Tedavisi yap\u0131ld\u0131ktan sonra kedici\u011fin hayat\u0131 ve g\u00f6r\u00fcn\u00fc\u015f\u00fc birazc\u0131k de\u011fi\u015fir. \u00dcstelik evin di\u011fer sakinleri ona tuhaf davranmaya ba\u015flam\u0131\u015ft\u0131r. Neden kedici\u011fe b\u00f6yle davran\u0131yorlar dersiniz? Acaba neden?<\/p>","protected":false},"featured_media":20853,"template":"","meta":{"spay_email":""},"product_cat":[172],"product_tag":[],"item":[448],"acf":[],"_links":{"self":[{"href":"https:\/\/mgvpublications.com\/de\/wp-json\/wp\/v2\/product\/20043"}],"collection":[{"href":"https:\/\/mgvpublications.com\/de\/wp-json\/wp\/v2\/product"}],"about":[{"href":"https:\/\/mgvpublications.com\/de\/wp-json\/wp\/v2\/types\/product"}],"wp:featuredmedia":[{"embeddable":true,"href":"https:\/\/mgvpublications.com\/de\/wp-json\/wp\/v2\/media\/20853"}],"wp:attachment":[{"href":"https:\/\/mgvpublications.com\/de\/wp-json\/wp\/v2\/media?parent=20043"}],"wp:term":[{"taxonomy":"product_cat","embeddable":true,"href":"https:\/\/mgvpublications.com\/de\/wp-json\/wp\/v2\/product_cat?post=20043"},{"taxonomy":"product_tag","embeddable":true,"href":"https:\/\/mgvpublications.com\/de\/wp-json\/wp\/v2\/product_tag?post=20043"},{"taxonomy":"item","embeddable":true,"href":"https:\/\/mgvpublications.com\/de\/wp-json\/wp\/v2\/item?post=20043"}],"curies":[{"name":"wp","href":"https:\/\/api.w.org\/{rel}","templated":true}]}}