{"id":20033,"date":"2021-07-03T23:37:03","date_gmt":"2021-07-03T21:37:03","guid":{"rendered":"https:\/\/mgvpublications.com\/produkt\/devlet-ana\/"},"modified":"2022-03-08T22:55:01","modified_gmt":"2022-03-08T21:55:01","slug":"devlet-ana","status":"publish","type":"product","link":"https:\/\/mgvpublications.com\/de\/devlet-ana\/","title":{"rendered":"Devlet Ana"},"content":{"rendered":"<p>Yay\u0131n Tarihi: 19.11.2019<br \/>ISBN: 9789752731332<br \/>Dil: T\u00dcRK\u00c7E<br \/>Sayfa Say\u0131s\u0131: 632<br \/>Cilt Tipi: Karton Kapak<br \/>Ka\u011f\u0131t Cinsi: Kitap Ka\u011f\u0131d\u0131<br \/>Boyut: 13.5 x 21 cm<\/p>","protected":false},"excerpt":{"rendered":"<p>\u2018Devlet Ana\u2019, Osmanl\u0131 kurulmadan \u00f6nceki Anadolu\u2019nun g\u00f6r\u00fcn\u00fcm\u00fcn\u00fc ve Anadolu insaan\u0131n\u0131n \u00f6zlemlerini anlat\u0131rken, onlar\u0131n g\u00fc\u00e7l\u00fc, g\u00fcvenli, adaletli bir devlete duydu\u011fu ihtiyac\u0131 da a\u00e7\u0131\u011fa \u00e7\u0131karmaktad\u0131r. Kemal Tahir\u2019in en \u00f6nemli roman\u0131 olarak g\u00f6sterilen \u2018Devlet Ana\u2019, onun d\u00fc\u015f\u00fcnce yap\u0131s\u0131n\u0131 da en iyi yans\u0131tan eserlerinden biri say\u0131lmaktad\u0131r. 1967\u2019de yay\u0131mlanan roman, 1968 T\u00fcrk tarihi ve toplumu hakk\u0131ndaki \u00f6rijinal ve sa\u011flam g\u00f6r\u00fc\u015flerinen hareket etti\u011fi i\u00e7in hem \u2018mahalli a\u011f\u0131zlar\u0131\u2019, hem T\u00fcrk\u00e7e\u2019nin k\u00fc\u00e7\u00fcmsenmi\u015f ve unutulmu\u015f nesir dilini hem de yeni imkanlar\u0131n\u0131 kayna\u015ft\u0131rarak ve a\u015farak kullanabilmi\u015ftir.Eserlerindeki e\u015fsiz dil ve \u00fcslup g\u00fczelli\u011finin kayna\u011f\u0131 bu davran\u0131\u015ftad\u0131r. Daha \u00f6nceki romanlar\u0131nda da g\u00f6r\u00fclen bu \u00f6zellik \u2018Devlet Ana\u2019da en y\u00fcce noktas\u0131na eri\u015fmi\u015ftir. T\u00fcrk\u00e7e\u2019nin unutulmu\u015f olan dehas\u0131 b\u00fct\u00fcn boyutlar\u0131, zenginli\u011fi ve hasl\u0131\u011f\u0131yla ilk olarak Kemal Tahir\u2019in eserlerinde kendini g\u00f6stermektedir. Selahattin Hilav<\/p>","protected":false},"featured_media":20032,"template":"","meta":{"spay_email":""},"product_cat":[168],"product_tag":[],"item":[476],"acf":[],"_links":{"self":[{"href":"https:\/\/mgvpublications.com\/de\/wp-json\/wp\/v2\/product\/20033"}],"collection":[{"href":"https:\/\/mgvpublications.com\/de\/wp-json\/wp\/v2\/product"}],"about":[{"href":"https:\/\/mgvpublications.com\/de\/wp-json\/wp\/v2\/types\/product"}],"wp:featuredmedia":[{"embeddable":true,"href":"https:\/\/mgvpublications.com\/de\/wp-json\/wp\/v2\/media\/20032"}],"wp:attachment":[{"href":"https:\/\/mgvpublications.com\/de\/wp-json\/wp\/v2\/media?parent=20033"}],"wp:term":[{"taxonomy":"product_cat","embeddable":true,"href":"https:\/\/mgvpublications.com\/de\/wp-json\/wp\/v2\/product_cat?post=20033"},{"taxonomy":"product_tag","embeddable":true,"href":"https:\/\/mgvpublications.com\/de\/wp-json\/wp\/v2\/product_tag?post=20033"},{"taxonomy":"item","embeddable":true,"href":"https:\/\/mgvpublications.com\/de\/wp-json\/wp\/v2\/item?post=20033"}],"curies":[{"name":"wp","href":"https:\/\/api.w.org\/{rel}","templated":true}]}}