{"id":20027,"date":"2021-07-03T23:37:02","date_gmt":"2021-07-03T21:37:02","guid":{"rendered":"https:\/\/mgvpublications.com\/produkt\/mrs-dalloway\/"},"modified":"2022-03-08T22:54:59","modified_gmt":"2022-03-08T21:54:59","slug":"mrs-dalloway","status":"publish","type":"product","link":"https:\/\/mgvpublications.com\/de\/mrs-dalloway\/","title":{"rendered":"Mrs. Dalloway"},"content":{"rendered":"<p>Yay\u0131n Tarihi: 06.06.2018<br \/>ISBN: 9786052194577<br \/>Dil: \u0130NG\u0130L\u0130ZCE<br \/>Sayfa Say\u0131s\u0131: 195<br \/>Cilt Tipi: Karton Kapak<br \/>Ka\u011f\u0131t Cinsi: Kitap Ka\u011f\u0131d\u0131<br \/>Boyut: 13.5 x 19.5 cm<\/p>","protected":false},"excerpt":{"rendered":"<p>One day in the life of Clarissa Dalloway, a June day in London, punctuated accurately, impersonally, unfeelingly, by the chimes of Big Ben and a fashionable party to end it, is the complete story of Mrs. Woolf&#8217;s new novel, yet she contrives to enmesh all the inflections of Mrs. Dalloway&#8217;s personality, and many of the implications of modern civilization, in the account of those twenty-four hours. Mrs. Dalloway in her own home is &#8221;the perfect hostess,&#8221; even to her servants, to her daughter, her husband and her rejected suitor of long ago, who cannot free his mind of her. It is almost a perfect being that Mrs. Dalloway enjoys, but there is a resentfulness in her, some paucity of spiritual graces, or rather some positive hideousness. -NY Times<\/p>","protected":false},"featured_media":20026,"template":"","meta":{"spay_email":""},"product_cat":[234],"product_tag":[],"item":[822],"acf":[],"_links":{"self":[{"href":"https:\/\/mgvpublications.com\/de\/wp-json\/wp\/v2\/product\/20027"}],"collection":[{"href":"https:\/\/mgvpublications.com\/de\/wp-json\/wp\/v2\/product"}],"about":[{"href":"https:\/\/mgvpublications.com\/de\/wp-json\/wp\/v2\/types\/product"}],"wp:featuredmedia":[{"embeddable":true,"href":"https:\/\/mgvpublications.com\/de\/wp-json\/wp\/v2\/media\/20026"}],"wp:attachment":[{"href":"https:\/\/mgvpublications.com\/de\/wp-json\/wp\/v2\/media?parent=20027"}],"wp:term":[{"taxonomy":"product_cat","embeddable":true,"href":"https:\/\/mgvpublications.com\/de\/wp-json\/wp\/v2\/product_cat?post=20027"},{"taxonomy":"product_tag","embeddable":true,"href":"https:\/\/mgvpublications.com\/de\/wp-json\/wp\/v2\/product_tag?post=20027"},{"taxonomy":"item","embeddable":true,"href":"https:\/\/mgvpublications.com\/de\/wp-json\/wp\/v2\/item?post=20027"}],"curies":[{"name":"wp","href":"https:\/\/api.w.org\/{rel}","templated":true}]}}