{"id":20009,"date":"2021-07-03T23:36:39","date_gmt":"2021-07-03T21:36:39","guid":{"rendered":"https:\/\/mgvpublications.com\/produkt\/what-men-live-by\/"},"modified":"2022-03-08T22:54:54","modified_gmt":"2022-03-08T21:54:54","slug":"what-men-live-by","status":"publish","type":"product","link":"https:\/\/mgvpublications.com\/de\/what-men-live-by\/","title":{"rendered":"What Men Live By"},"content":{"rendered":"<p>Yay\u0131n Tarihi: 30.09.2016<br \/>ISBN: 9786059681728<br \/>Dil: \u0130NG\u0130L\u0130ZCE<br \/>Sayfa Say\u0131s\u0131: 46<br \/>Cilt Tipi: Karton Kapak<br \/>Ka\u011f\u0131t Cinsi: Kitap Ka\u011f\u0131d\u0131<br \/>Boyut: 13.5 x 19.5 cm<\/p>","protected":false},"excerpt":{"rendered":"<p>\u201cWhat Men Live By\u201d is a short story written by Russian author Leo Tolstoy in 1885. It is one of the short stories included in his collection What Men Live By, and Other Tales, published in 1885.<\/p>","protected":false},"featured_media":20008,"template":"","meta":{"spay_email":""},"product_cat":[234],"product_tag":[],"item":[822],"acf":[],"_links":{"self":[{"href":"https:\/\/mgvpublications.com\/de\/wp-json\/wp\/v2\/product\/20009"}],"collection":[{"href":"https:\/\/mgvpublications.com\/de\/wp-json\/wp\/v2\/product"}],"about":[{"href":"https:\/\/mgvpublications.com\/de\/wp-json\/wp\/v2\/types\/product"}],"wp:featuredmedia":[{"embeddable":true,"href":"https:\/\/mgvpublications.com\/de\/wp-json\/wp\/v2\/media\/20008"}],"wp:attachment":[{"href":"https:\/\/mgvpublications.com\/de\/wp-json\/wp\/v2\/media?parent=20009"}],"wp:term":[{"taxonomy":"product_cat","embeddable":true,"href":"https:\/\/mgvpublications.com\/de\/wp-json\/wp\/v2\/product_cat?post=20009"},{"taxonomy":"product_tag","embeddable":true,"href":"https:\/\/mgvpublications.com\/de\/wp-json\/wp\/v2\/product_tag?post=20009"},{"taxonomy":"item","embeddable":true,"href":"https:\/\/mgvpublications.com\/de\/wp-json\/wp\/v2\/item?post=20009"}],"curies":[{"name":"wp","href":"https:\/\/api.w.org\/{rel}","templated":true}]}}