{"id":19999,"date":"2021-07-03T23:36:35","date_gmt":"2021-07-03T21:36:35","guid":{"rendered":"https:\/\/mgvpublications.com\/produkt\/kudus-ey-kudus\/"},"modified":"2022-03-08T22:54:53","modified_gmt":"2022-03-08T21:54:53","slug":"kudus-ey-kudus","status":"publish","type":"product","link":"https:\/\/mgvpublications.com\/de\/kudus-ey-kudus\/","title":{"rendered":"Kud\u00fcs\u2026 Ey Kud\u00fcs"},"content":{"rendered":"<p>\u00c7evirmen: Ayd\u0131n Eme\u00e7<br \/>Yay\u0131n Tarihi: 06.02.2018<br \/>ISBN: 9789752430136<br \/>Dil: T\u00dcRK\u00c7E<br \/>Sayfa Say\u0131s\u0131: 640<br \/>Cilt Tipi: Karton Kapak<br \/>Ka\u011f\u0131t Cinsi: Kitap Ka\u011f\u0131d\u0131<br \/>Boyut: 13.5 x 21 cm<\/p>","protected":false},"excerpt":{"rendered":"<p>TAR\u0130H\u0130N \u0130\u00c7\u0130NE SI\u011eMAYAN, T\u00dcM CO\u011eRAFYALARIN \u00d6TES\u0130NDE, BA\u015eLI BA\u015eINA B\u0130R MEDEN\u0130YET: KUD\u00dcS &#8220;14 Mart 1948 g\u00fcn\u00fcyd\u00fc. O g\u00fcn \u0130ngilizlerin Filistin\u2019den ayr\u0131ld\u0131klar\u0131n\u0131, Yahudilerin \u0130srail Devleti\u2019nin kurulu\u015funu ilan ettiklerini, Araplar\u0131n sava\u015fa girdiklerini g\u00f6rd\u00fc. Bir ihtilaf Kutsal Topra\u011f\u0131 alevlere bo\u011facak ve alevler bir daha da s\u00f6nmeyecekti. Bu kitap ihtilaf\u0131n do\u011fu\u015funu anlat\u0131yor.&#8221; \u015eehir tarihi, dinler tarihi, k\u00fclt\u00fcr tarihi&#8230; Hi\u00e7 \u015f\u00fcphe yok ki d\u00fcnyada Kud\u00fcs&#8217;ten ba\u015fka, t\u00fcm bu konulara tek ba\u015f\u0131na cevap verebilecek bir \u015fehir yok. Kud\u00fcs bir \u015fehirden \u00e7ok daha \u00f6tesi oldu\u011fu gibi \u00e7a\u011flar \u00f6ncesini ve sonras\u0131n\u0131 kendinde bulu\u015fturan ba\u015fl\u0131 ba\u015f\u0131na bir medeniyet. Kud\u00fcs\u2026 Ey Kud\u00fcs, 1948 Arap-\u0130srail Sava\u015f\u0131 s\u0131ras\u0131nda iki kesim taraf\u0131ndan par\u00e7alanan Kutsal Kent&#8217;in, Kud\u00fcs&#8217;\u00fcn dramatik ve ola\u011fan\u00fcst\u00fc \u00f6yk\u00fcs\u00fcn\u00fc anlat\u0131yor. Larry Collins ve Dominique Lapierre, titiz ve s\u0131k\u0131 bir ara\u015ft\u0131rma s\u00fcreci elde etti\u011fi bilgileri etkileyici bir \u00fcslupla okuyucuya aktar\u0131yorlar. Filistin&#8217;i b\u00f6lmek i\u00e7in Birle\u015fmi\u015f Milletler\u2019deki oylama ve oylaman\u0131n Yahudiler aras\u0131nda yaratt\u0131\u011f\u0131 sevin\u00e7 ve Araplar aras\u0131nda ya\u015fanan keder, Tel-Aviv &#8211; Kud\u00fcs karayolu boyunca ya\u015fanan sava\u015flar, 1948 y\u0131l\u0131 Mart ay\u0131 sonlar\u0131nda Kud\u00fcs&#8217;\u00fcn neredeyse a\u00e7 b\u0131rak\u0131lmas\u0131, Hurva\u2019n\u0131n tahrip edilmesi ve Eski \u015eehir\u2019in y\u0131k\u0131lmas\u0131na neden olan sald\u0131r\u0131lar, \u0130srail Devleti\u2019nin ilan edili\u015fi, Arap Lejyonu\u2019nun Kud\u00fcs\u2019e giri\u015fi, Deir Yassin ve Hadassah Hastanesi katliamlar\u0131 gibi dramatik, \u00f6nemli ve g\u00fcn\u00fcm\u00fcze dek yank\u0131lar\u0131 devam eden olaylar\u0131 Arap ve Yahudi akt\u00f6rler \u00fczerinden t\u00fcm ayr\u0131nt\u0131lar\u0131yla anlat\u0131yorlar. Elinizdeki kitapta Kud\u00fcs&#8217;e dair her \u015feyi, bir arada bulabileceksiniz. Bazen siyaset ve politika, bazen tarih ve co\u011frafya, benzersiz foto\u011fraflar, \u00f6nemli tarihler, yeni okumalara y\u00f6nlendirebilecek devasa bir kaynak\u00e7a&#8230; Kud\u00fcs&#8230; Ey Kud\u00fcs, sizi hem bir roman gibi pe\u015finden s\u00fcr\u00fckleyecek hem de bir belgesel gibi sarsacak.<\/p>","protected":false},"featured_media":19998,"template":"","meta":{"spay_email":""},"product_cat":[170],"product_tag":[],"item":[729],"acf":[],"_links":{"self":[{"href":"https:\/\/mgvpublications.com\/de\/wp-json\/wp\/v2\/product\/19999"}],"collection":[{"href":"https:\/\/mgvpublications.com\/de\/wp-json\/wp\/v2\/product"}],"about":[{"href":"https:\/\/mgvpublications.com\/de\/wp-json\/wp\/v2\/types\/product"}],"wp:featuredmedia":[{"embeddable":true,"href":"https:\/\/mgvpublications.com\/de\/wp-json\/wp\/v2\/media\/19998"}],"wp:attachment":[{"href":"https:\/\/mgvpublications.com\/de\/wp-json\/wp\/v2\/media?parent=19999"}],"wp:term":[{"taxonomy":"product_cat","embeddable":true,"href":"https:\/\/mgvpublications.com\/de\/wp-json\/wp\/v2\/product_cat?post=19999"},{"taxonomy":"product_tag","embeddable":true,"href":"https:\/\/mgvpublications.com\/de\/wp-json\/wp\/v2\/product_tag?post=19999"},{"taxonomy":"item","embeddable":true,"href":"https:\/\/mgvpublications.com\/de\/wp-json\/wp\/v2\/item?post=19999"}],"curies":[{"name":"wp","href":"https:\/\/api.w.org\/{rel}","templated":true}]}}