{"id":19997,"date":"2021-07-03T23:36:34","date_gmt":"2021-07-03T21:36:34","guid":{"rendered":"https:\/\/mgvpublications.com\/produkt\/kudusteki-son-osmanli-igdirli-hasan-onbasi\/"},"modified":"2022-03-08T22:54:53","modified_gmt":"2022-03-08T21:54:53","slug":"kudusteki-son-osmanli-igdirli-hasan-onbasi","status":"publish","type":"product","link":"https:\/\/mgvpublications.com\/de\/kudusteki-son-osmanli-igdirli-hasan-onbasi\/","title":{"rendered":"Kud\u00fcsteki Son Osmanl\u0131 I\u011fd\u0131rl\u0131 Hasan Onba\u015f\u0131"},"content":{"rendered":"<p>Yay\u0131n Tarihi: 16.06.2020<br \/>ISBN: 9786050833928<br \/>Dil: T\u00dcRK\u00c7E<br \/>Sayfa Say\u0131s\u0131: 256<br \/>Cilt Tipi: Karton Kapak<br \/>Ka\u011f\u0131t Cinsi: Kitap Ka\u011f\u0131d\u0131<br \/>Boyut: 13.5 x 21 cm<\/p>","protected":false},"excerpt":{"rendered":"<p>Kud\u00fcs&#8217;te, son nefesini verene kadar n\u00f6bete duran I\u011fd\u0131rl\u0131 Hasan Onba\u015f\u0131&#8230; Y\u0131llar sonra bir foto\u011fraf\u0131n pe\u015finden Kud\u00fcs yollar\u0131na d\u00fc\u015fen yazar Ahmet Kalemo\u011flu&#8230; &#8220;A\u015fk, bu topraklarda \u00f6l\u00fcm\u00fcnedir&#8230;&#8221; \u00c7\u00f6l\u00fcn kavuran s\u0131ca\u011f\u0131nda ilerleyen T\u00fcrk Ordusu&#8230; Direndikleri kum f\u0131rt\u0131nalar\u0131, sava\u015ft\u0131klar\u0131 susuzluk, \u00e7aresini bulamad\u0131klar\u0131 g\u00fcne\u015f&#8230; \u00c7\u00f6l\u00fcn ortas\u0131nda kalacaklar\u0131n\u0131 d\u00fc\u015f\u00fcn\u00fcrken feraha erdiklerinin i\u015fareti diye g\u00f6rd\u00fckleri hurma a\u011fa\u00e7lar\u0131&#8230; A\u011fa\u00e7lar\u0131n ard\u0131ndaysa d\u00fc\u015fman askerleri&#8230; \u00c7\u00f6l, askerin hen\u00fcz cepheye varmadan sava\u015ft\u0131\u011f\u0131 ilk d\u00fc\u015fman&#8230; Kanal Cephesi ve \u0130ngiliz askerleriyle girilen o \u00e7etin muharebe&#8230; &#8220;\u00d6l\u00fcm bizim pe\u015fimizde de\u011fil, biz onun pe\u015findeyiz.&#8221; Pay\u0131na d\u00fc\u015fen t\u00fcm m\u00fccadeleleri verdikten sonra, d\u00f6n\u00fc\u015fe haz\u0131r beklerken verilen son g\u00f6reve ilk g\u00f6n\u00fcll\u00fc oydu&#8230; I\u011fd\u0131rl\u0131 Hasan Onba\u015f\u0131! Mescid-i Aksa&#8217;n\u0131n, Kud\u00fcs&#8217;\u00fcn yetim kalan M\u00fcsl\u00fcmanlar\u0131n\u0131n tutunacaklar\u0131 son umut&#8230; Ard\u0131nda b\u0131rakt\u0131\u011f\u0131 b\u00fcy\u00fck fedakarl\u0131k \u00f6yk\u00fcs\u00fcn\u00fcn pe\u015fine tak\u0131lan vefal\u0131 bir yazar&#8230; \u0130smail Bilgin, bir kere daha T\u00fcrk tarihinin unutulan kahramanlar\u0131n\u0131 bize hat\u0131rlatmak i\u00e7in yaz\u0131yor&#8230; Kud\u00fcs&#8217;\u00fcn hik\u00e2yesini I\u011fd\u0131rl\u0131 Hasan Onba\u015f\u0131&#8217;n\u0131n n\u00f6betinden izleyece\u011fiz!<\/p>","protected":false},"featured_media":19996,"template":"","meta":{"spay_email":""},"product_cat":[168],"product_tag":[],"item":[360],"acf":[],"_links":{"self":[{"href":"https:\/\/mgvpublications.com\/de\/wp-json\/wp\/v2\/product\/19997"}],"collection":[{"href":"https:\/\/mgvpublications.com\/de\/wp-json\/wp\/v2\/product"}],"about":[{"href":"https:\/\/mgvpublications.com\/de\/wp-json\/wp\/v2\/types\/product"}],"wp:featuredmedia":[{"embeddable":true,"href":"https:\/\/mgvpublications.com\/de\/wp-json\/wp\/v2\/media\/19996"}],"wp:attachment":[{"href":"https:\/\/mgvpublications.com\/de\/wp-json\/wp\/v2\/media?parent=19997"}],"wp:term":[{"taxonomy":"product_cat","embeddable":true,"href":"https:\/\/mgvpublications.com\/de\/wp-json\/wp\/v2\/product_cat?post=19997"},{"taxonomy":"product_tag","embeddable":true,"href":"https:\/\/mgvpublications.com\/de\/wp-json\/wp\/v2\/product_tag?post=19997"},{"taxonomy":"item","embeddable":true,"href":"https:\/\/mgvpublications.com\/de\/wp-json\/wp\/v2\/item?post=19997"}],"curies":[{"name":"wp","href":"https:\/\/api.w.org\/{rel}","templated":true}]}}