{"id":19995,"date":"2021-07-03T23:36:34","date_gmt":"2021-07-03T21:36:34","guid":{"rendered":"https:\/\/mgvpublications.com\/produkt\/gecenin-ortemedigi-sehir-kudus-seyr-i-ask\/"},"modified":"2022-03-08T22:54:53","modified_gmt":"2022-03-08T21:54:53","slug":"gecenin-ortemedigi-sehir-kudus-seyr-i-ask","status":"publish","type":"product","link":"https:\/\/mgvpublications.com\/de\/gecenin-ortemedigi-sehir-kudus-seyr-i-ask\/","title":{"rendered":"Gecenin \u00d6rtemedi\u011fi \u015eehir Kud\u00fcs Seyr-i A\u015fk"},"content":{"rendered":"<p>Yay\u0131n Tarihi: 08.04.2021<br \/>ISBN: 9786050837889<br \/>Dil: T\u00dcRK\u00c7E<br \/>Sayfa Say\u0131s\u0131: 264<br \/>Cilt Tipi: Karton Kapak<br \/>Ka\u011f\u0131t Cinsi: Kitap Ka\u011f\u0131d\u0131<br \/>Boyut: 13.5 x 21 cm<\/p>","protected":false},"excerpt":{"rendered":"<p>Kariye M\u00fczesi ile ba\u015flay\u0131p Kud\u00fcs\u2019e varan bir ser\u00fcvende kendi hik\u00e2yesindeki a\u015fk\u0131 nihayet bulmu\u015ftu Asl\u0131. Onu yola d\u00fc\u015f\u00fcren i\u00e7inde y\u0131llar\u0131n ukdesi olarak ta\u015f\u0131d\u0131\u011f\u0131 bir talebiydi. Arad\u0131\u011f\u0131na orada kavu\u015faca\u011f\u0131na inanm\u0131\u015f ve Allah&#8217;a yakarm\u0131\u015ft\u0131. Kolay olmayacakt\u0131 elbet. Kud\u00fcs bir a\u015fk hik\u00e2yesi ise onda bir nokta dahi olabilmek bedel isterdi. Kud\u00fcs; &#8220;A\u015fk&#8221;t\u0131. \u00c7ileli, zor, zahmetli ve tutkulu bir a\u015fk. Kud\u00fcs; bir &#8220;A\u015fk Yolu&#8221; idi. Bu yolun yolcusu olmak sab\u0131r ve diren\u00e7 gerektiriyordu. Kud\u00fcs; ya\u015fl\u0131 \u00dcmm\u00ee Hatun&#8217;du, \u00e7ocuk F\u00e2t\u0131ma&#8217;yd\u0131, inan\u00e7l\u0131 Abdulk\u00e2dir El-Said&#8217;di, cesur \u00c2iy\u015fe Hatun&#8217;du&#8230; Mescid-i Aksa\u2019yd\u0131, \u00d6mer Mescidi\u2019ydi, Nebi Musa Makam\u0131\u2019yd\u0131, Zeytin Da\u011f\u0131\u2019yd\u0131, El-Halil\u2019di, Bat\u0131 \u015eeria\u2019yd\u0131. Orada Mira\u00e7\u2019\u0131n g\u00f6lgesi vard\u0131. Dar sokaklar\u0131nda inanc\u0131n, sadakatin, sabr\u0131n, direni\u015fin \u00f6yk\u00fcs\u00fc gizliydi. * Kud\u00fcs\u2019e gidenler bilirler; d\u00f6nd\u00fc\u011f\u00fcn\u00fczde art\u0131k tam de\u011filsinizdir. Kalbiniz, akl\u0131n\u0131z ve sevdaya dair ne varsa bildi\u011finiz-hissetti\u011finiz yar\u0131s\u0131n\u0131 b\u0131rak\u0131rs\u0131n\u0131z o topraklarda&#8230; Bir kere havas\u0131n\u0131 \u00e7ektiyseniz i\u00e7inize, geriye b\u0131rakt\u0131\u011f\u0131n\u0131z her solu\u011fun bo\u015flu\u011funu \u00f6zlem doldurur&#8230; Arz\u0131n Kap\u0131s\u0131\u2019ndan ge\u00e7tiyse ayaklar\u0131n\u0131z, vicdan\u0131n\u0131z insanl\u0131\u011f\u0131n t\u00fcrl\u00fc hallerini g\u00f6rd\u00fcyse, g\u00f6\u011f\u00fcs kafesinize bir yumru oturur, yutkunsan\u0131z da ge\u00e7mez ac\u0131s\u0131&#8230; Hele bir de sa\u00e7\u0131n\u0131 ok\u015fad\u0131ysan\u0131z Filistinli bir \u00e7ocu\u011fun, o masum kokusu sindiyse ellerinize&#8230; Unutamazs\u0131n\u0131z&#8230; Uyuyamazs\u0131n\u0131z&#8230; Yok sayamazs\u0131n\u0131z&#8230; Nalan G\u00fcven, Gecenin \u00d6rtemedi\u011fi \u015eehir Kud\u00fcs\u2019te bir kendinden hi\u00e7li\u011fe ge\u00e7i\u015f yolculu\u011fu anlat\u0131yor samimiyeti her sat\u0131ra sinen bir duyarl\u0131l\u0131kla\u2026 \u00c7\u00fcnk\u00fc a\u015fk yolunda her ad\u0131m hi\u00e7li\u011fe at\u0131l\u0131r&#8230;<\/p>","protected":false},"featured_media":19994,"template":"","meta":{"spay_email":""},"product_cat":[168],"product_tag":[],"item":[360],"acf":[],"_links":{"self":[{"href":"https:\/\/mgvpublications.com\/de\/wp-json\/wp\/v2\/product\/19995"}],"collection":[{"href":"https:\/\/mgvpublications.com\/de\/wp-json\/wp\/v2\/product"}],"about":[{"href":"https:\/\/mgvpublications.com\/de\/wp-json\/wp\/v2\/types\/product"}],"wp:featuredmedia":[{"embeddable":true,"href":"https:\/\/mgvpublications.com\/de\/wp-json\/wp\/v2\/media\/19994"}],"wp:attachment":[{"href":"https:\/\/mgvpublications.com\/de\/wp-json\/wp\/v2\/media?parent=19995"}],"wp:term":[{"taxonomy":"product_cat","embeddable":true,"href":"https:\/\/mgvpublications.com\/de\/wp-json\/wp\/v2\/product_cat?post=19995"},{"taxonomy":"product_tag","embeddable":true,"href":"https:\/\/mgvpublications.com\/de\/wp-json\/wp\/v2\/product_tag?post=19995"},{"taxonomy":"item","embeddable":true,"href":"https:\/\/mgvpublications.com\/de\/wp-json\/wp\/v2\/item?post=19995"}],"curies":[{"name":"wp","href":"https:\/\/api.w.org\/{rel}","templated":true}]}}