{"id":19977,"date":"2021-07-03T23:36:27","date_gmt":"2021-07-03T21:36:27","guid":{"rendered":"https:\/\/mgvpublications.com\/produkt\/daha-iyi-bir-turkiye-icin-hangi-fikri-yikalim\/"},"modified":"2022-03-08T22:54:51","modified_gmt":"2022-03-08T21:54:51","slug":"daha-iyi-bir-turkiye-icin-hangi-fikri-yikalim","status":"publish","type":"product","link":"https:\/\/mgvpublications.com\/de\/daha-iyi-bir-turkiye-icin-hangi-fikri-yikalim\/","title":{"rendered":"Daha \u0130yi Bir T\u00fcrkiye \u0130\u00e7in Hangi Fikri Y\u0131kal\u0131m?"},"content":{"rendered":"<p>Yay\u0131n Tarihi: 20.04.2021<br \/>ISBN: 9786257631099<br \/>Bask\u0131 Say\u0131s\u0131: G\u00f6khan \u015een<br \/>Dil: T\u00dcRK\u00c7E<br \/>Sayfa Say\u0131s\u0131: 288<br \/>Cilt Tipi: Karton Kapak<br \/>Ka\u011f\u0131t Cinsi: Kitap Ka\u011f\u0131d\u0131<br \/>Boyut: 13.5 x 21 cm<br \/>Derleyici: G\u00f6khan \u015een<\/p>","protected":false},"excerpt":{"rendered":"<p>AKLA DAYANAN GEREK\u00c7ELERLE T\u00dcRK\u0130YE \u0130\u00c7\u0130N B\u0130R \u0130N\u015eA FAAL\u0130YET\u0130\u2026 Her \u00fclkenin problemleri, zorlu zamanlar\u0131 ve s\u00fcre\u00e7leri var. Bu problemlerin baz\u0131s\u0131 tarihten kaynaklan\u0131p dalga dalga, devir uygun d\u00fc\u015ft\u00fck\u00e7e ya\u015fan\u0131p \u2018ba\u015f\u0131m\u0131za gelen\u2019 oluyor. Baz\u0131lar\u0131n\u0131n hayaleti hi\u00e7 gitmiyor. Hep \u00fcst\u00fcm\u00fczde ve bizleri g\u00fcd\u00fcyor adeta. Baz\u0131s\u0131n\u0131n k\u00f6k\u00fc o kadar derinde ki s\u00f6k\u00fcp at\u0131lam\u0131yor. S\u00f6kmeye \u00e7al\u0131\u015ft\u0131k\u00e7a kendini yeniden \u00fcretiyor. Her seferinde farkl\u0131 bir mana ile geri d\u00f6n\u00fcyor. Bunlardan kurtulman\u0131n bir yolu yok mu? Ya da bunlardan kurtulmadan ilerlenebilir mi? Hangilerinden s\u0131yr\u0131lmak gerekir? Bunlar\u0131 y\u0131kmadan ilerlemek kabil midir? Bug\u00fcn \u00fclkemizde bir\u00e7ok vatanda\u015f yo\u011fun g\u00fcndemden bitap d\u00fc\u015fm\u00fc\u015f halde. Bir\u00e7ok gen\u00e7 veya yeti\u015fmi\u015f beyin yurt d\u0131\u015f\u0131nda kendini ve gelece\u011fini ar\u0131yor. Yeti\u015ftirdi\u011fimiz, yat\u0131r\u0131m yapt\u0131\u011f\u0131m\u0131z ve yar\u0131n hepimizin hayat standartlar\u0131n\u0131 farkl\u0131 disiplinlerden y\u00fcr\u00fcyerek y\u00fckseltmelerini beklediklerimiz, burada bizimle olmayacaklarsa i\u015fimiz \u00e7ok zor demektir. En yeteneklileri \u00e7ekebilecek, en iyi fikirlerin dillendirilmesini sa\u011flayabilecek ve fikirlerin hayata ge\u00e7mesini m\u00fcmk\u00fcn k\u0131lacak bir \u00fclke olmak zorunday\u0131z. G\u00f6khan \u015een\u2019in elinizdeki kitab\u0131; ekonomiden sanayiye, tar\u0131mdan e\u011fitime, bilimden kad\u0131n politikalar\u0131 ve istihdama, tarihten k\u00fclt\u00fcr sanata dek g\u00fczel bir T\u00fcrkiye hayaliyle d\u00fc\u015f\u00fcnen, sorgulayan, yazan, alan\u0131n\u0131n en entelekt\u00fcel zihinleriyle konu\u015fan bir \u00e7al\u0131\u015fma. Daha \u0130yi Bir T\u00fcrkiye \u0130\u00e7in Hangi Fikri Y\u0131kal\u0131m? ayak uydurmaya de\u011fil; cesur ad\u0131mlar atmaya, aksakl\u0131klar\u0131 tamir etmeye, daha g\u00fczelini ke\u015ffetmeye tutkun herkes i\u00e7in heyecan verici bir kitap. KATKIDA BULUNANLAR EKONOM\u0130 POL\u0130T\u0130KALARI Mahfi E\u011filmez, Refet G\u00fcrkaynak, Ali Hakan Kara, Hatice Karahan, Murat \u00dc\u00e7er, A. Erin\u00e7 Yeldan SANAY\u0130 POL\u0130T\u0130KALARI Hamdi Ak\u0131n, Erdal Aksoy, B\u00fclent Eczac\u0131ba\u015f\u0131, Abdurrahman Kaan, Steven Young, Murat Y\u00fclek TARIM POL\u0130T\u0130KALARI \u0130rfan Donat, Durmu\u015f D\u00f6ven, Recep Konuk, Sencer Solako\u011flu, Kubilay \u00d6zerkan , Ya\u015far Uysal, Ali Ekber Y\u0131ld\u0131r\u0131m E\u011e\u0130T\u0130M POL\u0130T\u0130KALARI Ufuk Ak\u00e7i\u011fit, Elif \u00d6zcan Tok, \u00d6zg\u00fcr Bolat, Sel\u00e7uk Pehlivano\u011flu B\u0130L\u0130ME BAKI\u015e &amp; B\u0130L\u0130M POL\u0130T\u0130KALARI \u00d6zg\u00fcr Ak\u0131n, Orhan Bursal\u0131, Celal \u015eeng\u00f6r, Umut Y\u0131ld\u0131z KADIN POL\u0130T\u0130KALARI &amp; \u0130ST\u0130HDAM Bekir A\u011f\u0131rd\u0131r, Cansen Ba\u015faran-Symes, \u00dcmit Boyner, Arzu \u00c7erkezo\u011flu, Seyfettin G\u00fcrsel, Sanem Oktar TAR\u0130H &amp; TAR\u0130HE BAKI\u015e Osman Balc\u0131gil, \u0130lber Ortayl\u0131, Emrah Safa G\u00fcrkan K\u00dcLT\u00dcR &amp; SANAT U\u011fur Bat\u0131, Vedat Milor<\/p>","protected":false},"featured_media":22530,"template":"","meta":{"spay_email":""},"product_cat":[1187],"product_tag":[],"item":[729],"acf":[],"_links":{"self":[{"href":"https:\/\/mgvpublications.com\/de\/wp-json\/wp\/v2\/product\/19977"}],"collection":[{"href":"https:\/\/mgvpublications.com\/de\/wp-json\/wp\/v2\/product"}],"about":[{"href":"https:\/\/mgvpublications.com\/de\/wp-json\/wp\/v2\/types\/product"}],"wp:featuredmedia":[{"embeddable":true,"href":"https:\/\/mgvpublications.com\/de\/wp-json\/wp\/v2\/media\/22530"}],"wp:attachment":[{"href":"https:\/\/mgvpublications.com\/de\/wp-json\/wp\/v2\/media?parent=19977"}],"wp:term":[{"taxonomy":"product_cat","embeddable":true,"href":"https:\/\/mgvpublications.com\/de\/wp-json\/wp\/v2\/product_cat?post=19977"},{"taxonomy":"product_tag","embeddable":true,"href":"https:\/\/mgvpublications.com\/de\/wp-json\/wp\/v2\/product_tag?post=19977"},{"taxonomy":"item","embeddable":true,"href":"https:\/\/mgvpublications.com\/de\/wp-json\/wp\/v2\/item?post=19977"}],"curies":[{"name":"wp","href":"https:\/\/api.w.org\/{rel}","templated":true}]}}