{"id":19975,"date":"2021-07-03T23:36:26","date_gmt":"2021-07-03T21:36:26","guid":{"rendered":"https:\/\/mgvpublications.com\/produkt\/kuduslu-omer-islam-sehirleri-dizisi-1\/"},"modified":"2022-03-08T22:54:51","modified_gmt":"2022-03-08T21:54:51","slug":"kuduslu-omer-islam-sehirleri-dizisi-1","status":"publish","type":"product","link":"https:\/\/mgvpublications.com\/de\/kuduslu-omer-islam-sehirleri-dizisi-1\/","title":{"rendered":"Kud\u00fcsl\u00fc \u00d6mer \/ \u0130slam \u015eehirleri Dizisi 1"},"content":{"rendered":"<p>Yay\u0131n Tarihi: 11.01.2017<br \/>ISBN: 9789752613850<br \/>Dil: T\u00dcRK\u00c7E<br \/>Sayfa Say\u0131s\u0131: 176<br \/>Cilt Tipi: Karton Kapak<br \/>Ka\u011f\u0131t Cinsi: Kitap Ka\u011f\u0131d\u0131<br \/>Boyut: 13.5 x 21 cm<\/p>","protected":false},"excerpt":{"rendered":"<p>Kud\u00fcs, biz M\u00fcsl\u00fcmanlar i\u00e7in neden \u00f6nemli? Tarihinde neler ya\u015fanm\u0131\u015f? Bug\u00fcn neden i\u015fgal alt\u0131nda? Yahudiler neden zulmediyor, bizi neden \u00f6ld\u00fcr\u00fcyor, evlerimizi neden elimizden al\u0131yor, etraf\u0131m\u0131za neden duvarlar \u00f6r\u00fcyorlar? Var m\u0131s\u0131n\u0131z yol arkada\u015fl\u0131\u011f\u0131na? Hadi o zaman kemerlerinizi ba\u011flay\u0131n ve s\u0131k\u0131 tutunun. Ya da en iyisi abdest al\u0131n. \u00c7\u00fcnk\u00fc gezimiz camiler, t\u00fcrbeler, muhte\u015fem tarih\u00ee eserlerle dolu\u2026<\/p>","protected":false},"featured_media":22567,"template":"","meta":{"spay_email":""},"product_cat":[174],"product_tag":[],"item":[692],"acf":[],"_links":{"self":[{"href":"https:\/\/mgvpublications.com\/de\/wp-json\/wp\/v2\/product\/19975"}],"collection":[{"href":"https:\/\/mgvpublications.com\/de\/wp-json\/wp\/v2\/product"}],"about":[{"href":"https:\/\/mgvpublications.com\/de\/wp-json\/wp\/v2\/types\/product"}],"wp:featuredmedia":[{"embeddable":true,"href":"https:\/\/mgvpublications.com\/de\/wp-json\/wp\/v2\/media\/22567"}],"wp:attachment":[{"href":"https:\/\/mgvpublications.com\/de\/wp-json\/wp\/v2\/media?parent=19975"}],"wp:term":[{"taxonomy":"product_cat","embeddable":true,"href":"https:\/\/mgvpublications.com\/de\/wp-json\/wp\/v2\/product_cat?post=19975"},{"taxonomy":"product_tag","embeddable":true,"href":"https:\/\/mgvpublications.com\/de\/wp-json\/wp\/v2\/product_tag?post=19975"},{"taxonomy":"item","embeddable":true,"href":"https:\/\/mgvpublications.com\/de\/wp-json\/wp\/v2\/item?post=19975"}],"curies":[{"name":"wp","href":"https:\/\/api.w.org\/{rel}","templated":true}]}}