{"id":19973,"date":"2021-07-03T23:36:23","date_gmt":"2021-07-03T21:36:23","guid":{"rendered":"https:\/\/mgvpublications.com\/produkt\/rahmet-yollari-kesti\/"},"modified":"2022-03-08T22:54:50","modified_gmt":"2022-03-08T21:54:50","slug":"rahmet-yollari-kesti","status":"publish","type":"product","link":"https:\/\/mgvpublications.com\/de\/rahmet-yollari-kesti\/","title":{"rendered":"Rahmet Yollar\u0131 Kesti"},"content":{"rendered":"<p>Yay\u0131n Tarihi: 01.03.2017<br \/>ISBN: 9786053756378<br \/>Dil: T\u00dcRK\u00c7E<br \/>Sayfa Say\u0131s\u0131: 383<br \/>Cilt Tipi: Karton Kapak<br \/>Ka\u011f\u0131t Cinsi: Kitap Ka\u011f\u0131d\u0131<br \/>Boyut: 13.5 x 21 cm<\/p>","protected":false},"excerpt":{"rendered":"<p>Kemal Tahir bu eserinde uzun y\u0131llar T\u00fcrk edebiyat\u0131n\u0131 me\u015fgul eden e\u015fk\u0131yal\u0131k olgusuna ba\u015fka bir a\u00e7\u0131dan bakar. A\u011fal\u0131k sisteminin e\u015fk\u0131yal\u0131kla yo\u011fun ili\u015fkisini ve bunun giderek bir zorbal\u0131\u011fa d\u00f6n\u00fc\u015ft\u00fc\u011f\u00fcn\u00fc, halk aras\u0131nda e\u015fk\u0131yal\u0131\u011fa duyulan hayranl\u0131\u011f\u0131n asl\u0131nda \u00e7aresizlikten kaynakland\u0131\u011f\u0131n\u0131 s\u00f6yler. Kendi d\u00fczenini kurmu\u015f e\u015fk\u0131ya eskisi iki a\u011fan\u0131n gen\u00e7 ya\u015fta bir k\u0131z\u0131 ka\u00e7\u0131rmak i\u00e7in tezgahlad\u0131\u011f\u0131 oyunlar ve uzun, ya\u011fmurlu bir k\u0131\u015f gecesinde meydana gelen olaylar hem e\u015fk\u0131ya-a\u011fan\u0131n hem halk\u0131n hem de zulme u\u011frayanlar\u0131n g\u00f6z\u00fcnden olanca canl\u0131l\u0131\u011f\u0131yla anlat\u0131lm\u0131\u015ft\u0131r.<\/p>","protected":false},"featured_media":19972,"template":"","meta":{"spay_email":""},"product_cat":[168],"product_tag":[],"item":[476],"acf":[],"_links":{"self":[{"href":"https:\/\/mgvpublications.com\/de\/wp-json\/wp\/v2\/product\/19973"}],"collection":[{"href":"https:\/\/mgvpublications.com\/de\/wp-json\/wp\/v2\/product"}],"about":[{"href":"https:\/\/mgvpublications.com\/de\/wp-json\/wp\/v2\/types\/product"}],"wp:featuredmedia":[{"embeddable":true,"href":"https:\/\/mgvpublications.com\/de\/wp-json\/wp\/v2\/media\/19972"}],"wp:attachment":[{"href":"https:\/\/mgvpublications.com\/de\/wp-json\/wp\/v2\/media?parent=19973"}],"wp:term":[{"taxonomy":"product_cat","embeddable":true,"href":"https:\/\/mgvpublications.com\/de\/wp-json\/wp\/v2\/product_cat?post=19973"},{"taxonomy":"product_tag","embeddable":true,"href":"https:\/\/mgvpublications.com\/de\/wp-json\/wp\/v2\/product_tag?post=19973"},{"taxonomy":"item","embeddable":true,"href":"https:\/\/mgvpublications.com\/de\/wp-json\/wp\/v2\/item?post=19973"}],"curies":[{"name":"wp","href":"https:\/\/api.w.org\/{rel}","templated":true}]}}