{"id":19971,"date":"2021-07-03T23:36:23","date_gmt":"2021-07-03T21:36:23","guid":{"rendered":"https:\/\/mgvpublications.com\/produkt\/dutlar-yetismedi\/"},"modified":"2022-03-08T22:54:50","modified_gmt":"2022-03-08T21:54:50","slug":"dutlar-yetismedi","status":"publish","type":"product","link":"https:\/\/mgvpublications.com\/de\/dutlar-yetismedi\/","title":{"rendered":"Dutlar Yeti\u015fmedi"},"content":{"rendered":"<p>Yay\u0131n Tarihi: 22.04.2021<br \/>ISBN: 9786053759904<br \/>Dil: T\u00dcRK\u00c7E<br \/>Sayfa Say\u0131s\u0131: 216<br \/>Cilt Tipi: Karton Kapak<br \/>Ka\u011f\u0131t Cinsi: Kitap Ka\u011f\u0131d\u0131<br \/>Boyut: 13.5 x 21 cm<\/p>","protected":false},"excerpt":{"rendered":"<p>Kemal Tahir, \u015f\u00fcphesiz ki edebiyat\u0131m\u0131z\u0131n en \u00f6nemli isimlerinden biri. O, yazd\u0131\u011f\u0131 t\u00fcm eserlerde insana bakan, onu evvela anlamaya ve elbette okura anlatmaya \u00e7al\u0131\u015fan ve bunu hakk\u0131yla yapan nadir yazarlardan. Dutlar Yeti\u015fmedi, \u00e7o\u011funlukla romanlar\u0131yla tan\u0131d\u0131\u011f\u0131m\u0131z bu b\u00fcy\u00fck yazar\u0131n \u00f6yk\u00fclerinden olu\u015fuyor. Bizi olu\u015fturan ne kadar de\u011fer, duygu ve erdem varsa onlar\u0131 i\u015fliyor Kemal Tahir. Okur bu \u00f6yk\u00fclerde Kemal Tahir\u2019in insana bak\u0131\u015f\u0131n\u0131, toplumsal duyarl\u0131l\u0131\u011f\u0131n\u0131 ve hepsinden \u00f6te dil hassasiyetini g\u00f6recek.<\/p>","protected":false},"featured_media":19970,"template":"","meta":{"spay_email":""},"product_cat":[168],"product_tag":[],"item":[476],"acf":[],"_links":{"self":[{"href":"https:\/\/mgvpublications.com\/de\/wp-json\/wp\/v2\/product\/19971"}],"collection":[{"href":"https:\/\/mgvpublications.com\/de\/wp-json\/wp\/v2\/product"}],"about":[{"href":"https:\/\/mgvpublications.com\/de\/wp-json\/wp\/v2\/types\/product"}],"wp:featuredmedia":[{"embeddable":true,"href":"https:\/\/mgvpublications.com\/de\/wp-json\/wp\/v2\/media\/19970"}],"wp:attachment":[{"href":"https:\/\/mgvpublications.com\/de\/wp-json\/wp\/v2\/media?parent=19971"}],"wp:term":[{"taxonomy":"product_cat","embeddable":true,"href":"https:\/\/mgvpublications.com\/de\/wp-json\/wp\/v2\/product_cat?post=19971"},{"taxonomy":"product_tag","embeddable":true,"href":"https:\/\/mgvpublications.com\/de\/wp-json\/wp\/v2\/product_tag?post=19971"},{"taxonomy":"item","embeddable":true,"href":"https:\/\/mgvpublications.com\/de\/wp-json\/wp\/v2\/item?post=19971"}],"curies":[{"name":"wp","href":"https:\/\/api.w.org\/{rel}","templated":true}]}}