{"id":19969,"date":"2021-07-03T23:36:22","date_gmt":"2021-07-03T21:36:22","guid":{"rendered":"https:\/\/mgvpublications.com\/produkt\/zehranin-defteri\/"},"modified":"2022-03-08T22:54:50","modified_gmt":"2022-03-08T21:54:50","slug":"zehranin-defteri","status":"publish","type":"product","link":"https:\/\/mgvpublications.com\/de\/zehranin-defteri\/","title":{"rendered":"Zehra&#8217;n\u0131n Defteri"},"content":{"rendered":"<p>Yay\u0131n Tarihi: 12.01.2018<br \/>ISBN: 9786053757542<br \/>Dil: T\u00dcRK\u00c7E<br \/>Sayfa Say\u0131s\u0131: 192<br \/>Cilt Tipi: Karton Kapak<br \/>Ka\u011f\u0131t Cinsi: Kitap Ka\u011f\u0131d\u0131<br \/>Boyut: 13.5 x 19.5 cm<\/p>","protected":false},"excerpt":{"rendered":"<p>Selahaddin Hilav\u2019\u0131n belirlemesiyle \u2018bizim Joyce\u2019umuz, T\u00fcrk Edebiyat\u0131\u2019n\u0131n b\u00fcy\u00fck ismi Kemal Tahir\u2019in y\u0131llard\u0131r ar\u015fivlerde bekleyen \u2018yay\u0131mlanmam\u0131\u015f \u00f6yk\u00fcleri\u2019 titiz ve \u00f6zenli bir \u00e7al\u0131\u015fmayla nihayet kitapla\u015ft\u0131. Kemal Tahir\u2019in en uzun \u00f6yk\u00fclerinden biri say\u0131labilecek Zehra\u2019n\u0131n \u00d6yk\u00fcs\u00fc\u2019nden ad\u0131n\u0131 alan ikinci ciltte a\u011f\u0131rl\u0131kl\u0131 olarak a\u015fk \u00f6yk\u00fcleri yer almakta. Kemal Tahir\u2019in \u00fczerinde \u00e7al\u0131\u015ft\u0131\u011f\u0131 ancak tamamlayamad\u0131\u011f\u0131 \u00f6yk\u00fcler de \u2018Yar\u0131m \u00d6yk\u00fcler\u2019 ba\u015fl\u0131\u011f\u0131 ile bu kitaba dahil edilmi\u015ftir.<\/p>","protected":false},"featured_media":19968,"template":"","meta":{"spay_email":""},"product_cat":[168],"product_tag":[],"item":[476],"acf":[],"_links":{"self":[{"href":"https:\/\/mgvpublications.com\/de\/wp-json\/wp\/v2\/product\/19969"}],"collection":[{"href":"https:\/\/mgvpublications.com\/de\/wp-json\/wp\/v2\/product"}],"about":[{"href":"https:\/\/mgvpublications.com\/de\/wp-json\/wp\/v2\/types\/product"}],"wp:featuredmedia":[{"embeddable":true,"href":"https:\/\/mgvpublications.com\/de\/wp-json\/wp\/v2\/media\/19968"}],"wp:attachment":[{"href":"https:\/\/mgvpublications.com\/de\/wp-json\/wp\/v2\/media?parent=19969"}],"wp:term":[{"taxonomy":"product_cat","embeddable":true,"href":"https:\/\/mgvpublications.com\/de\/wp-json\/wp\/v2\/product_cat?post=19969"},{"taxonomy":"product_tag","embeddable":true,"href":"https:\/\/mgvpublications.com\/de\/wp-json\/wp\/v2\/product_tag?post=19969"},{"taxonomy":"item","embeddable":true,"href":"https:\/\/mgvpublications.com\/de\/wp-json\/wp\/v2\/item?post=19969"}],"curies":[{"name":"wp","href":"https:\/\/api.w.org\/{rel}","templated":true}]}}