{"id":19963,"date":"2021-07-03T23:36:21","date_gmt":"2021-07-03T21:36:21","guid":{"rendered":"https:\/\/mgvpublications.com\/produkt\/hur-sehrin-insanlari-butun-yapitlari-21\/"},"modified":"2022-03-08T22:54:50","modified_gmt":"2022-03-08T21:54:50","slug":"hur-sehrin-insanlari-butun-yapitlari-21","status":"publish","type":"product","link":"https:\/\/mgvpublications.com\/de\/hur-sehrin-insanlari-butun-yapitlari-21\/","title":{"rendered":"H\u00fcr \u015eehrin \u0130nsanlar\u0131 \/ B\u00fct\u00fcn Yap\u0131tlar\u0131-21"},"content":{"rendered":"<p>Yay\u0131n Tarihi: 29.08.2019<br \/>ISBN: 9789752734326<br \/>Dil: T\u00dcRK\u00c7E<br \/>Sayfa Say\u0131s\u0131: 734<br \/>Cilt Tipi: Karton Kapak<br \/>Ka\u011f\u0131t Cinsi: Kitap Ka\u011f\u0131d\u0131<br \/>Boyut: 13.5 x 21 cm<\/p>","protected":false},"excerpt":{"rendered":"<p>H\u00fcr \u015eehrin \u0130nsanlar\u0131 \u00f6l\u00fcm\u00fcnden sonra Kemal Tahir&#8217;in &#8216;sar\u0131 defterleri&#8217; aras\u0131nda bulunmu\u015f bir romand\u0131r. Metnin sonundaki tarihten anla\u015f\u0131ld\u0131\u011f\u0131na g\u00f6re, \u00fcnl\u00fc romanc\u0131, bu yap\u0131t\u0131n\u0131 1949 y\u0131l\u0131nda \u00c7orum Cezaevi&#8217;nde tamamlam\u0131\u015f, sonradan \u00fczerinde \u00e7al\u0131\u015fmak \u00fczere bir kenara koymu\u015ftur. Gerek \u00f6yk\u00fcleme tekni\u011fi, gerek roman mimarisi y\u00f6n\u00fcnden &#8216;bitmi\u015f&#8217; izlenimini veren bu roman, sonradan Kemal Tahir diyalo\u011fu diye adland\u0131r\u0131lan diyalog \u00f6zelliklerini de ta\u015f\u0131makta, bu bak\u0131mdan da dikkati \u00e7ekmektedir. Yine de Kemal Tahir&#8217;in &#8220;H\u00fcr \u015eehrin \u0130nsanlar\u0131&#8221;n\u0131 &#8216;bitmi\u015f&#8217; bir eser saymad\u0131\u011f\u0131, sa\u011fl\u0131\u011f\u0131nda yay\u0131nlamay\u0131\u015f\u0131 kadar, eserde ge\u00e7en baz\u0131 olaylar\u0131 ve ki\u015fileri ba\u015fka romanlar\u0131nda, s\u00f6zgelimi &#8220;Yol Ayr\u0131m\u0131&#8221; ve &#8220;Kurt Kanunu&#8221;nda kullanm\u0131\u015f olmas\u0131ndan da bellidir. Zaten, otobiyografik niteli\u011fi a\u011f\u0131r basan bu yap\u0131t, zaman olarak, ad\u0131n\u0131 and\u0131\u011f\u0131m\u0131z iki roman\u0131n yerle\u015ftirildi\u011fi d\u00f6nemi kapsamaktad\u0131r. &#8220;H\u00fcr \u015eehrin \u0130nsanlar\u0131\u201d, bu perspektif i\u00e7inde okunmal\u0131d\u0131r ama, bu bi\u00e7imde b\u0131rak\u0131lm\u0131\u015f da olsa, Kemal Tahir&#8217;in bu roman\u0131nda yazar\u0131n kendisine \u00f6zg\u00fc anlat\u0131m\u0131, atmosferi ve ki\u015fileri, sa\u011flam bir \u00f6yk\u00fcleme d\u00fczeni i\u00e7inde sergilenmekte; eserin b\u00fct\u00fcn\u00fc, kurtulu\u015ftan sonraki canl\u0131 ve hareketli bir kesiti g\u00f6zler \u00f6n\u00fcne sermektedir.<\/p>","protected":false},"featured_media":19962,"template":"","meta":{"spay_email":""},"product_cat":[168],"product_tag":[],"item":[476],"acf":[],"_links":{"self":[{"href":"https:\/\/mgvpublications.com\/de\/wp-json\/wp\/v2\/product\/19963"}],"collection":[{"href":"https:\/\/mgvpublications.com\/de\/wp-json\/wp\/v2\/product"}],"about":[{"href":"https:\/\/mgvpublications.com\/de\/wp-json\/wp\/v2\/types\/product"}],"wp:featuredmedia":[{"embeddable":true,"href":"https:\/\/mgvpublications.com\/de\/wp-json\/wp\/v2\/media\/19962"}],"wp:attachment":[{"href":"https:\/\/mgvpublications.com\/de\/wp-json\/wp\/v2\/media?parent=19963"}],"wp:term":[{"taxonomy":"product_cat","embeddable":true,"href":"https:\/\/mgvpublications.com\/de\/wp-json\/wp\/v2\/product_cat?post=19963"},{"taxonomy":"product_tag","embeddable":true,"href":"https:\/\/mgvpublications.com\/de\/wp-json\/wp\/v2\/product_tag?post=19963"},{"taxonomy":"item","embeddable":true,"href":"https:\/\/mgvpublications.com\/de\/wp-json\/wp\/v2\/item?post=19963"}],"curies":[{"name":"wp","href":"https:\/\/api.w.org\/{rel}","templated":true}]}}