{"id":19961,"date":"2021-07-03T23:36:20","date_gmt":"2021-07-03T21:36:20","guid":{"rendered":"https:\/\/mgvpublications.com\/produkt\/yorgun-savasci\/"},"modified":"2022-03-08T22:54:50","modified_gmt":"2022-03-08T21:54:50","slug":"yorgun-savasci","status":"publish","type":"product","link":"https:\/\/mgvpublications.com\/de\/yorgun-savasci\/","title":{"rendered":"Yorgun Sava\u015f\u00e7\u0131"},"content":{"rendered":"<p>Yay\u0131n Tarihi: 18.05.2018<br \/>ISBN: 9789752731608<br \/>Dil: T\u00dcRK\u00c7E<br \/>Sayfa Say\u0131s\u0131: 496<br \/>Cilt Tipi: Karton Kapak<br \/>Ka\u011f\u0131t Cinsi: Kitap Ka\u011f\u0131d\u0131<br \/>Boyut: 13.5 x 21 cm<\/p>","protected":false},"excerpt":{"rendered":"<p>Esir \u015eehir \u00dc\u00e7lemesi\u2019nde Millicileri \u0130\u015fgal Kuvvetleri\u2019nin bask\u0131s\u0131 alt\u0131ndaki \u0130stanbul\u2019da anlatan Kemal Tahir, \u2018Yorgun Sava\u015f\u00e7\u0131\u2019da onlar\u0131 Anadolu\u2019ya g\u00f6nderir. \u2018Yol Ayr\u0131m\u0131\u2019nda yan karakterlerden biri olarak kar\u015f\u0131m\u0131za \u00e7\u0131kan Cehennem Top\u00e7u Cemil, \u2018Yorgun Sava\u015f\u00e7\u0131\u2019n\u0131n ba\u015f kahraman\u0131d\u0131r. \u0130stanbul\u2019a geldi\u011finden beri, bir t\u00fcrl\u00fc \u00fczerinden atamad\u0131\u011f\u0131 yorgunlu\u011fu sanki dinlendik\u00e7e \u00e7o\u011falan Cemil, bir yandan a\u015f\u0131k olup evlendi\u011fi teyze k\u0131z\u0131 Neriman ile her \u015feyi b\u0131rak\u0131p uzakta b\u00f6r k\u00f6yde ya\u015famay\u0131 isteycek kadar b\u0131kk\u0131n; di\u011fer yandan Anadolu\u2019ya ge\u00e7ip Milli M\u00fccadele\u2019de \u00f6n saflardayer almay\u0131 isteyecek kadar da cesurdur. 1919 ve 1920 y\u0131llar\u0131nda \u0130stanbul\u2019daki \u00f6rg\u00fctlenmeleri ve Anadolu direni\u015fini anlatan \u2018Yorgun Sava\u015f\u00e7\u0131\u2019, Cumhuriyet\u2019in kurulu\u015funa giden s\u00fcrecin roman\u0131 olarak da okunabilir.<\/p>","protected":false},"featured_media":19960,"template":"","meta":{"spay_email":""},"product_cat":[168],"product_tag":[],"item":[476],"acf":[],"_links":{"self":[{"href":"https:\/\/mgvpublications.com\/de\/wp-json\/wp\/v2\/product\/19961"}],"collection":[{"href":"https:\/\/mgvpublications.com\/de\/wp-json\/wp\/v2\/product"}],"about":[{"href":"https:\/\/mgvpublications.com\/de\/wp-json\/wp\/v2\/types\/product"}],"wp:featuredmedia":[{"embeddable":true,"href":"https:\/\/mgvpublications.com\/de\/wp-json\/wp\/v2\/media\/19960"}],"wp:attachment":[{"href":"https:\/\/mgvpublications.com\/de\/wp-json\/wp\/v2\/media?parent=19961"}],"wp:term":[{"taxonomy":"product_cat","embeddable":true,"href":"https:\/\/mgvpublications.com\/de\/wp-json\/wp\/v2\/product_cat?post=19961"},{"taxonomy":"product_tag","embeddable":true,"href":"https:\/\/mgvpublications.com\/de\/wp-json\/wp\/v2\/product_tag?post=19961"},{"taxonomy":"item","embeddable":true,"href":"https:\/\/mgvpublications.com\/de\/wp-json\/wp\/v2\/item?post=19961"}],"curies":[{"name":"wp","href":"https:\/\/api.w.org\/{rel}","templated":true}]}}