{"id":19957,"date":"2021-07-03T23:36:20","date_gmt":"2021-07-03T21:36:20","guid":{"rendered":"https:\/\/mgvpublications.com\/produkt\/yedicinar-yaylasi\/"},"modified":"2022-03-08T22:54:48","modified_gmt":"2022-03-08T21:54:48","slug":"yedicinar-yaylasi","status":"publish","type":"product","link":"https:\/\/mgvpublications.com\/de\/yedicinar-yaylasi\/","title":{"rendered":"Yedi\u00e7\u0131nar Yaylas\u0131"},"content":{"rendered":"<p>Yay\u0131n Tarihi: 12.03.2018<br \/>ISBN: 9789752734166<br \/>Dil: T\u00dcRK\u00c7E<br \/>Sayfa Say\u0131s\u0131: 336<br \/>Cilt Tipi: Karton Kapak<br \/>Ka\u011f\u0131t Cinsi: 3. Hm. Ka\u011f\u0131t<br \/>Boyut: 13.5 x 21 cm<\/p>","protected":false},"excerpt":{"rendered":"<p>\u201cBir neslin y\u00fcz ak\u0131d\u0131r Kemal tahir, T\u00fcrk d\u00fc\u015f\u00fcncesine ufuklar a\u00e7m\u0131\u015ft\u0131r. T\u00fcrk roman\u0131n\u0131n en yi\u011fit, en g\u00fc\u00e7l\u00fc, en b\u00fcy\u00fck temsilcisidir. Belki de \u00e7a\u011fda\u015f roman\u0131n demeliydim&#8230;\u201d Cemil Meri\u00e7<\/p>","protected":false},"featured_media":19956,"template":"","meta":{"spay_email":""},"product_cat":[168],"product_tag":[],"item":[476],"acf":[],"_links":{"self":[{"href":"https:\/\/mgvpublications.com\/de\/wp-json\/wp\/v2\/product\/19957"}],"collection":[{"href":"https:\/\/mgvpublications.com\/de\/wp-json\/wp\/v2\/product"}],"about":[{"href":"https:\/\/mgvpublications.com\/de\/wp-json\/wp\/v2\/types\/product"}],"wp:featuredmedia":[{"embeddable":true,"href":"https:\/\/mgvpublications.com\/de\/wp-json\/wp\/v2\/media\/19956"}],"wp:attachment":[{"href":"https:\/\/mgvpublications.com\/de\/wp-json\/wp\/v2\/media?parent=19957"}],"wp:term":[{"taxonomy":"product_cat","embeddable":true,"href":"https:\/\/mgvpublications.com\/de\/wp-json\/wp\/v2\/product_cat?post=19957"},{"taxonomy":"product_tag","embeddable":true,"href":"https:\/\/mgvpublications.com\/de\/wp-json\/wp\/v2\/product_tag?post=19957"},{"taxonomy":"item","embeddable":true,"href":"https:\/\/mgvpublications.com\/de\/wp-json\/wp\/v2\/item?post=19957"}],"curies":[{"name":"wp","href":"https:\/\/api.w.org\/{rel}","templated":true}]}}