{"id":19945,"date":"2021-07-03T23:36:14","date_gmt":"2021-07-03T21:36:14","guid":{"rendered":"https:\/\/mgvpublications.com\/produkt\/devlet-i-aliyye-v-osmanli-imparatorlugu-uzerine-arastirmalar\/"},"modified":"2022-03-08T22:54:47","modified_gmt":"2022-03-08T21:54:47","slug":"devlet-i-aliyye-v-osmanli-imparatorlugu-uzerine-arastirmalar","status":"publish","type":"product","link":"https:\/\/mgvpublications.com\/de\/devlet-i-aliyye-v-osmanli-imparatorlugu-uzerine-arastirmalar\/","title":{"rendered":"Devlet-i \u2018Aliyye V &#8211; Osmanl\u0131 \u0130mparatorlu\u011fu \u00dczerine Ara\u015ft\u0131rmalar"},"content":{"rendered":"<p>Yay\u0131n Tarihi: 18.05.2021<br \/>ISBN: 9786254053696<br \/>Dil: T\u00dcRK\u00c7E<br \/>Sayfa Say\u0131s\u0131: 872<br \/>Cilt Tipi: Karton Kapak<br \/>Ka\u011f\u0131t Cinsi: Kitap Ka\u011f\u0131d\u0131<br \/>Boyut: 15.5 x 23 cm<\/p>","protected":false},"excerpt":{"rendered":"<p>Devlet-i \u2018Aliyye\u2019nin birinci cildi Osmanl\u0131 Devleti\u2019nin bir beylikten Balkanlar ve Ortado\u011fu\u2019ya h\u00fckmeden g\u00fc\u00e7l\u00fc bir imparatorlu\u011fa d\u00f6n\u00fc\u015f\u00fcm\u00fcn\u00fc konu al\u0131r. \u0130kinci cilt, padi\u015fah ve devlet otoritesinin zay\u0131flad\u0131\u011f\u0131 17. y\u00fczy\u0131l\u0131n ilk yar\u0131s\u0131ndaki iktidar m\u00fccadelelerini inceler. \u00dc\u00e7\u00fcnc\u00fc cilt, merkezi devlet otoritesinin yeniden kuruldu\u011fu \u201cK\u00f6pr\u00fcl\u00fcler\u201d d\u00f6nemini, Orta Avrupa\u2019da Habsburglarla s\u00fcren uzun iktidar m\u00fccadelesini, mal\u00ee ve siyas\u00ee bunal\u0131ma kar\u015f\u0131 \u00e7\u00f6z\u00fcm aray\u0131\u015flar\u0131n\u0131 ayr\u0131nt\u0131lar\u0131yla ele al\u0131r. D\u00f6rd\u00fcnc\u00fc cilt ise, Osmanl\u0131 Devleti\u2019nin ge\u00e7irdi\u011fi asker\u00ee ve mal\u00ee d\u00f6n\u00fc\u015f\u00fcm\u00fc mercek alt\u0131na al\u0131r, Tanzimat ve Me\u015frutiyet d\u00f6nemine kadar uzanan s\u00fcre\u00e7te geli\u015fen olaylar\u0131 takip eder. Ayr\u0131ca Birinci D\u00fcnya ve Kurtulu\u015f Sava\u015flar\u0131 sonunda T\u00fcrkiye Cumhuriyeti\u2019nin kurulmas\u0131na uzanan geni\u015f bir kesit sunar. Osmanl\u0131 Devleti\u2019nin kurulu\u015f devrinin, hukuk\u00ee ve idar\u00ee te\u015fkil\u00e2t\u0131n\u0131n, ekonomik, sosyal ve toplumsal altyap\u0131s\u0131n\u0131n detayl\u0131 olarak i\u015flendi\u011fi Devlet-i \u2018Aliyye k\u00fclliyat\u0131n\u0131n be\u015finci cildi, Osmanl\u0131-Avrupa ili\u015fkileri, Annales Okulu ve bu okulun Osmanl\u0131 tarih ara\u015ft\u0131rmalar\u0131na etkisiyle sonlan\u0131yor. Halil \u0130nalc\u0131k\u2019\u0131n bu son cilt i\u00e7in bir araya getirdi\u011fi \u0130ngilizce ve T\u00fcrk\u00e7e makalelerinin yer ald\u0131\u011f\u0131 eserde, ayr\u0131ca serinin tamam\u0131n\u0131 ihtiva eden detayl\u0131 bibliyografya da sunulmaktad\u0131r.<\/p>","protected":false},"featured_media":19944,"template":"","meta":{"spay_email":""},"product_cat":[170],"product_tag":[],"item":[336],"acf":[],"_links":{"self":[{"href":"https:\/\/mgvpublications.com\/de\/wp-json\/wp\/v2\/product\/19945"}],"collection":[{"href":"https:\/\/mgvpublications.com\/de\/wp-json\/wp\/v2\/product"}],"about":[{"href":"https:\/\/mgvpublications.com\/de\/wp-json\/wp\/v2\/types\/product"}],"wp:featuredmedia":[{"embeddable":true,"href":"https:\/\/mgvpublications.com\/de\/wp-json\/wp\/v2\/media\/19944"}],"wp:attachment":[{"href":"https:\/\/mgvpublications.com\/de\/wp-json\/wp\/v2\/media?parent=19945"}],"wp:term":[{"taxonomy":"product_cat","embeddable":true,"href":"https:\/\/mgvpublications.com\/de\/wp-json\/wp\/v2\/product_cat?post=19945"},{"taxonomy":"product_tag","embeddable":true,"href":"https:\/\/mgvpublications.com\/de\/wp-json\/wp\/v2\/product_tag?post=19945"},{"taxonomy":"item","embeddable":true,"href":"https:\/\/mgvpublications.com\/de\/wp-json\/wp\/v2\/item?post=19945"}],"curies":[{"name":"wp","href":"https:\/\/api.w.org\/{rel}","templated":true}]}}