{"id":19931,"date":"2021-07-03T23:36:08","date_gmt":"2021-07-03T21:36:08","guid":{"rendered":"https:\/\/mgvpublications.com\/produkt\/aspidistra\/"},"modified":"2022-03-08T22:54:45","modified_gmt":"2022-03-08T21:54:45","slug":"aspidistra","status":"publish","type":"product","link":"https:\/\/mgvpublications.com\/de\/aspidistra\/","title":{"rendered":"Aspidistra"},"content":{"rendered":"<p>\u00c7evirmen: \u015eemsa Ye\u011fin<br \/>Yay\u0131n Tarihi: 06.08.2019<br \/>ISBN: 9789750734403<br \/>Dil: T\u00dcRK\u00c7E<br \/>Sayfa Say\u0131s\u0131: 296<br \/>Cilt Tipi: Karton Kapak<br \/>Ka\u011f\u0131t Cinsi: Kitap Ka\u011f\u0131d\u0131<br \/>Boyut: 12.5 x 19.5 cm<\/p>","protected":false},"excerpt":{"rendered":"<p>\u0130ngiliz romanc\u0131 George Orwell, Hayvan \u00c7iftli\u011fi adl\u0131 siyasal masal\u0131nda, zorbal\u0131\u011fa d\u00f6n\u00fc\u015fen Stalin y\u00f6netimini yerden yere vurmu\u015f; Bin Dokuz Y\u00fcz Seksen D\u00f6rt adl\u0131 \u00fcnl\u00fc yap\u0131t\u0131nda da insanl\u0131\u011f\u0131 belleksiz ve muhalefetsiz bir totaliter toplum tehlikesine kar\u015f\u0131 uyarm\u0131\u015ft\u0131. Ama bu iki b\u00fcy\u00fck yap\u0131t\u0131ndan \u00f6nce, 1930\u2019lar \u0130ngiltere\u2019sinde \u2018s\u0131n\u0131f atlama \u00f6zlemi\u2019ni benzersiz bir kara mizahla ele\u015ftirdi\u011fi Aspidistra roman\u0131n\u0131 kaleme alm\u0131\u015ft\u0131. Aspidistra, s\u0131n\u0131f atlama \u00f6zentisindeki dar gelirlilerin bir stat\u00fc simgesi olarak g\u00f6rd\u00fckleri, evlerinden eksik etmedikleri \u00e7i\u00e7eksiz bir zambak t\u00fcr\u00fcd\u00fcr. Bir rekl\u00e2m ajans\u0131nda metin yazarl\u0131\u011f\u0131 yapan Gordon Comstock, kapitalizmin yutturmacas\u0131 olarak g\u00f6rd\u00fc\u011f\u00fc rekl\u00e2mc\u0131l\u0131ktan nefret eder, orta s\u0131n\u0131f\u0131n bo\u011fucu ya\u015fam\u0131ndan ka\u00e7arak \u015fairli\u011fe soyunur. Bu u\u011furda sevgilisinden ayr\u0131lmay\u0131 bile g\u00f6ze al\u0131r; ama roman\u0131n s\u00fcrpriz sonunu yine sevgilisi yaratacakt\u0131r.<\/p>","protected":false},"featured_media":19930,"template":"","meta":{"spay_email":""},"product_cat":[168],"product_tag":[],"item":[369],"acf":[],"_links":{"self":[{"href":"https:\/\/mgvpublications.com\/de\/wp-json\/wp\/v2\/product\/19931"}],"collection":[{"href":"https:\/\/mgvpublications.com\/de\/wp-json\/wp\/v2\/product"}],"about":[{"href":"https:\/\/mgvpublications.com\/de\/wp-json\/wp\/v2\/types\/product"}],"wp:featuredmedia":[{"embeddable":true,"href":"https:\/\/mgvpublications.com\/de\/wp-json\/wp\/v2\/media\/19930"}],"wp:attachment":[{"href":"https:\/\/mgvpublications.com\/de\/wp-json\/wp\/v2\/media?parent=19931"}],"wp:term":[{"taxonomy":"product_cat","embeddable":true,"href":"https:\/\/mgvpublications.com\/de\/wp-json\/wp\/v2\/product_cat?post=19931"},{"taxonomy":"product_tag","embeddable":true,"href":"https:\/\/mgvpublications.com\/de\/wp-json\/wp\/v2\/product_tag?post=19931"},{"taxonomy":"item","embeddable":true,"href":"https:\/\/mgvpublications.com\/de\/wp-json\/wp\/v2\/item?post=19931"}],"curies":[{"name":"wp","href":"https:\/\/api.w.org\/{rel}","templated":true}]}}