{"id":19919,"date":"2021-07-03T23:36:05","date_gmt":"2021-07-03T21:36:05","guid":{"rendered":"https:\/\/mgvpublications.com\/produkt\/kanuni-kilicin-yapamadigini-adalet-yapar\/"},"modified":"2022-03-08T22:54:44","modified_gmt":"2022-03-08T21:54:44","slug":"kanuni-kilicin-yapamadigini-adalet-yapar","status":"publish","type":"product","link":"https:\/\/mgvpublications.com\/de\/kanuni-kilicin-yapamadigini-adalet-yapar\/","title":{"rendered":"Kanuni K\u0131l\u0131c\u0131n Yapamad\u0131\u011f\u0131n\u0131 Adalet Yapar"},"content":{"rendered":"<p>Yay\u0131n Tarihi: 04.08.2017<br \/>ISBN: 9786051141787<br \/>Dil: T\u00dcRK\u00c7E<br \/>Sayfa Say\u0131s\u0131: 288<br \/>Cilt Tipi: Karton Kapak<br \/>Ka\u011f\u0131t Cinsi: Kitap Ka\u011f\u0131d\u0131<br \/>Boyut: 13.5 x 21 cm<\/p>","protected":false},"excerpt":{"rendered":"<p>Kanuni: D\u00fcnya Bir Hayaldir s\u00f6z\u00fcn\u00fc \u015fiar edinmi\u015f Adalet Sultan\u0131 H\u00fcrrem: Kanuni&#8217;ye, a\u015fk\u0131n\u0131 mektuplara g\u00f6zya\u015flar\u0131na i\u015fleyen, bir iktidar tutkunu Pargal\u0131 \u0130brahim: K\u00f6lelikten sadrazaml\u0131\u011fa giden yolda her t\u00fcrl\u00fc ihaneti g\u00f6ze alan bir entrika ustas\u0131 Vehimi: Vatikan ajanlar\u0131yla d\u00fcnyan\u0131n her yerinde \u00e7arp\u0131\u015fan yavuz bir istihbarat\u00e7\u0131 Fatih&#8217;in ku\u015fat\u0131p alamad\u0131\u011f\u0131 Belgrad&#8217;\u0131n Fethi, 7 ay s\u00fcren Rodos Ku\u015fatmas\u0131 ve d\u00fcnya tarihinin en \u00fcnl\u00fc meydan sava\u015flar\u0131ndan Moha\u00e7&#8230; Tarihte hep merak edilegelmi\u015f bu karakter ve olaylar, \u00f6d\u00fcll\u00fc yazar Okay Tiryakio\u011flu&#8217;nun edebi \u00fcslubu ve \u015fa\u015f\u0131rt\u0131c\u0131 kurgusuyla Kanuni roman\u0131nda bir araya geliyor. 46 y\u0131l s\u00fcrecek Sultan S\u00fcleyman d\u00f6neminin ilk y\u0131llar\u0131n\u0131 i\u015fleyen KANUN\u0130, kendisni takip edecek kitap i\u00e7in heyecan olu\u015fturuyor.<\/p>","protected":false},"featured_media":19918,"template":"","meta":{"spay_email":""},"product_cat":[168],"product_tag":[],"item":[360],"acf":[],"_links":{"self":[{"href":"https:\/\/mgvpublications.com\/de\/wp-json\/wp\/v2\/product\/19919"}],"collection":[{"href":"https:\/\/mgvpublications.com\/de\/wp-json\/wp\/v2\/product"}],"about":[{"href":"https:\/\/mgvpublications.com\/de\/wp-json\/wp\/v2\/types\/product"}],"wp:featuredmedia":[{"embeddable":true,"href":"https:\/\/mgvpublications.com\/de\/wp-json\/wp\/v2\/media\/19918"}],"wp:attachment":[{"href":"https:\/\/mgvpublications.com\/de\/wp-json\/wp\/v2\/media?parent=19919"}],"wp:term":[{"taxonomy":"product_cat","embeddable":true,"href":"https:\/\/mgvpublications.com\/de\/wp-json\/wp\/v2\/product_cat?post=19919"},{"taxonomy":"product_tag","embeddable":true,"href":"https:\/\/mgvpublications.com\/de\/wp-json\/wp\/v2\/product_tag?post=19919"},{"taxonomy":"item","embeddable":true,"href":"https:\/\/mgvpublications.com\/de\/wp-json\/wp\/v2\/item?post=19919"}],"curies":[{"name":"wp","href":"https:\/\/api.w.org\/{rel}","templated":true}]}}