{"id":19915,"date":"2021-07-03T23:36:04","date_gmt":"2021-07-03T21:36:04","guid":{"rendered":"https:\/\/mgvpublications.com\/produkt\/kurt-ve-kuzgun-caldiran-kiliclarin-ve-siirlerin-savasi\/"},"modified":"2022-03-08T22:54:42","modified_gmt":"2022-03-08T21:54:42","slug":"kurt-ve-kuzgun-caldiran-kiliclarin-ve-siirlerin-savasi","status":"publish","type":"product","link":"https:\/\/mgvpublications.com\/de\/kurt-ve-kuzgun-caldiran-kiliclarin-ve-siirlerin-savasi\/","title":{"rendered":"Kurt ve Kuzgun \/ \u00c7ald\u0131ran K\u0131l\u0131\u00e7lar\u0131n ve \u015eiirlerin Sava\u015f\u0131"},"content":{"rendered":"<p>Yay\u0131n Tarihi: 31.10.2019<br \/>ISBN: 9786050823875<br \/>Dil: T\u00dcRK\u00c7E<br \/>Sayfa Say\u0131s\u0131: 344<br \/>Cilt Tipi: Karton Kapak<br \/>Ka\u011f\u0131t Cinsi: Kitap Ka\u011f\u0131d\u0131<br \/>Boyut: 13.5 x 21 cm<\/p>","protected":false},"excerpt":{"rendered":"<p>Cihan\u0131 titreten bir h\u00fck\u00fcmdar, Yavuz Sultan Selim\u2026 Do\u011fuya nam salan \u015fahlar\u0131n \u015fah\u0131, \u015eah \u0130smail\u2026 Y\u00fcz\u00fcn\u00fc bat\u0131dan sonra do\u011fuya d\u00f6nd\u00fcren Osmanl\u0131lar\u2026 Her ge\u00e7en g\u00fcn biraz daha g\u00fc\u00e7lenen, g\u00fc\u00e7lendik\u00e7e de sesi y\u00fckselen Safeviler\u2026 Ve d\u00fcnyan\u0131n kaderini de\u011fi\u015ftiren bir sava\u015f, \u00c7ald\u0131ran\u2026 Osmanl\u0131\u2019ya do\u011funun kap\u0131lar\u0131n\u0131 a\u00e7an sava\u015f\u0131n, en zorlu \u00e7arp\u0131\u015fma anlar\u0131nda g\u00fcle oynaya \u00f6l\u00fcme y\u00fcr\u00fcyebilen ads\u0131z kahramanlar, Karatu\u011flar\u2026 Ve Osmanl\u0131\u2019n\u0131n gelece\u011fine damga vuran casuslar\u0131n piri, Vehimi! Tarihi romanlar\u0131yla y\u00fcz binlerce okuru ge\u00e7mi\u015fin \u015fanl\u0131 zaferleri ve heyecan dolu sahneleriyle bulu\u015fturan \u00f6d\u00fcll\u00fc yazar Okay Tiryakio\u011flu, \u00c7ald\u0131ran Muharebesi\u2019nin 500. y\u0131l\u0131nda bug\u00fcnk\u00fc Ortado\u011fu haritas\u0131n\u0131n temellerini atan sava\u015f\u0131 yazd\u0131. \u00c7ALDIRAN\u2026 Yaln\u0131zca k\u0131l\u0131\u00e7lar\u0131n de\u011fil, \u015fiirlerin de en g\u00fc\u00e7l\u00fc silahlar kadar etkili oldu\u011fu k\u0131ran k\u0131rana bir m\u00fccadele\u2026<\/p>","protected":false},"featured_media":19914,"template":"","meta":{"spay_email":""},"product_cat":[168],"product_tag":[],"item":[360],"acf":[],"_links":{"self":[{"href":"https:\/\/mgvpublications.com\/de\/wp-json\/wp\/v2\/product\/19915"}],"collection":[{"href":"https:\/\/mgvpublications.com\/de\/wp-json\/wp\/v2\/product"}],"about":[{"href":"https:\/\/mgvpublications.com\/de\/wp-json\/wp\/v2\/types\/product"}],"wp:featuredmedia":[{"embeddable":true,"href":"https:\/\/mgvpublications.com\/de\/wp-json\/wp\/v2\/media\/19914"}],"wp:attachment":[{"href":"https:\/\/mgvpublications.com\/de\/wp-json\/wp\/v2\/media?parent=19915"}],"wp:term":[{"taxonomy":"product_cat","embeddable":true,"href":"https:\/\/mgvpublications.com\/de\/wp-json\/wp\/v2\/product_cat?post=19915"},{"taxonomy":"product_tag","embeddable":true,"href":"https:\/\/mgvpublications.com\/de\/wp-json\/wp\/v2\/product_tag?post=19915"},{"taxonomy":"item","embeddable":true,"href":"https:\/\/mgvpublications.com\/de\/wp-json\/wp\/v2\/item?post=19915"}],"curies":[{"name":"wp","href":"https:\/\/api.w.org\/{rel}","templated":true}]}}