{"id":19913,"date":"2021-07-03T23:36:01","date_gmt":"2021-07-03T21:36:01","guid":{"rendered":"https:\/\/mgvpublications.com\/produkt\/yildirim-bayezid\/"},"modified":"2022-03-08T22:54:42","modified_gmt":"2022-03-08T21:54:42","slug":"yildirim-bayezid","status":"publish","type":"product","link":"https:\/\/mgvpublications.com\/de\/yildirim-bayezid\/","title":{"rendered":"Y\u0131ld\u0131r\u0131m Bayezid"},"content":{"rendered":"<p>Yay\u0131n Tarihi: 29.05.2020<br \/>ISBN: 9786050811865<br \/>Dil: T\u00dcRK\u00c7E<br \/>Sayfa Say\u0131s\u0131: 336<br \/>Cilt Tipi: Karton Kapak<br \/>Ka\u011f\u0131t Cinsi: Kitap Ka\u011f\u0131d\u0131<br \/>Boyut: 13.5 x 21 cm<\/p>","protected":false},"excerpt":{"rendered":"<p>Y\u0131ld\u0131r\u0131m lakapl\u0131 \u015eehzade Bayezid, alazlan\u0131p yanan bir entrika \u00e7emberinin i\u00e7inde tahta ge\u00e7ti. En yak\u0131n\u0131nda bulunan Alkan Bo\u011fa\u2019n\u0131n, karde\u015fi Yakup\u2019u da yan\u0131na katarak etti\u011fi ihaneti seziyordu. Kendisine di\u015f bileyen, kalabal\u0131k ha\u00e7l\u0131 ordular\u0131n\u0131n entrikalar\u0131n\u0131 ensesinde hissediyordu. Kad\u0131 Burhaneddin\u2019in g\u00f6lgesini yan\u0131 ba\u015f\u0131nda g\u00f6r\u00fcyor, Anadolu ve u\u00e7 beylerinin emniyet hislerini bertaraf etti\u011fini biliyordu. \u201cAd\u0131mlar\u0131n\u0131 sa\u011flam basan, y\u00fcre\u011findeki korkuyu da s\u00f6ker atar!\u201d dedi ve mert\u00e7e sar\u0131ld\u0131 belindeki baltaya, d\u00fc\u015ft\u00fc harp meydanlar\u0131na. Zek\u00e2s\u0131yla ve bile\u011fiyle kazand\u0131\u011f\u0131 onca zaferden sonra Bayezid\u2019in \u00f6n\u00fcnde kim durabilecekti art\u0131k? Hangi kalle\u015f tuzak onun saltanat\u0131n\u0131 aya\u011f\u0131na dolayabilecekti? Tarihi romanlar\u0131n vazge\u00e7ilmez ismi, \u00f6d\u00fcll\u00fc yazar Okay Tiryakio\u011flu\u2019nun, Y\u0131ld\u0131r\u0131m Bayezid\u2019in tahta ge\u00e7i\u015f ve y\u00fckseli\u015f d\u00f6nemini anlatt\u0131\u011f\u0131 bu muhte\u015fem kurguyu soluksuz okuyacaks\u0131n\u0131z.<\/p>","protected":false},"featured_media":19912,"template":"","meta":{"spay_email":""},"product_cat":[168],"product_tag":[],"item":[360],"acf":[],"_links":{"self":[{"href":"https:\/\/mgvpublications.com\/de\/wp-json\/wp\/v2\/product\/19913"}],"collection":[{"href":"https:\/\/mgvpublications.com\/de\/wp-json\/wp\/v2\/product"}],"about":[{"href":"https:\/\/mgvpublications.com\/de\/wp-json\/wp\/v2\/types\/product"}],"wp:featuredmedia":[{"embeddable":true,"href":"https:\/\/mgvpublications.com\/de\/wp-json\/wp\/v2\/media\/19912"}],"wp:attachment":[{"href":"https:\/\/mgvpublications.com\/de\/wp-json\/wp\/v2\/media?parent=19913"}],"wp:term":[{"taxonomy":"product_cat","embeddable":true,"href":"https:\/\/mgvpublications.com\/de\/wp-json\/wp\/v2\/product_cat?post=19913"},{"taxonomy":"product_tag","embeddable":true,"href":"https:\/\/mgvpublications.com\/de\/wp-json\/wp\/v2\/product_tag?post=19913"},{"taxonomy":"item","embeddable":true,"href":"https:\/\/mgvpublications.com\/de\/wp-json\/wp\/v2\/item?post=19913"}],"curies":[{"name":"wp","href":"https:\/\/api.w.org\/{rel}","templated":true}]}}