{"id":19911,"date":"2021-07-03T23:36:01","date_gmt":"2021-07-03T21:36:01","guid":{"rendered":"https:\/\/mgvpublications.com\/produkt\/kayip-sir\/"},"modified":"2022-03-08T22:54:42","modified_gmt":"2022-03-08T21:54:42","slug":"kayip-sir","status":"publish","type":"product","link":"https:\/\/mgvpublications.com\/de\/kayip-sir\/","title":{"rendered":"Kay\u0131p S\u0131r"},"content":{"rendered":"<p>Yay\u0131n Tarihi: 23.06.2020<br \/>ISBN: 9786050824247<br \/>Dil: T\u00dcRK\u00c7E<br \/>Sayfa Say\u0131s\u0131: 440<br \/>Cilt Tipi: Karton Kapak<br \/>Ka\u011f\u0131t Cinsi: Kitap Ka\u011f\u0131d\u0131<br \/>Boyut: 13.5 x 21 cm<\/p>","protected":false},"excerpt":{"rendered":"<p>Yavuz Sultan Selim Han\u2019\u0131n M\u0131s\u0131r Seferi devam ederken, Portekizlilerin Hazreti Peygamber\u2019in kabrini a\u00e7ma ve m\u00fcbarek naa\u015f\u0131n\u0131 ka\u00e7\u0131rma planlar\u0131 yeniden mi g\u00fcndeme geliyordu? E\u011fer \u00f6yleyse, bu menfur giri\u015fimin arkas\u0131nda yatan sebepler neydi ve buna kim mani olacakt\u0131? Vehimi Orhun \u00c7elebi \u00f6nderli\u011findeki Hilaliler, bu defa Portekizli Amiral Alfonso d\u2019Albuquerque ve Vatikan istihbarat \u00f6rg\u00fct\u00fc Demir Ha\u00e7\u2019a kar\u015f\u0131 unutulmaz bir m\u00fccadeleye giri\u015fiyor&#8230; Bu k\u0131yas\u0131ya m\u00fccadele i\u00e7inde Vehimi ve \u00c7elik Hilal \u00fcyeleri Hazreti Peygamber\u2019in m\u00fcbarek bedenlerini muhafaza etmek i\u00e7in nas\u0131l \u00e7al\u0131\u015facak? Sahip olan\u0131n daimi bir muzafferiyeti kucaklad\u0131\u011f\u0131na inan\u0131lan Hazreti Davut\u2019un k\u0131l\u0131c\u0131n\u0131 \u0130stanbul\u2019a getirebilecekler mi? Onunla seyahat edenlerin bereketli g\u00fcney denizlerinde g\u00f6r\u00fcnmez olarak dola\u015faca\u011f\u0131 efsanesindeki Cantino Haritas\u0131\u2019n\u0131 ele ge\u00e7irebilecekler mi? T\u00fcrkiye\u2019nin en \u00e7ok okunan tarih\u00ee romanlar\u0131n\u0131n yazar\u0131, okurlar\u0131 taraf\u0131ndan \u201cg\u00fcn\u00fcm\u00fcz\u00fcn Peyami Safa\u2019s\u0131\u201d olarak an\u0131lan Okay Tiryakio\u011flu, bu roman\u0131yla tarihte \u00e7ok \u00f6nemli bir tu\u011flay\u0131 yerine yerle\u015ftiriyor.<\/p>","protected":false},"featured_media":19910,"template":"","meta":{"spay_email":""},"product_cat":[168],"product_tag":[],"item":[360],"acf":[],"_links":{"self":[{"href":"https:\/\/mgvpublications.com\/de\/wp-json\/wp\/v2\/product\/19911"}],"collection":[{"href":"https:\/\/mgvpublications.com\/de\/wp-json\/wp\/v2\/product"}],"about":[{"href":"https:\/\/mgvpublications.com\/de\/wp-json\/wp\/v2\/types\/product"}],"wp:featuredmedia":[{"embeddable":true,"href":"https:\/\/mgvpublications.com\/de\/wp-json\/wp\/v2\/media\/19910"}],"wp:attachment":[{"href":"https:\/\/mgvpublications.com\/de\/wp-json\/wp\/v2\/media?parent=19911"}],"wp:term":[{"taxonomy":"product_cat","embeddable":true,"href":"https:\/\/mgvpublications.com\/de\/wp-json\/wp\/v2\/product_cat?post=19911"},{"taxonomy":"product_tag","embeddable":true,"href":"https:\/\/mgvpublications.com\/de\/wp-json\/wp\/v2\/product_tag?post=19911"},{"taxonomy":"item","embeddable":true,"href":"https:\/\/mgvpublications.com\/de\/wp-json\/wp\/v2\/item?post=19911"}],"curies":[{"name":"wp","href":"https:\/\/api.w.org\/{rel}","templated":true}]}}