{"id":19909,"date":"2021-07-03T23:36:00","date_gmt":"2021-07-03T21:36:00","guid":{"rendered":"https:\/\/mgvpublications.com\/produkt\/kusatma-1453\/"},"modified":"2022-03-08T22:54:42","modified_gmt":"2022-03-08T21:54:42","slug":"kusatma-1453","status":"publish","type":"product","link":"https:\/\/mgvpublications.com\/de\/kusatma-1453\/","title":{"rendered":"Ku\u015fatma 1453"},"content":{"rendered":"<p>Kapak: Ravza K\u0131z\u0131ltu\u011f<br \/>Yay\u0131n Tarihi: 21.06.2019<br \/>ISBN: 9789752639829<br \/>Dil: T\u00dcRK\u00c7E<br \/>Sayfa Say\u0131s\u0131: 288<br \/>Cilt Tipi: Karton Kapak<br \/>Ka\u011f\u0131t Cinsi: Kitap Ka\u011f\u0131d\u0131<br \/>Boyut: 13.5 x 21 cm<\/p>","protected":false},"excerpt":{"rendered":"<p>Bir \u00e7a\u011f\u0131 kapay\u0131p ba\u015fka bir \u00e7a\u011f a\u00e7an \u0130stanbul\u2019un fethi, imparatorluklar\u0131n ve insanlar\u0131n kaderinde farkl\u0131 yank\u0131lar buldu. Zafer ve yenilgi kutuplar\u0131nda birbirine z\u0131t \u00f6yk\u00fcler tarihin o unutulmaz an\u0131nda bulu\u015ftu. Ku\u015fatma ve fetih, sadece siyasi manevralar, mezhep \u00e7at\u0131\u015fmalar\u0131, asker\u00ee haz\u0131rl\u0131klar ve \u00e7arp\u0131\u015fma de\u011fil, ayn\u0131 zamanda sultanlar\u0131n, imparatorlar\u0131n, pa\u015falar\u0131n ve askerlerin \u015fahs\u00ee \u00f6yk\u00fcs\u00fc anlam\u0131na geliyordu. Stratejik bir deha ve ola\u011fan\u00fcst\u00fc bir komutan olan, ayn\u0131 zamanda yedi dil konu\u015fup d\u00f6nemin \u00e2limlerinin terbiyesinden ge\u00e7en, Avn\u00ee mahlas\u0131yla \u015fiirler yazan II. Mehmed, sultan ve fatih olman\u0131n \u00f6tesinde i\u00e7 hesapla\u015fmalar\u0131, teredd\u00fctleri, duygusall\u0131klar\u0131 olan yirmi bir ya\u015f\u0131nda bir gen\u00e7ti. \u201cKu\u015fatma 1453\u201d roman\u0131, d\u00fcnya tarihini de\u011fi\u015ftiren \u0130stanbul\u2019un fethinin ve fatihinin \u00f6yk\u00fcs\u00fcn\u00fc s\u00fcr\u00fckleyici bir kurgu ve zengin tarihsel verilerle anlat\u0131yor. *** Konstantiniyye \u015fehri ile s\u0131n\u0131rl\u0131 hale gelen Do\u011fu Roma \u0130mparatorlu\u011fu\u2019nun \u00e7aresizli\u011fi, Latin istilas\u0131n\u0131n Bizans halk\u0131nda b\u0131rakt\u0131\u011f\u0131 nefret ve bezginlik, g\u00f6kten inecek Meryem\u2019in \u015fehri koruyaca\u011f\u0131 efsaneleriyle kendilerini avutan insanlar ve d\u00fc\u015fman\u0131n hayal bile edemeyece\u011fi donanmalara sahip gen\u00e7 sultan\u2026 Okay Tiryakio\u011flu\u2019nun kaleminden, tarihin orta yerine saplanm\u0131\u015f bir k\u0131l\u0131\u00e7 gibi duran muhte\u015fem ku\u015fatmay\u0131 soluk solu\u011fa okuyacaks\u0131n\u0131z. \u201cBu ku\u015fatma ba\u015far\u0131s\u0131z olursa e\u011fer, muhaliflerinin babana g\u00f6sterdikleri ho\u015fg\u00f6r\u00fcy\u00fc sana g\u00f6stermeyeceklerini seziyorsun. Kaybedece\u011fin itibar kayb\u0131yla taht\u0131nda uzun s\u00fcre oturamayaca\u011f\u0131n\u0131n hesab\u0131n\u0131 yapmaya ba\u015fl\u0131yorsun. B\u00f6yle umutsuzlu\u011fa kap\u0131ld\u0131\u011f\u0131n zamanlarda Peygamber\u2019in, \u2018Kostantiniyye, bir g\u00fcn feth olunacakt\u0131r. Onu fetheden asker ne g\u00fczel asker, onu fetheden komutan ne g\u00fczel komutand\u0131r\u2019 hadisini hat\u0131rl\u0131yor, o komutan\u0131n sen olabilece\u011fine dair muhte\u015fem hayallere kap\u0131l\u0131yorsun. Y\u00fcre\u011finde m\u00fcthi\u015f bir g\u00fc\u00e7 buluyorsun o anlarda. \u0130\u015fte \u015fimdi yine durmu\u015f, terli bedenin so\u011fuk odan\u0131n i\u00e7inde s\u00fcratle so\u011furken, \u00fczerini giyinmen i\u00e7in seni uyaran hizmetk\u00e2rlar\u0131n\u0131 duymuyorsun bile. Sonra sava\u015f planlar\u0131 ve yeni ba\u015ftan \u00e7izdirip durdu\u011fun haritalar\u0131n \u00fczerinde tekrar ince hesaplara g\u00f6m\u00fcl\u00fcyorsun\u2026\u201d<\/p>","protected":false},"featured_media":19908,"template":"","meta":{"spay_email":""},"product_cat":[168],"product_tag":[],"item":[360],"acf":[],"_links":{"self":[{"href":"https:\/\/mgvpublications.com\/de\/wp-json\/wp\/v2\/product\/19909"}],"collection":[{"href":"https:\/\/mgvpublications.com\/de\/wp-json\/wp\/v2\/product"}],"about":[{"href":"https:\/\/mgvpublications.com\/de\/wp-json\/wp\/v2\/types\/product"}],"wp:featuredmedia":[{"embeddable":true,"href":"https:\/\/mgvpublications.com\/de\/wp-json\/wp\/v2\/media\/19908"}],"wp:attachment":[{"href":"https:\/\/mgvpublications.com\/de\/wp-json\/wp\/v2\/media?parent=19909"}],"wp:term":[{"taxonomy":"product_cat","embeddable":true,"href":"https:\/\/mgvpublications.com\/de\/wp-json\/wp\/v2\/product_cat?post=19909"},{"taxonomy":"product_tag","embeddable":true,"href":"https:\/\/mgvpublications.com\/de\/wp-json\/wp\/v2\/product_tag?post=19909"},{"taxonomy":"item","embeddable":true,"href":"https:\/\/mgvpublications.com\/de\/wp-json\/wp\/v2\/item?post=19909"}],"curies":[{"name":"wp","href":"https:\/\/api.w.org\/{rel}","templated":true}]}}